{"id":102515,"date":"2025-11-03T11:42:42","date_gmt":"2025-11-03T11:42:42","guid":{"rendered":"https:\/\/e.kosmolat.eu\/?post_type=product&#038;p=102515"},"modified":"2026-04-23T13:10:31","modified_gmt":"2026-04-23T13:10:31","slug":"fj-dusas-zeleja-rabarb-un-dzerv-473-ml","status":"publish","type":"product","link":"https:\/\/e.kosmolat.eu\/lv\/product\/fj-dusas-zeleja-rabarb-un-dzerv-473-ml\/","title":{"rendered":"FJ Du\u0161as \u017eeleja Rabarb. un dz\u0113rv., 473 ml"},"content":{"rendered":"<p>Ar arg\u0101na e\u013c\u013cu. Du\u0161as \u017eeleja saudz\u012bgi att\u012bra un kopj \u0101du, ap\u0146emot to ar maigu arom\u0101tu. Dermatolo\u0123iski p\u0101rbaud\u012bts. <\/p>\n<p>Lieto\u0161ana: uzkl\u0101t uz mitras \u0101das, saputot un noskalot ar \u016bdeni.<\/p>\n<p>Piesardz\u012bbas pas\u0101kumi: iesp\u0113jama individu\u0101la jut\u012bba pret atsevi\u0161\u0137\u0101m sast\u0101vda\u013c\u0101m.<\/p>\n<p>Uzglab\u0101\u0161ana: no +5 \u00b0C l\u012bdz +25 \u00b0C.<\/p>\n<p>Der\u012bguma termi\u0146\u0161: 30 m\u0113ne\u0161i no izgatavo\u0161anas datuma.<\/p>\n","protected":false},"excerpt":{"rendered":"<p>Ar arg\u0101na e\u013c\u013cu. Du\u0161as \u017eeleja saudz\u012bgi att\u012bra un kopj \u0101du, ap\u0146emot to ar maigu arom\u0101tu. Dermatolo\u0123iski p\u0101rbaud\u012bts. Lieto\u0161ana: uzkl\u0101t uz mitras \u0101das, saputot un noskalot ar \u016bdeni. Piesardz\u012bbas pas\u0101kumi: iesp\u0113jama individu\u0101la jut\u012bba pret atsevi\u0161\u0137\u0101m sast\u0101vda\u013c\u0101m. Uzglab\u0101\u0161ana: no +5 \u00b0C l\u012bdz +25 \u00b0C. Der\u012bguma termi\u0146\u0161: 30 m\u0113ne\u0161i no izgatavo\u0161anas datuma.<\/p>\n","protected":false},"featured_media":102519,"template":"","meta":[],"product_cat":[1280],"product_tag":[],"class_list":{"0":"post-102515","1":"product","2":"type-product","3":"status-publish","4":"has-post-thumbnail","6":"product_brand-elfa_ua","7":"product_cat-dusas-zelejas-un-dusas-ellas","9":"first","10":"instock","11":"taxable","12":"shipping-taxable","13":"product-type-simple"},"_links":{"self":[{"href":"https:\/\/e.kosmolat.eu\/lv\/wp-json\/wp\/v2\/product\/102515","targetHints":{"allow":["GET"]}}],"collection":[{"href":"https:\/\/e.kosmolat.eu\/lv\/wp-json\/wp\/v2\/product"}],"about":[{"href":"https:\/\/e.kosmolat.eu\/lv\/wp-json\/wp\/v2\/types\/product"}],"wp:featuredmedia":[{"embeddable":true,"href":"https:\/\/e.kosmolat.eu\/lv\/wp-json\/wp\/v2\/media\/102519"}],"wp:attachment":[{"href":"https:\/\/e.kosmolat.eu\/lv\/wp-json\/wp\/v2\/media?parent=102515"}],"wp:term":[{"taxonomy":"product_cat","embeddable":true,"href":"https:\/\/e.kosmolat.eu\/lv\/wp-json\/wp\/v2\/product_cat?post=102515"},{"taxonomy":"product_tag","embeddable":true,"href":"https:\/\/e.kosmolat.eu\/lv\/wp-json\/wp\/v2\/product_tag?post=102515"}],"curies":[{"name":"wp","href":"https:\/\/api.w.org\/{rel}","templated":true}]}}