{"id":102499,"date":"2025-11-03T11:20:55","date_gmt":"2025-11-03T11:20:55","guid":{"rendered":"https:\/\/e.kosmolat.eu\/?post_type=product&#038;p=102499"},"modified":"2026-04-22T13:10:21","modified_gmt":"2026-04-22T13:10:21","slug":"fj-dusas-zeleja-ziemas-kirsi-473-ml","status":"publish","type":"product","link":"https:\/\/e.kosmolat.eu\/lv\/product\/fj-dusas-zeleja-ziemas-kirsi-473-ml\/","title":{"rendered":"FJ Du\u0161as \u017eeleja Ziemas \u0137ir\u0161i, 473 ml"},"content":{"rendered":"<p>Ar \u0161\u012b sviestu. Ar \u0161\u012b sviestu. Kopj \u0101du un pie\u0161\u0137ir tai juteklisku pievilc\u012bbu. Dermatolo\u0123iski p\u0101rbaud\u012bts.<\/p>\n<p>Lieto\u0161ana: uzkl\u0101t uz mitras \u0101das, saputot un noskalot ar \u016bdeni.<\/p>\n<p>Piesardz\u012bbas pas\u0101kumi: iesp\u0113jama individu\u0101la jut\u012bba pret atsevi\u0161\u0137\u0101m sast\u0101vda\u013c\u0101m.<\/p>\n<p>Uzglab\u0101\u0161ana: no +5 \u00b0C l\u012bdz +25 \u00b0C.<\/p>\n<p>Der\u012bguma termi\u0146\u0161: 30 m\u0113ne\u0161i no izgatavo\u0161anas datuma.<\/p>\n","protected":false},"excerpt":{"rendered":"<p>Ar \u0161\u012b sviestu. Ar \u0161\u012b sviestu. Kopj \u0101du un pie\u0161\u0137ir tai juteklisku pievilc\u012bbu. Dermatolo\u0123iski p\u0101rbaud\u012bts. Lieto\u0161ana: uzkl\u0101t uz mitras \u0101das, saputot un noskalot ar \u016bdeni. Piesardz\u012bbas pas\u0101kumi: iesp\u0113jama individu\u0101la jut\u012bba pret atsevi\u0161\u0137\u0101m sast\u0101vda\u013c\u0101m. Uzglab\u0101\u0161ana: no +5 \u00b0C l\u012bdz +25 \u00b0C. Der\u012bguma termi\u0146\u0161: 30 m\u0113ne\u0161i no izgatavo\u0161anas datuma.<\/p>\n","protected":false},"featured_media":102503,"template":"","meta":[],"product_cat":[1999],"product_tag":[],"class_list":{"0":"post-102499","1":"product","2":"type-product","3":"status-publish","4":"has-post-thumbnail","6":"product_brand-elfa_ua","7":"product_cat-bez-kategorijas","9":"first","10":"instock","11":"taxable","12":"shipping-taxable","13":"product-type-simple"},"_links":{"self":[{"href":"https:\/\/e.kosmolat.eu\/lv\/wp-json\/wp\/v2\/product\/102499","targetHints":{"allow":["GET"]}}],"collection":[{"href":"https:\/\/e.kosmolat.eu\/lv\/wp-json\/wp\/v2\/product"}],"about":[{"href":"https:\/\/e.kosmolat.eu\/lv\/wp-json\/wp\/v2\/types\/product"}],"wp:featuredmedia":[{"embeddable":true,"href":"https:\/\/e.kosmolat.eu\/lv\/wp-json\/wp\/v2\/media\/102503"}],"wp:attachment":[{"href":"https:\/\/e.kosmolat.eu\/lv\/wp-json\/wp\/v2\/media?parent=102499"}],"wp:term":[{"taxonomy":"product_cat","embeddable":true,"href":"https:\/\/e.kosmolat.eu\/lv\/wp-json\/wp\/v2\/product_cat?post=102499"},{"taxonomy":"product_tag","embeddable":true,"href":"https:\/\/e.kosmolat.eu\/lv\/wp-json\/wp\/v2\/product_tag?post=102499"}],"curies":[{"name":"wp","href":"https:\/\/api.w.org\/{rel}","templated":true}]}}