{"id":102443,"date":"2025-11-03T09:24:14","date_gmt":"2025-11-03T09:24:14","guid":{"rendered":"https:\/\/e.kosmolat.eu\/?post_type=product&#038;p=102443"},"modified":"2026-04-10T13:46:49","modified_gmt":"2026-04-10T13:46:49","slug":"fj-vannas-sals-karaliska-papaija-700-g","status":"publish","type":"product","link":"https:\/\/e.kosmolat.eu\/lv\/product\/fj-vannas-sals-karaliska-papaija-700-g\/","title":{"rendered":"FJ Vannas s\u0101ls Karalisk\u0101 papaija, 700 g"},"content":{"rendered":"<p>Ar \u0161\u012b sviestu. Viegli iz\u0161\u0137\u012bst \u016bden\u012b, pal\u012bdz \u0101tri mazin\u0101t nogurumu, piepilda gaisu ar valdzino\u0161u arom\u0101tu, kas rada romantisku noska\u0146u.<\/p>\n<p>Lieto\u0161ana: iz\u0161\u0137\u012bdin\u0101t 100-150 g s\u0101ls vann\u0101 ar siltu \u016bdeni. Vannoties 15-20 min\u016btes, p\u0113c tam noskalot \u0101du ar siltu \u016bdeni.<\/p>\n<p>Uzglab\u0101\u0161ana: no +5 \u00b0C l\u012bdz +25 \u00b0C.<\/p>\n<p>Der\u012bguma termi\u0146\u0161: 36 m\u0113ne\u0161i no izgatavo\u0161anas datuma.<\/p>\n","protected":false},"excerpt":{"rendered":"<p>Ar \u0161\u012b sviestu. Viegli iz\u0161\u0137\u012bst \u016bden\u012b, pal\u012bdz \u0101tri mazin\u0101t nogurumu, piepilda gaisu ar valdzino\u0161u arom\u0101tu, kas rada romantisku noska\u0146u. Lieto\u0161ana: iz\u0161\u0137\u012bdin\u0101t 100-150 g s\u0101ls vann\u0101 ar siltu \u016bdeni. Vannoties 15-20 min\u016btes, p\u0113c tam noskalot \u0101du ar siltu \u016bdeni. Uzglab\u0101\u0161ana: no +5 \u00b0C l\u012bdz +25 \u00b0C. Der\u012bguma termi\u0146\u0161: 36 m\u0113ne\u0161i no izgatavo\u0161anas datuma.<\/p>\n","protected":false},"featured_media":102447,"template":"","meta":[],"product_cat":[1612],"product_tag":[],"class_list":{"0":"post-102443","1":"product","2":"type-product","3":"status-publish","4":"has-post-thumbnail","6":"product_brand-elfa_ua","7":"product_cat-putos-druska-vonios-bombos","9":"first","10":"instock","11":"taxable","12":"shipping-taxable","13":"product-type-simple"},"_links":{"self":[{"href":"https:\/\/e.kosmolat.eu\/lv\/wp-json\/wp\/v2\/product\/102443","targetHints":{"allow":["GET"]}}],"collection":[{"href":"https:\/\/e.kosmolat.eu\/lv\/wp-json\/wp\/v2\/product"}],"about":[{"href":"https:\/\/e.kosmolat.eu\/lv\/wp-json\/wp\/v2\/types\/product"}],"wp:featuredmedia":[{"embeddable":true,"href":"https:\/\/e.kosmolat.eu\/lv\/wp-json\/wp\/v2\/media\/102447"}],"wp:attachment":[{"href":"https:\/\/e.kosmolat.eu\/lv\/wp-json\/wp\/v2\/media?parent=102443"}],"wp:term":[{"taxonomy":"product_cat","embeddable":true,"href":"https:\/\/e.kosmolat.eu\/lv\/wp-json\/wp\/v2\/product_cat?post=102443"},{"taxonomy":"product_tag","embeddable":true,"href":"https:\/\/e.kosmolat.eu\/lv\/wp-json\/wp\/v2\/product_tag?post=102443"}],"curies":[{"name":"wp","href":"https:\/\/api.w.org\/{rel}","templated":true}]}}