{"id":102339,"date":"2025-10-31T15:06:04","date_gmt":"2025-10-31T15:06:04","guid":{"rendered":"https:\/\/e.kosmolat.eu\/?post_type=product&#038;p=102339"},"modified":"2026-04-20T05:51:10","modified_gmt":"2026-04-20T05:51:10","slug":"fj-vannas-sals-pasiflora-un-tiare-700-g","status":"publish","type":"product","link":"https:\/\/e.kosmolat.eu\/lv\/product\/fj-vannas-sals-pasiflora-un-tiare-700-g\/","title":{"rendered":"FJ Vannas s\u0101ls Pasiflora un tiare, 700 g"},"content":{"rendered":"<p>Ar makad\u0101mijas e\u013c\u013cu. S\u0101ls viegli iz\u0161\u0137\u012bst \u016bden\u012b, piepildot gaisu ar svaigu, eksotisku arom\u0101tu, kas rada relaks\u0101cijas atmosf\u0113ru. Veg\u0101nisks produkts.<\/p>\n<p>Lieto\u0161ana: iz\u0161\u0137\u012bdin\u0101t 100-150 g s\u0101ls vann\u0101 ar siltu \u016bdeni. Vannoties 15-20 min\u016btes, p\u0113c tam noskalot \u0101du ar siltu \u016bdeni.<\/p>\n<p>Uzglab\u0101\u0161ana: no +5 \u00b0C l\u012bdz +25 \u00b0C.<\/p>\n<p>Der\u012bguma termi\u0146\u0161: 36 m\u0113ne\u0161i no izgatavo\u0161anas datuma.<\/p>\n","protected":false},"excerpt":{"rendered":"<p>Ar makad\u0101mijas e\u013c\u013cu. S\u0101ls viegli iz\u0161\u0137\u012bst \u016bden\u012b, piepildot gaisu ar svaigu, eksotisku arom\u0101tu, kas rada relaks\u0101cijas atmosf\u0113ru. Veg\u0101nisks produkts. Lieto\u0161ana: iz\u0161\u0137\u012bdin\u0101t 100-150 g s\u0101ls vann\u0101 ar siltu \u016bdeni. Vannoties 15-20 min\u016btes, p\u0113c tam noskalot \u0101du ar siltu \u016bdeni. Uzglab\u0101\u0161ana: no +5 \u00b0C l\u012bdz +25 \u00b0C. Der\u012bguma termi\u0146\u0161: 36 m\u0113ne\u0161i no izgatavo\u0161anas datuma.<\/p>\n","protected":false},"featured_media":102343,"template":"","meta":[],"product_cat":[1610],"product_tag":[],"class_list":{"0":"post-102339","1":"product","2":"type-product","3":"status-publish","4":"has-post-thumbnail","6":"product_brand-elfa_ua","7":"product_cat-vannas-putas-sali-bumbas","9":"first","10":"instock","11":"taxable","12":"shipping-taxable","13":"product-type-simple"},"_links":{"self":[{"href":"https:\/\/e.kosmolat.eu\/lv\/wp-json\/wp\/v2\/product\/102339","targetHints":{"allow":["GET"]}}],"collection":[{"href":"https:\/\/e.kosmolat.eu\/lv\/wp-json\/wp\/v2\/product"}],"about":[{"href":"https:\/\/e.kosmolat.eu\/lv\/wp-json\/wp\/v2\/types\/product"}],"wp:featuredmedia":[{"embeddable":true,"href":"https:\/\/e.kosmolat.eu\/lv\/wp-json\/wp\/v2\/media\/102343"}],"wp:attachment":[{"href":"https:\/\/e.kosmolat.eu\/lv\/wp-json\/wp\/v2\/media?parent=102339"}],"wp:term":[{"taxonomy":"product_cat","embeddable":true,"href":"https:\/\/e.kosmolat.eu\/lv\/wp-json\/wp\/v2\/product_cat?post=102339"},{"taxonomy":"product_tag","embeddable":true,"href":"https:\/\/e.kosmolat.eu\/lv\/wp-json\/wp\/v2\/product_tag?post=102339"}],"curies":[{"name":"wp","href":"https:\/\/api.w.org\/{rel}","templated":true}]}}