{"id":102307,"date":"2025-10-31T10:48:20","date_gmt":"2025-10-31T10:48:20","guid":{"rendered":"https:\/\/e.kosmolat.eu\/product\/skinlite-sheet-mask-multivitamin-complex-1sheet\/"},"modified":"2026-04-01T16:14:21","modified_gmt":"2026-04-01T16:14:21","slug":"skinlite-aud-sejas-maska-multivit-komplekss-1-gab-15-g","status":"publish","type":"product","link":"https:\/\/e.kosmolat.eu\/lv\/product\/skinlite-aud-sejas-maska-multivit-komplekss-1-gab-15-g\/","title":{"rendered":"Skinlite Aud. sejas maska Multivit. komplekss, 1 gab., 15 g"},"content":{"rendered":"<p>Auduma maska ar bag\u0101t\u012bgu vitam\u012bnu un dab\u012bgo ekstraktu kompleksu nodro\u0161ina pilnv\u0113rt\u012bgu sejas \u0101das kop\u0161anu un baro\u0161anu. A vitam\u012bns samazina pigment\u0101ciju, izl\u012bdzina grumbas, atjauno un atjaunina \u0101du. B grupas vitam\u012bni atjauno epidermas aizsargfunkcijas, stiprina \u0101das imunit\u0101ti un nomierina to. C vitam\u012bns aizsarg\u0101 \u0161\u016bnas no br\u012bvo radik\u0101\u013cu kait\u012bg\u0101s iedarb\u012bbas, pal\u012bdz c\u012bn\u012bties ar oksidat\u012bvo stresu un nov\u0113r\u0161 priek\u0161laic\u012bgu \u0101das noveco\u0161anos. E vitam\u012bns samazina grumbu dzi\u013cumu, stimul\u0113 kolag\u0113na sint\u0113zi, nov\u0113r\u0161 pigment\u0101ciju, pal\u012bdz saglab\u0101t mitrumu, pie\u0161\u0137ir gludumu un tvirtumu. Opuncijas un an\u012bsa ekstrakti nomierina un m\u012bkstina \u0101du, nodro\u0161ina antioksidanta iedarb\u012bbu. Kolag\u0113ns un vara tripept\u012bds-1 savelk un izl\u012bdzina grumbas, uzlabo elast\u012bbu un tvirtumu, nodro\u0161inot liftinga efektu.<\/p>\n<p>Lieto\u0161ana: Uzkl\u0101jiet masku uz att\u012br\u012btas sejas \u0101das, atst\u0101jiet uz 15\u201320 min\u016bt\u0113m, p\u0113c tam no\u0146emiet. Ar viegl\u0101m plaukst\u0113jo\u0161\u0101m kust\u012bb\u0101m iemas\u0113jiet atliku\u0161o serumu \u0101d\u0101. Nenoskalojiet. Masku var lietot jebkur\u0101 laik\u0101: no r\u012bta \u2013 p\u0113c miega, dien\u0101 \u2013 pirms svar\u012bga notikuma, vakar\u0101 \u2013 pirms randi\u0146a.<\/p>\n<p>Br\u012bdin\u0101jums: Satur A vitam\u012bnu. L\u016bgums pirms lieto\u0161anas p\u0101rdom\u0101t savu dienas devu.<\/p>\n<p>Piesardz\u012bbas pas\u0101kumi:<br \/>\n1. Izvair\u012bties no lieto\u0161anas uz boj\u0101tas, kairin\u0101tas vai saul\u0113 apdegu\u0161as \u0101das.<br \/>\n2. Nelietot produktu, ja ir jut\u012bba pret k\u0101du no sast\u0101vda\u013c\u0101m. Ja maskas lieto\u0161anas laik\u0101 rodas aps\u0101rtums vai kairin\u0101jums, p\u0101rtraukt lieto\u0161anu un v\u0113rsties pie \u0101rsta.<br \/>\n3. Izvair\u012bties no saskares ar ac\u012bm. Ja produkts iek\u013c\u016bst ac\u012bs, nekav\u0113joties izskalot ar t\u012bru \u016bdeni.<br \/>\n4. Uzglab\u0101t b\u0113rniem nepieejam\u0101 viet\u0101, temperat\u016br\u0101 no 0\u00b0C l\u012bdz +25\u00b0C. Izvair\u012bties no tie\u0161iem saules stariem.<br \/>\n5. Tikai \u0101r\u012bgai lieto\u0161anai. Nenor\u012bt!<\/p>\n<p>Der\u012bguma termi\u0146\u0161: 3 gadi no izgatavo\u0161anas datuma.<\/p>\n","protected":false},"excerpt":{"rendered":"<p>Auduma maska ar bag\u0101t\u012bgu vitam\u012bnu un dab\u012bgo ekstraktu kompleksu nodro\u0161ina pilnv\u0113rt\u012bgu sejas \u0101das kop\u0161anu un baro\u0161anu. A vitam\u012bns samazina pigment\u0101ciju, izl\u012bdzina grumbas, atjauno un atjaunina \u0101du. B grupas vitam\u012bni atjauno epidermas aizsargfunkcijas, stiprina \u0101das imunit\u0101ti un nomierina to. C vitam\u012bns aizsarg\u0101 \u0161\u016bnas no br\u012bvo radik\u0101\u013cu kait\u012bg\u0101s iedarb\u012bbas, pal\u012bdz c\u012bn\u012bties ar oksidat\u012bvo stresu un nov\u0113r\u0161 priek\u0161laic\u012bgu [&#8230;]\n","protected":false},"featured_media":102311,"template":"","meta":[],"product_cat":[1999],"product_tag":[],"class_list":{"0":"post-102307","1":"product","2":"type-product","3":"status-publish","4":"has-post-thumbnail","6":"product_brand-skinlite","7":"product_cat-bez-kategorijas","9":"first","10":"instock","11":"taxable","12":"shipping-taxable","13":"product-type-simple"},"_links":{"self":[{"href":"https:\/\/e.kosmolat.eu\/lv\/wp-json\/wp\/v2\/product\/102307","targetHints":{"allow":["GET"]}}],"collection":[{"href":"https:\/\/e.kosmolat.eu\/lv\/wp-json\/wp\/v2\/product"}],"about":[{"href":"https:\/\/e.kosmolat.eu\/lv\/wp-json\/wp\/v2\/types\/product"}],"wp:featuredmedia":[{"embeddable":true,"href":"https:\/\/e.kosmolat.eu\/lv\/wp-json\/wp\/v2\/media\/102311"}],"wp:attachment":[{"href":"https:\/\/e.kosmolat.eu\/lv\/wp-json\/wp\/v2\/media?parent=102307"}],"wp:term":[{"taxonomy":"product_cat","embeddable":true,"href":"https:\/\/e.kosmolat.eu\/lv\/wp-json\/wp\/v2\/product_cat?post=102307"},{"taxonomy":"product_tag","embeddable":true,"href":"https:\/\/e.kosmolat.eu\/lv\/wp-json\/wp\/v2\/product_tag?post=102307"}],"curies":[{"name":"wp","href":"https:\/\/api.w.org\/{rel}","templated":true}]}}