{"id":102287,"date":"2025-10-30T15:42:46","date_gmt":"2025-10-30T15:42:46","guid":{"rendered":"https:\/\/e.kosmolat.eu\/product\/sano-jet-d-vannas-istabas-tiris-putas-ar-citronsk-1-l\/"},"modified":"2026-03-16T10:13:39","modified_gmt":"2026-03-16T10:13:39","slug":"sano-jet-d-vannas-istabas-tiris-putas-ar-citronsk-1-l","status":"publish","type":"product","link":"https:\/\/e.kosmolat.eu\/lv\/product\/sano-jet-d-vannas-istabas-tiris-putas-ar-citronsk-1-l\/","title":{"rendered":"Sano Jet D. Vannas istabas t\u012br\u012b\u0161. putas ar citronsk., 1 l"},"content":{"rendered":"<p>Att\u012bra un pie&scaron;\u0137ir sp\u012bdumu vannas istabas virsm\u0101m, nesaskr\u0101p\u0113jot t\u0101s. Piem\u0113rots porcel\u0101na un keramikas virsm\u0101m, emaljai (kas nav jut\u012bga pret sk\u0101b\u0113m), k\u0101 ar\u012b akrila vann\u0101m un izlietn\u0113m, ner\u016bs\u0113jo&scaron;ajam t\u0113raudam, hromam, ni\u0137elim un stiklam. Efekt\u012bvi no\u0146em ka\u013c\u0137akmens nogulsnes, r\u016bsu, ziepju nos\u0113dumus un net\u012brumus no vannas un santehnikas.<\/p>\n<p><strong>Lieto&scaron;anas instrukcija:<\/strong> Pirms lieto&scaron;anas p\u0101rbaudiet l\u012bdzekli neliel\u0101, maz paman\u0101m\u0101 viet\u0101. Pagrieziet uzgali poz\u012bcij\u0101 &laquo;ON&raquo;. Vienm\u0113r\u012bgi izsmidziniet uz t\u012br\u0101m\u0101s virsmas. Atst\u0101jiet ne ilg\u0101k k\u0101 uz 1&ndash;2 min\u016bt\u0113m. Noslaukiet ar mitru s\u016bkli vai dr\u0101nu. Nelietojiet abraz\u012bvus vai met\u0101la s\u016bk\u013cus. R\u016bp\u012bgi noskalojiet ar \u016bdeni un noslaukiet virsmu l\u012bdz t\u0101 ir sausa. Ja nepiecie&scaron;ams, atk\u0101rtojiet t\u012br\u012b&scaron;anu. P\u0113c lieto&scaron;anas cie&scaron;i aizveriet pudeli, pagrie\u017eot uzgali poz\u012bcij\u0101 &laquo;OFF&raquo;. Noslaukiet pudeli pirms uzglab\u0101&scaron;anas. Nelietojiet ar citiem t\u012br\u012b&scaron;anas l\u012bdzek\u013ciem. Neizsmidziniet uz elektroier\u012bc\u0113m.<\/p>\n<p><strong>Sast\u0101v\u0101:<\/strong> maz\u0101k par 5 % anjonu virsmakt\u012bvo vielu, maz\u0101k par 5 % nejonu virsmakt\u012bvo vielu. Smar\u017eas un arom\u0101tisk\u0101s vielas.<\/p>\n<p>&nbsp;<\/p>\n<p><img decoding=\"async\" alt=\"\" src=\"data:image\/png;base64,iVBORw0KGgoAAAANSUhEUgAAAD0AAAA6CAYAAAF0YGHHAAAAAXNSR0IArs4c6QAAAARnQU1BAACxjwv8YQUAAAAJcEhZcwAAFxEAABcRAcom8z8AAA+DSURBVFhH3ZkJcFRVuoCpeTD1yueUlr55U\/PeSJWgMBqfIItkJXu6k+50ZyN7GgJJIBthh0hkK1AERFZhBFFwZCmEGUTyBDUBng6RRUYiIKCGPSDpfbm37+3uf87\/9+ksZCEJCcP4VXV19z37PedfT58uYRg9DBDn++\/48UdN6EcMpkIfzrnTF\/Ei1nL4s\/yxl6qqKvqWx6bVUgXHytdhyZIl9EHeffdd+gZFIFAFxKSJ8D7kSIogFy9qwjDyj1QoJESc5o9a4xyfupj\/7AbYvWHkc00T83Fj9uT+NDjHMHxwUyWhaGw+Pqyrq6NCpLCwEMzJSm8lMSbI3fwd5ObmwuLFi0E+e6apF1EdUUOlHGHjmtbzsI+Jm4qFJl\/XbWEqzBzAf3YOQ+hwMPi\/AEaAx\/mje8Nm0Rcb3Y1h6DMgLl2SxKu1RirKDTbwM7Vp0yaIjo6GvLw8KCkpgZEjR9KrQ4zhI8FVOuEj3owtPjvxfWOUPxUiX375JWi1Wv7Py2uvvQZPP\/00dejDNmcKCLNKt\/Ju2CGJDb5lLZnAi9vHeWAfeKID2n\/TYkL0FiOXneZYpxeBqI2w8Gr3xpSeqNQPHQjGSH8QUtV7+eOu4czLquI\/u4aUFHXNUpANEDe6\/bW2hVM52mlfvojW7Dp\/FqCjl9UciA0B8eM91NCH26AHOWJkxx1AbDDIp0\/wJnchSWBnR5lXbQlEjQL3z7fBZDLBhg0bQKVSUZv09HQIDw8HnU5H\/813d+BkUwKXC9xuN9y6dQscDgdV9KHRaGDZsmVw9OhR+m\/0dWBh57c5n3zyCf\/VxKBBg6C4uJg+Pky+DgwhQ+Hbc+ca1Sd+UG34UCgU8MMPP8DcuXPpPypIW8XUIdQYMYSNoIJ7off3A\/PWrU\/yZk2gCHaEIXhox9tliXiZV20JahxepWOESNaBS+bNvEqBF3UOT7Q\/uPUNYGUz4Y+6Bh4c\/rNncWgiaukFx4fjyn7NH\/cugjrUjNbeNm8WvU\/5+DE6N6AMAk915R94tZ7FFR8GhsAXwbF5PQ16N65rV5jZGAieyFHgWLkkhDfrPsayssdBEQSGUX7gPPw5H6ZjPIID0CyJTGikxa8W8a46j6F8xouoAA0vPUsrOsdE98yZMyS248ePh5kzZ8IHH3xA2gdN14EDB2DBggVQXl4Ob7\/9Nnz00Uc0ETSqNiYf4oySP\/Gu20fMz9K42BFH4+Exm6gDxGw2w4cffsj\/tQ\/WQyIiImD37t0we\/Zs+m9SBIMxbDjIBVmH+VBN2HIS5jmYWjQE\/C9Vbg7q0kOHDlFnarWaP20bg8EAZ8+ehYKCgkb12Rzz+AzSFFJW4lU+NFoAtq9M7zje+xNV2rhxI8pn4ycsLAz8\/f1bPGtOYmIi6es5c+bQ\/+xsZvjawHW5jtw8YB4H66MloiLErkcxmjuNV+86Ho+H\/2pCOsHFkXnHt8rLf8eHaxspLuySkZ1Wy7gxvHn3ELdvBUPQEDL\/noMH\/4N33zkcmqhKM9NiRiZuXcG2YA6QIooOEHlX3UdOVr5mYwoeffeOsORnsVPN5FsbdoU37TnMqSqdxDSYYdgg8DhFPiQTJfZaTewNiSmxx3jV3uNOTvoIiPFnSsQPbGxQW6pqNS96MFyfU\/yk3DxCfBBYK2b5QUwAWEKHgTiz5G3+uHexFOaGephzYBj1PJg0kWBm6lKanL+HF\/cOxtyUFJlpJDKXVov3gCmDwcROtVyQc5RX61mkibqJThSvYc+g2qJBfZiSlExHjwDXhHRvwN9TSNlJFWhkjGRkWqtKBOWZDES25hpvdn+ImZq1NrRszFu5F9ayiTS4MyXezJt3DyE7Ybc5fAQL\/tp2ltvCNn8O6ENeAiFZIfNuuoaYrDiCh8aUrOBddh7HhlVkgj3aqNamsSPsCdFn0eU1Z2iooyNHjsCOHTvIFmMg9sorr5CrlJWVBRcuXIDly5eTR4Iu1MGDB+Hmz3dA\/OBdr7Xyus39eNftIyUrruI+WSbm0KBIRkYGbN68mXIN8fHxFMShD4bh1Lhx4yg69PPzA6VSSc4CRo2IVLmP\/DNQhcKd8+d\/w4dojawKbSDz9upMaugjKioKnE4n\/9c2X331FQtlJVo9RptffPEFiKII8okaMLzMLByTd\/uuXf\/Dh2pCUgULhtEvgW3pAt4VExGLV0mkpaXR9507d+i7LWpqaiA1NRVqa2uhsrKStsKHXPt35h4zz4R5uM6d217gQ7L4WB3qacu537JlC7m4\/fv3h8jIyHuuuqKigjxWfNUNDQ38qRf3lTrQD3sWgEmIddOq3\/XBcMXAjr9UfYhXacmjjz5K3x15oBjM4znIycmBwYMHkyNZVFQEP\/30E6\/hxcO2wBDIlJA6DPrYUxTLydNgkYUP9hIaP4899hgN2rdv38ZnoaGhvCaTW5sNMjMzYdGiRXTC33rrLTh16hQvbYmlIIfiXVt20hrWDzNzyXFTMSCm7JkstUgMtPXZvn0778oL7v1TTz1FLvCVK1dg3759kJ+fD9euXeM1mM+dEuvNvCVE1tCgPqypqiwJzR3uwz32siMwj3I3ptgQ8svEpNi\/8eFaImepI90szDG89Ay4G37mze4PI\/PVMCsgpal28WHaxpST7PWphg8C148XefPugcrDyl6vIzW+c37Z7XzdQFCwqJJFBfJ33\/JuugB73XhebMzAmMemLOXddo6bpaW\/BWUg6JlfLf2\/N7PfKZi2wglL7LAK49Mn8e66xo358x\/BYE\/PHABxzw7ec\/t4jHpyi2S2r+ZJOg3vpnvMB\/gVRZrM0gjM4rSH++plkghMXFqn5Efx5vePMybYrQ8ZCvaVr\/OhmnCdP9cYJXrKS5\/nTXoOZ2ygjawXC9J8yF9\/BXQVxPzshvmzeidThDhVwfVor60zS0GqOkQig1k8Uvy9jaQOvWBg8onuDahGw42TJx\/hRb2PrA0\/xl79\/cfDDwph\/pwBrvS4Y8BOv1sdDs7ZZcvZUfkVL\/5lYSoeP0JOir6AAoCZdYz7UD1YWNyH\/qAwueDP5z2e9n3CfyVsM4qUTk1EPQW4bLGYX7ROLwSP3Qbyl0fIeKJgmnDxscwfLdQdsp048nve\/F8Lc26GzqkNs0kY+TG1h\/bSvrAcPMyM3Y18sgZMiTGkCjFBCjGBIOdnnRQP7B3Eu3u4kTITpzqVo93oSOqZlkOvBgO65rcs7eH66QcWu2nJF8d7LsyNyrmpF6XNG0fw7h8e0ITL41Jfx+OJqTA9k1VMiwl\/3sKX0zXc9TcphsTTgfbJzU6LnKmtF95aoeBD\/vO48fHHj0jp8VvQZuHFo54pJ5RR8cBf+fTvD4\/RALaKGXS7jyIiMXdSTo212JYt0vEpPDgsu3b91jlGUYn+D+ae9cwXwgsLiclmryDLYF+6kEQFo04BM33aSJc4b\/ZMPqXe4\/aMGQPFMeoaNDsYI6Hjh0kb17laPrvWYPbg\/PnzdM2EV07vvPMOHDt2jMrwomXKlCmwdOlS2LZtG+zZs4fK6urq2ozNEGHTejAybW8IepFu2EEbCbaZk9+sBujLp9kz2KcUjJASIi\/RYtlAGO9ZJurAdbkpJq+tPQMhISGwatUqWL9+PUW51dXVtGCr1UrRLC7m4sWLMGnSJHjzzTehpKQE1q1bRwmJy5cvU\/R76dIlqnv9+nU4fPgw7N+\/H1asWAEpKSlw8+ZNPhqLdT\/eA8ZApjtYHGLBxavDQJpasO02wKN82t1DKMmNkpmNdXMbi4u1luW3uMdrDmbF+vXrB0OGDKE0DWZMVq5cSRPHxeB1Wns7aLfb4fbt2\/DNN9\/QS3jjjTfoQjI6OhqeeOIJKCsr4zW92Fh97En6\/P9Ij+iZ4sQEN8SFgKtQdwC+\/\/4\/+TI6h2NsSpZTE2aXWMSNiUs8xjaysYJ3xDY4ceIEJVC2bt3Kn3QfPAWY2SsuLqb\/mJ7SarW0+3l5eXQTW1paSmU+5JNfg0kbxTT+H722nukbV17W10Jl5UDvqtrBrkueKiqCW9rYjauZGm29O4IgUN7z22+9wT0e28mTJ1MO7LPPPqOyTz\/9lMq6iswU19q1aynFuWbNGvodFBREmcWYmBh61h5k69M1dJ2Fp5Ns\/bjkC\/btW1vaevu4tBU+G4thE+bKhG2beTft8+OPP8KAAQPo6hmPJMqoTqejFBrKanc5fvw47Sjm8nbu3EnKDY87ZsSuXr3Ka3WM++Z1sBSOY6f0OVK6wETUOTl\/nXfBaer30e2zMBuI6VZjdACI+\/\/Cmzbx3XffUX4PFdXq1avp41NamAPEa3KkqqqKdqJ5PfygMtq7dy\/VuRuXy0XtMEWLO4naHBPVmFFHbY\/pXlSCCGZUUetjph2Tnh3habgD1mlFdAGCfgRm\/MS8zLW0cMSSpJznVAZ7HJgExd1++TlwrFvJmwNs2LChMfHZ3Q8e0bbAG\/PTp0\/DmDFjICAggLL3Y8eOpePs09j19fWNqWZMtuKOo\/JrCzezKuZM7s7iLmOWISH6inX6pP9i82iNkK7Kd8YFCk6MftjOo8a2LXkVt4N32bvgwlA0UInNmzcPFi5cSFZg2rRppMHfe+89usJAM4gvqznyqeNgSlKQ+4rX0RjZiSmKGkvFrOf48jpGzNJopNjgBheaK2YH8a1ZZ5WCmx2Zhw3pyOdgxGtS\/+fJQ4TYELAmxeyzvzH\/v\/lyuoYjKzlEigu9SnlgtNVMo5snZID7dj0f8p+H85O\/ghFFMeAF72KVwSBkanYxr6hnvDODLvlFuyr0LHllqOXZzpvS4sF18Xs+hQeHsJm5oswTQ1cUdZCTKWJ7VsIKVvRvfLo9y42CnP6COuIIJuFRblDhmeLDQfrbUe+MegkPk3X78sV00vQs4hLZYt2qUBB1KWV8ar1PXVnZ44I2arcv0sJrL\/TLnVUH+TR7Bg9TWHhVijoFw0uRxdZCbKjdNjEnn0\/lwVNdPb+vmKxYi5eNdOfH5IvuA3Zu49PuHu5b9WCZpGtMJGByW1SF3hRKJyj50A8HYkpcBdP4zWz98+BYz2z9XaalI1xX6sCcnUSmktxItlgpMarOmJc5lA\/zcCKkqieKihCn19YPA\/3QZ8C+bFGHd5\/y3095bSzG6ExcPKytnKT82lI+vecvaXoTS4Y22RE32ky2fjSLw4c\/C7ZXpoLHZuVLZTb2aJU3DTyK21gWGtqTFPutS8p7\/56mN7FkJIQ6VcHXPD5bjwvMTQNTXBjlvL02NgiELO2O6rq6f+fNfhlYdel+DnVYrTfdNJJsrBAT6HHmJOHVTj9e7ZfJ9eKcJ8V0dZVtbMos\/ugB0qfPPwD+ebKcnyfxlgAAAABJRU5ErkJggg==\" \/><strong>GHS05 B\u012bstami<\/strong><\/p>\n<p><strong>H318<\/strong> Izraisa nopietnus acu boj\u0101jumus.<\/p>\n<p><img decoding=\"async\" alt=\"\" src=\"data:image\/png;base64,iVBORw0KGgoAAAANSUhEUgAAAD4AAAA+CAYAAAEExpjSAAAAAXNSR0IArs4c6QAAAARnQU1BAACxjwv8YQUAAAAJcEhZcwAAFxEAABcRAcom8z8AAA4LSURBVFhHvVl5bFRVFx+UGlwQ0rgESAFFEc0nfILaskYRKf5NIBhDNCLRhM0QYrQRxA2iBGj4ZKmllG6UEhIWGw2BkKqJJQokRtFAAolgjEBhBqW8KbS93\/n93r133rx5M\/NmaPklL2+775579nPPiyg\/Ojv1hYukAdGJo92L69fds8AOiE4cw3NNTQ3P6sYNnjjAvDx27JiKRCKJQR0dMsAzXZ8+fXgeOXIkz7HpEzQJzyCD6LRinhOLvJEYFJtWoq98XGBh0dIJ+sZF8oAAJA8QIUUnaFloJAZ4JBid8KS+MgO63JeQAQ7ASDUSnTKWF++884565plnVEVFBe8Bp6bSncGMrqqqUhs2bOC1U1vFs12DVZQgXl+tr7yLFEQnjVGO5yWQNMAPzBqd\/JTVbBACJwAlw7kB5edRl0HyEmE2Hnl2yjXEtnr1av1Ej+mI6zs9gf\/DDtiZlvnFixd5vuOOO\/RbFxQa7REQc\/NKEbjtttvUV199xevy8nJVUFDAayD2QrFy6rbxOlkGwqOZaN26dTzWrl3Lc3V1tdhwiajI\/dAgUIhcEQSpERPjNxT9CJ7AQNTn7ND+lwYZJ3CqNumrYKT9GMuNvjje+m0QAj\/mh9qfnQYRmkg7CCkfOzVb7YdXr17lOd5UFzhB0sdOdQWXavD888\/rK5lgZ+oE9mOneotQTHwIS3vooYcY+f79918+80\/Aj0lRop3Bu+++a022uLhYHTp0SL\/RLEx1J4g42ysYJg1uiH5bWlr44ejRo+0kXpgVRCAcp84NHwYYXFRUpI4fP64GDBjA+40bN+q3SnV3SgAVB+OUNHyP\/d59993qyJEjvI7FYqqwsJDXQDfips4Edj0xEZZTn1jBTz\/9pNra2lR9fb1+kqBokMRM7MUJEgG30jWNh5mDkdrnxsmSEEB4Tm2lvtPweZtByscAJojLCggGjtQPgcCPAbIgavQv1Yu0HwOYIBMyfpwJ9DyRA7TU7YmyuSBn4oiHhig06DTg\/r+0tVwXEZq4s71SE5VwEVBsxBtr+B5u0x0Pt4isxJHWwRljlCdfAa+\/\/rq+SoB+i0VgfBZJpCXucirihNF4UnB3d7dqbm7m9dSpU5nvAMdxeDbgIsTEGcLSSCKFOOMiiYoh+fL+33\/\/zTMCzTfffGMjVllZmXruuedUa2sr33vhLmI006CsUD91YYkzpmqifvEaIJODGLjFeejQoWrQoEF2EZWVUnnJOQhGErAZYxORa5vKEzoVkabDww8\/zFjdr18\/lr0g0tTUxHdmMThWrVqlzp07x+dBcBplEVKWxV4o0ZxLEYOQBEPxx3aD06dPWwI4gPb2dp6BOXPm2He\/\/fabfuqBqBBSBfcIvkCyjK5LyBYJQBLe\/GDw559\/MrkgQ\/mxcOFCEv7111\/1Ew3UUiAawFiwgrBKvYi454OdO3eqlStXqg8++EB9\/PHHvP7www\/VJ598oj766CNeb968mWNhrC4j4DRYmsHEDUTHcDV3Ap0lsgF5S6Ifxeur0f3ITFwDXPj1lQKJemZMPE1l6Uco4gbdkAS4giQk8hEkKuINwakfORE36O7qctUhuy0EkGylcDrkRZyQmOBUJsqpfJAf5xA1xS8uacSfB3InjvINhCVK0X+hayl38kFuBmcsGhyjwoPuERkny70kpFwRnrixdFq1x5VkF4win89zXEAo4shCluOAsEt3mz7Rfb8t\/AKyEzcRS\/b1fsJm30OICqJYACUQzgYyE5cyKCqpj0HFR\/i6cPvee+\/pOw0xRjc7igRCGGF64qJjJgYEEdmU+oE+gymhkkAJGBvIvIBg4qJjm5GkNPbi6NGj8jquLly4wBS6bZv7HrWdhaiKNpBlAanEr3dojiVBBIRNpNWZM2eqU6dOkfiQIUP4\/JVXXuHZAhIoneRKbpubZv1IJg6rlkKPK\/aJGjrukgkXLFjAggK53FQueN6\/f3890gNIoFRLoCp1AQni4FjKXHLcWKsfJuORRx5Rb731liWK4\/bbb1ePPfYYF4Qa76+\/\/tKjNSgBWQC8xScBEsc2h5ULVrhjO18EAcTuv\/9+S3jevHn2esqUKeqJJ55QDQ0NerQHRgK+OBBxOdY6li1PEEw1+sADD1hiOFDTjR07NunZvn37ODYFIgFrhHoBEWzwkJedhvQcHz58WK1fv54tZEPE6Liurs4+M51k2Ec6mGR07Yu1KuLUfMkbiAUNh3QwBHBs2rRJ3XfffXy+e\/du9fbbb6t7772XHZ8777yTz4OAhgezoagYIZk6RwsBPs1tb5pVP\/7445b4ihUraFwAfB4w74YPH857P5w6lwYJS00IWGtHTU0JiP7Rq\/Fj\/\/79nPzll19WW7ZsUdeuXdNvFHvRn3\/+Od\/v2rVLP03Azg3m9KKBJD\/nIKxO9OLdmRosXbqUBE6cOKGfuEBrD8+nTZumnySAnADCRtReJBEHUOC7g2WTH2ADMCZwjjCLkArCixYtUj\/\/\/LMekQB1zB1qsDpTiANcgNaP2SZDt++\/\/75avnw5dys4sHPBLuXTTz+lHeDdpUuX3PGUoux6PTr2I5A4wN4LJIA2h3wMjj\/77DN209C3Nr1r77FmzRp1VTad2FhQx77Ggh9piQPYBLgqSO8FfpAwPIeE07sukJE4gB8mrhumGowfKCqpY8nnmTg2yEocwN7LFWN6CRhDxRh\/OyUdQhEH2GLH5Oit+BZggxRdNLOovQhNHDA+i42hWYDbKjMchycM5EQcsEYoemVekDxNHYc0SC9yJg4g58OwkA3JsaTLfJAXcQDb4jDulAl5E88boh7YDiSG+OFs\/zIvld0sbh3jkqPIsMQq2iuaGjgQ\/iWCc4MjFd2tQu8zTg1L7IOGwTByJZxUch6jhq7q+RwWgD5Hnv8tckGvMd4t2kN6Y8tKM4awCGaTTFv81JF6nVtbjMMBC6jeIpuJ3rOAnmccGpa0SkYk7DK9SkHKn+SZgpEUrHGJmvR9RE5xAWxkuLnoBQvoMcaRzBCooi88azUHJqjhXKKvCABpI1bauxZw04yjXmHhJP5JLSG5SgDjzj7Dxmvv3r38yZsWnV3K2VkrsQEC8FhAdUWPCCB\/xlEbSyCiaSIwQTMIWqLhbMXb5cuXuZEfP368On\/+vH6aBmItcQiAvRWhgVghNdzNZoHcGdcaZlqCFqANmLRoONPW2ou2tjY1ffp07usmT56c2kIJAmJAY60bLBE7KACxAAggDwsIz7gEGPhZbGqxZtjVcBwMZ9Hwjh072MJpbGzkvb+Lgo5ah178wYMH1ffff8\/rQEAA+Cmpu2tYC+sA9JpzCILZGUdaAsNoFdGkhRiiNFpG4odhgL9tYHDMmDE085aWFnXXXXdZxtFE27jR\/VGyePFiNWzYMLYWM0JoQwBuGpQ1IbZAAOjyhbCA9IxTwxWMqNQw8\/B4zXDwr2UD7KHRG0EjDl2DV1991TI5adIk9eijj9p7c0A4X3\/9tbrnnnsoFPwXB5IauUFADGgSAcwwMQBBUAvA95\/ci1TGZdFx8ZuED4NhMWkwnMNuBM0BMAQzfu211+yvbnP07ds36Xe390AD+ZdffmHkHzVqlGptbdWzZoCsDTHAzQJP0goQBOOsA1ItIME4orQwbDUMhuHD6HR7K62QqK6uJnNBjOGAOf\/4449s4XifQ0BDhw5NauuiuxYasIBdDVIHJLKALYR0mxCI0KQtwzJo8lM0Gza6c9AwTBKmjVYQOu7\/\/POPmjFjRhJT3uPNN9+0Zrxs2bLAMTjQ6zxz5gzHYd7Q6JIg2FSvYi9NcZusyARwAQrAURHnyy\/cFAEtY7ekq62gnmc2XLlyRZWUlNBPZ82apd544w12\/cEAnqEBj+uioiL1+++\/66+Uam5utmb\/9NNPs1uM6+LiYvp9eXm5qq2tze7vPnQL89wIodbw7gQr\/qdNHVtGFCNmywgzR47EH\/+QudkAfllQUMCFe48HH3yQpo226JIlS9QPP\/ygv1Dq22+\/VZs3u788qqqqUr7HfVADOS1QPsvuz\/JDcxeGZdNk+EkKbvi1gi4WU4TxcwhAtpVhG0vofM+dO9cuGn4+btw4+jT+ihw4cECPTMXWrVvVwIEDObawsNDOga66aednAkpZMsxqUtYPDcOChSf88PYiOJ1BYugfQmLcYbmpDE2vbKkMaG9vV\/Pnz7cLHzx4sPruu+\/4rlO+D\/JVPIcpO5KCZs+encQ0mugZId9ibWQYGsaaoTDhAbwEIZhxA24xtcl4LUCkGqaZiny+Z88e\/tfE3x\/U53AF\/PH1++vJkyc5DsyOGDFClZWVqbNnz+q3weAGyWvSVJBmOEsmysy4ASSKRi4JuFUSJSouEMYCvIC2UZ56tQ4hQKvQehBSgho1rC2SDGM9YpGMSeHWE45xA1iASJhR0mcBXgkjlZWWllpzvZkD\/n72jz\/ciTV9q2GsAS7oox8GuTFuIFLF5gSbFEqbEoeJSdQMGQRzAnwfaclqWA69QcrV4gzyY9xApIw\/PW4WgAbkoAAq5V3+e2UL9u3Q5BCG9fysJhFkc9SwHzfHuAGqJNGIjarGAmCC+VgAsgpcihqGRblZhX07odUT6BnGNZAr8avNVoLIowg6sIAQW0XuF1BHmDYWNIwNkmjYn4dvFj3KuAWiLgQABrTGXBdIEwOgYZs1YDGuSbNRmacPZ0PvMK6B3nq8YbswYX4aeCwA6UyOYA2jb9cLQdKDXmXcAhYgEZguAAvAbmnqszpoCcPj\/0MfdjuzvaNhP24N4xpoRrJn7o0Bco1nYRuVPYVbyrgXMHG0tmTvqJ\/cSij1fz8Grtdd8Jr3AAAAAElFTkSuQmCC\" \/><strong>GHS02 Uzman\u012bbu<\/strong><\/p>\n<p><strong>H226 <\/strong>Uzliesmojo&scaron;s &scaron;\u0137idrums un tvaiki.<\/p>\n<p>Dro&scaron;\u012bbas pras\u012bbu apz\u012bm\u0113jumi:<\/p>\n<p>P101 Medic\u012bniska padoma nepiecie&scaron;am\u012bbas gad\u012bjum\u0101 attiec\u012bg\u0101 inform\u0101cija ir nor\u0101d\u012bta uz iepakojuma vai eti\u0137etes.<\/p>\n<p>P102 Sarg\u0101t no b\u0113rniem.<\/p>\n<p>P103 Pirms izmanto&scaron;anas izlas\u012bt eti\u0137eti.<\/p>\n<p>P210 Sarg\u0101t no karstuma, karst\u0101m virsm\u0101m, dzirkstel\u0113m, atkl\u0101tas uguns un citiem aizdeg&scaron;an\u0101s avotiem. Nesm\u0113\u0137\u0113t.<\/p>\n<p>P233 Tvertni stingri nosl\u0113gt.<\/p>\n<p>P264 P\u0113c izmanto&scaron;anas rokas k\u0101rt\u012bgi nomazg\u0101t.<\/p>\n<p>P280 Izmantot aizsargcimdus\/acu aizsargus.<\/p>\n<p>P305+P351+P338 SASKAR\u0112 AR AC\u012aM: Uzman\u012bgi izskalot ar \u016bdeni vair\u0101kas min\u016btes. Iz\u0146emt kontaktl\u0113cas, ja t\u0101s ir ievietotas un ja to var vienk\u0101r&scaron;i izdar\u012bt. Turpin\u0101t skalot.<\/p>\n<p>P310 Nekav\u0113joties sazinieties ar SAIND\u0112&Scaron;AN\u0100S INFORM\u0100CIJAS CENTRU\/\u0101rstu ja jums ir slikta pa&scaron;saj\u016bta.&nbsp;&nbsp;&nbsp;&nbsp;&nbsp;&nbsp;&nbsp;&nbsp;&nbsp;&nbsp;&nbsp;&nbsp;&nbsp;&nbsp;&nbsp;&nbsp;&nbsp;&nbsp;&nbsp;&nbsp;<\/p>\n<p>P303+P361+P353 SASKAR\u0112 AR \u0100DU (vai matiem): Nekav\u0113joties novilkt visu pies\u0101r\u0146oto ap\u0123\u0113rbu. Noskalot \u0101du ar \u016bdeni [vai iet du&scaron;\u0101].<\/p>\n<p>P403+\u0420235 Glab\u0101t labi v\u0113din\u0101m\u0101s telp\u0101s. Tur\u0113t v\u0113sum\u0101.&nbsp;&nbsp;&nbsp;&nbsp;&nbsp;&nbsp;&nbsp;&nbsp;&nbsp;&nbsp;&nbsp;&nbsp;&nbsp;&nbsp;&nbsp;&nbsp;&nbsp;&nbsp;<\/p>\n<p>P501 Atbr\u012bvoties no satura\/tvertnes\/ iepakojuma saska\u0146\u0101 ar valsts noteikumiem.<\/p>\n","protected":false},"excerpt":{"rendered":"<p>Att\u012bra un pie&scaron;\u0137ir sp\u012bdumu vannas istabas virsm\u0101m, nesaskr\u0101p\u0113jot t\u0101s. Piem\u0113rots porcel\u0101na un keramikas virsm\u0101m, emaljai (kas nav jut\u012bga pret sk\u0101b\u0113m), k\u0101 ar\u012b akrila vann\u0101m un izlietn\u0113m, ner\u016bs\u0113jo&scaron;ajam t\u0113raudam, hromam, ni\u0137elim un stiklam. Efekt\u012bvi no\u0146em ka\u013c\u0137akmens nogulsnes, r\u016bsu, ziepju nos\u0113dumus un net\u012brumus no vannas un santehnikas. Lieto&scaron;anas instrukcija: Pirms lieto&scaron;anas p\u0101rbaudiet l\u012bdzekli neliel\u0101, maz paman\u0101m\u0101 viet\u0101. [&#8230;]\n","protected":false},"featured_media":102291,"template":"","meta":[],"product_cat":[1999],"product_tag":[],"class_list":{"0":"post-102287","1":"product","2":"type-product","3":"status-publish","4":"has-post-thumbnail","6":"product_brand-private-label","7":"product_cat-bez-kategorijas","9":"first","10":"outofstock","11":"taxable","12":"shipping-taxable","13":"product-type-simple"},"_links":{"self":[{"href":"https:\/\/e.kosmolat.eu\/lv\/wp-json\/wp\/v2\/product\/102287","targetHints":{"allow":["GET"]}}],"collection":[{"href":"https:\/\/e.kosmolat.eu\/lv\/wp-json\/wp\/v2\/product"}],"about":[{"href":"https:\/\/e.kosmolat.eu\/lv\/wp-json\/wp\/v2\/types\/product"}],"wp:featuredmedia":[{"embeddable":true,"href":"https:\/\/e.kosmolat.eu\/lv\/wp-json\/wp\/v2\/media\/102291"}],"wp:attachment":[{"href":"https:\/\/e.kosmolat.eu\/lv\/wp-json\/wp\/v2\/media?parent=102287"}],"wp:term":[{"taxonomy":"product_cat","embeddable":true,"href":"https:\/\/e.kosmolat.eu\/lv\/wp-json\/wp\/v2\/product_cat?post=102287"},{"taxonomy":"product_tag","embeddable":true,"href":"https:\/\/e.kosmolat.eu\/lv\/wp-json\/wp\/v2\/product_tag?post=102287"}],"curies":[{"name":"wp","href":"https:\/\/api.w.org\/{rel}","templated":true}]}}