{"id":102158,"date":"2025-10-29T14:35:42","date_gmt":"2025-10-29T14:35:42","guid":{"rendered":"https:\/\/e.kosmolat.eu\/?post_type=product&#038;p=102158"},"modified":"2026-03-16T10:13:24","modified_gmt":"2026-03-16T10:13:24","slug":"sano-forte-plus-augsti-konc-lidz-tauku-un-kvepu-tir-750-ml","status":"publish","type":"product","link":"https:\/\/e.kosmolat.eu\/lv\/product\/sano-forte-plus-augsti-konc-lidz-tauku-un-kvepu-tir-750-ml\/","title":{"rendered":"Sano Forte Plus Augsti konc. l\u012bdz. tauku un kv\u0113pu t\u012br., 750 ml"},"content":{"rendered":"<p>No\u0146em taukus un piedegu&scaron;us net\u012brumus. Piem\u0113rots cepe&scaron;kr\u0101sn\u012bm, griliem, pl\u012bt\u012bm, katliem, cep&scaron;anas pann\u0101m, cep&scaron;anas form\u0101m, k\u0101 ar\u012b keramikas virsm\u0101m. Neprasa uzsild\u012b&scaron;anu pirms lieto&scaron;anas.<\/p>\n<p><strong>Lieto&scaron;anas instrukcija un br\u012bdin\u0101jumi:<\/strong>&nbsp;Pirms lieto&scaron;anas k\u0101rt\u012bgi sakratiet pudeli. Pagrieziet izsmidzin\u0101t\u0101ju poz\u012bcij\u0101 &laquo;ON&raquo;. Izsmidziniet l\u012bdzekli uz virsmas, atst\u0101jiet uz 2&ndash;3 min\u016bt\u0113m, p\u0113c tam not\u012briet ar mitru dr\u0101nu, s\u016bkli vai birsti. R\u016bp\u012bgi noskalojiet ar \u016bdeni un nosusiniet. Ja nepiecie&scaron;ams, atk\u0101rtojiet apstr\u0101di. P\u0113c lieto&scaron;anas pagrieziet izsmidzin\u0101t\u0101ju poz\u012bcij\u0101 &laquo;OFF&raquo; un noslaukiet pudeles uzgali. Lietojiet Sano Forte Plus saska\u0146\u0101 ar t\u012br\u0101m\u0101s virsmas ra\u017eot\u0101ja nor\u0101d\u012bjumiem. Pirms lieto&scaron;anas p\u0101rbaudiet l\u012bdzek\u013ca iedarb\u012bbu neliel\u0101, maz paman\u0101m\u0101 viet\u0101. Nelietot uz virsm\u0101m ar teflona p\u0101rkl\u0101jumu, kr\u0101sot\u0101m virsm\u0101m, alum\u012bnija izstr\u0101d\u0101jumiem, k\u0101 ar\u012b mikrovi\u013c\u0146u kr\u0101sn\u012bs ar autom\u0101tisko t\u012br\u012b&scaron;anas sist\u0113mu. Nelietot uz g\u0101zes deg\u013ciem. Nemais\u012bt ar citiem t\u012br\u012b&scaron;anas l\u012bdzek\u013ciem.<\/p>\n<p><strong>Sast\u0101v\u0101:<\/strong> maz\u0101k par 5 % anjonu virsmakt\u012bvo vielu, maz\u0101k par 5 % &nbsp;nejonu virsmakt\u012bvo vielu. Smar\u017eas un arom\u0101tisk\u0101s kompoz\u012bcijas.<\/p>\n<p>&nbsp;<\/p>\n<p><strong>GHS05 B\u012bstami<br \/>\nH314<\/strong> Izraisa smagus \u0101das apdegumus un acu boj\u0101jumus.<br \/>\nDro&scaron;\u012bbas pras\u012bbu apz\u012bm\u0113jumi:<br \/>\nP101 Medic\u012bniska padoma nepiecie&scaron;am\u012bbas gad\u012bjum\u0101 attiec\u012bg\u0101 inform\u0101cija ir nor\u0101d\u012bta uz iepakojuma vai eti\u0137etes.<br \/>\nP102 Sarg\u0101t no b\u0113rniem.<br \/>\nP103 Pirms izmanto&scaron;anas izlas\u012bt eti\u0137eti.<br \/>\nP260 Neieelpot smidzin\u0101jumu.<br \/>\nP264 P\u0113c izmanto&scaron;anas rokas k\u0101rt\u012bgi nomazg\u0101t.<br \/>\nP280 Izmantot aizsargcimdus\/ acu aizsargus\/sejas aizsargus.<br \/>\nP303+P361+P353 SASKAR\u0112 AR \u0100DU (vai matiem): Nekav\u0113joties novilkt visu pies\u0101r\u0146oto ap\u0123\u0113rbu. Noskalot \u0101du ar \u016bdeni [vai iet du&scaron;\u0101].<br \/>\nP305+P351+P338 SASKAR\u0112 AR AC\u012aM: Uzman\u012bgi izskalot ar \u016bdeni vair\u0101kas min\u016btes. Iz\u0146emt kontaktl\u0113cas, ja t\u0101s ir ievietotas un ja to var vienk\u0101r&scaron;i izdar\u012bt. Turpin\u0101t skalot.<br \/>\nP304+P340 IEELPO&Scaron;ANAS GAD\u012aJUM\u0100: nog\u0101d\u0101t cietu&scaron;o svaig\u0101 gais\u0101 un nodro&scaron;in\u0101t netrauc\u0113tu elpo&scaron;anu.<br \/>\nP301+P330+P331 NOR\u012a&Scaron;ANAS GAD\u012aJUM\u0100: Izskalot muti. NEIZRAIS\u012aT vem&scaron;anu.<br \/>\nP310 Nekav\u0113joties sazinieties ar SAIND\u0112&Scaron;AN\u0100S INFORM\u0100CIJAS CENTRU\/\u0101rstu ja jums ir slikta pa&scaron;saj\u016bta.<br \/>\nP405 Glab\u0101t sl\u0113gt\u0101 veid\u0101.<br \/>\nP501 Atbr\u012bvoties no satura\/tvertnes\/ iepakojuma saska\u0146\u0101 ar valsts noteikumiem.<\/p>\n","protected":false},"excerpt":{"rendered":"<p>No\u0146em taukus un piedegu&scaron;us net\u012brumus. Piem\u0113rots cepe&scaron;kr\u0101sn\u012bm, griliem, pl\u012bt\u012bm, katliem, cep&scaron;anas pann\u0101m, cep&scaron;anas form\u0101m, k\u0101 ar\u012b keramikas virsm\u0101m. Neprasa uzsild\u012b&scaron;anu pirms lieto&scaron;anas. Lieto&scaron;anas instrukcija un br\u012bdin\u0101jumi:&nbsp;Pirms lieto&scaron;anas k\u0101rt\u012bgi sakratiet pudeli. Pagrieziet izsmidzin\u0101t\u0101ju poz\u012bcij\u0101 &laquo;ON&raquo;. Izsmidziniet l\u012bdzekli uz virsmas, atst\u0101jiet uz 2&ndash;3 min\u016bt\u0113m, p\u0113c tam not\u012briet ar mitru dr\u0101nu, s\u016bkli vai birsti. R\u016bp\u012bgi noskalojiet ar \u016bdeni [&#8230;]\n","protected":false},"featured_media":102162,"template":"","meta":[],"product_cat":[1999],"product_tag":[],"class_list":{"0":"post-102158","1":"product","2":"type-product","3":"status-publish","4":"has-post-thumbnail","6":"product_brand-private-label","7":"product_cat-bez-kategorijas","9":"first","10":"outofstock","11":"taxable","12":"shipping-taxable","13":"product-type-simple"},"_links":{"self":[{"href":"https:\/\/e.kosmolat.eu\/lv\/wp-json\/wp\/v2\/product\/102158","targetHints":{"allow":["GET"]}}],"collection":[{"href":"https:\/\/e.kosmolat.eu\/lv\/wp-json\/wp\/v2\/product"}],"about":[{"href":"https:\/\/e.kosmolat.eu\/lv\/wp-json\/wp\/v2\/types\/product"}],"wp:featuredmedia":[{"embeddable":true,"href":"https:\/\/e.kosmolat.eu\/lv\/wp-json\/wp\/v2\/media\/102162"}],"wp:attachment":[{"href":"https:\/\/e.kosmolat.eu\/lv\/wp-json\/wp\/v2\/media?parent=102158"}],"wp:term":[{"taxonomy":"product_cat","embeddable":true,"href":"https:\/\/e.kosmolat.eu\/lv\/wp-json\/wp\/v2\/product_cat?post=102158"},{"taxonomy":"product_tag","embeddable":true,"href":"https:\/\/e.kosmolat.eu\/lv\/wp-json\/wp\/v2\/product_tag?post=102158"}],"curies":[{"name":"wp","href":"https:\/\/api.w.org\/{rel}","templated":true}]}}