{"id":102010,"date":"2025-10-28T16:08:27","date_gmt":"2025-10-28T16:08:27","guid":{"rendered":"https:\/\/e.kosmolat.eu\/product\/r-o-c-s-pro-colors-zobu-birste-pieaugusajiem-videji-cieta\/"},"modified":"2025-10-28T16:08:39","modified_gmt":"2025-10-28T16:08:39","slug":"r-o-c-s-pro-colors-zobu-birste-pieaugusajiem-videji-cieta","status":"publish","type":"product","link":"https:\/\/e.kosmolat.eu\/lv\/product\/r-o-c-s-pro-colors-zobu-birste-pieaugusajiem-videji-cieta\/","title":{"rendered":"R.O.C.S. Pro Colors Zobu birste pieaugu\u0161ajiem, vid\u0113ji cieta"},"content":{"rendered":"<p>IZSTR\u0100D\u0100TA PROFESION\u0100LU ZOB\u0100RSTU SADARB\u012aB\u0100.<\/p>\n<p>Augstas kvalit\u0101tes tekstur\u0113t\u0101 sari\u0146u virsma nodro\u0161ina efekt\u012bvu zobu aplikuma no\u0146em\u0161anu. Pateicoties noapa\u013cotiem un nopul\u0113tiem galiem, sari neboj\u0101 zobus, zobu implantus un citas zobu konstrukcijas. Speci\u0101li izstr\u0101d\u0101ts pl\u0101ns, izliekts rokturis padara zobu t\u012br\u012b\u0161anu \u0113rtu un pal\u012bdz izvair\u012bties no p\u0101rm\u0113r\u012bga spiediena. Zobu birste ir higi\u0113niska un viegli t\u012br\u0101ma.<\/p>\n<p>K\u0101 kopt zobu birsti:<br \/>\nNoskalojiet sari\u0146us ar siltu \u016bdeni pirms un p\u0113c katras lieto\u0161anas reizes. Nosusiniet un uzglab\u0101jiet birsti vertik\u0101l\u0101 st\u0101vokl\u012b. Izvairieties no zobu birstu glab\u0101\u0161anas cie\u0161i vienu pie otras.<\/p>\n<p>Sast\u0101vs:<br \/>\nsari \u2014 poliam\u012bda diegs<br \/>\nrokturis \u2014 PET<\/p>\n<p>Der\u012bguma termi\u0146\u0161 neierobe\u017eots.<\/p>\n<p>Stomatologi iesaka main\u012bt zobu birsti ik p\u0113c 3 m\u0113ne\u0161iem vai \u0101tr\u0101k, ja t\u0101 nolietojas.<\/p>\n","protected":false},"excerpt":{"rendered":"<p>IZSTR\u0100D\u0100TA PROFESION\u0100LU ZOB\u0100RSTU SADARB\u012aB\u0100. Augstas kvalit\u0101tes tekstur\u0113t\u0101 sari\u0146u virsma nodro\u0161ina efekt\u012bvu zobu aplikuma no\u0146em\u0161anu. Pateicoties noapa\u013cotiem un nopul\u0113tiem galiem, sari neboj\u0101 zobus, zobu implantus un citas zobu konstrukcijas. Speci\u0101li izstr\u0101d\u0101ts pl\u0101ns, izliekts rokturis padara zobu t\u012br\u012b\u0161anu \u0113rtu un pal\u012bdz izvair\u012bties no p\u0101rm\u0113r\u012bga spiediena. Zobu birste ir higi\u0113niska un viegli t\u012br\u0101ma. K\u0101 kopt zobu birsti: Noskalojiet [&#8230;]\n","protected":false},"featured_media":102014,"template":"","meta":[],"product_cat":[1352],"product_tag":[],"class_list":{"0":"post-102010","1":"product","2":"type-product","3":"status-publish","4":"has-post-thumbnail","6":"product_brand-rocs","7":"product_cat-zobu-birstes","9":"first","10":"instock","11":"taxable","12":"shipping-taxable","13":"product-type-simple"},"_links":{"self":[{"href":"https:\/\/e.kosmolat.eu\/lv\/wp-json\/wp\/v2\/product\/102010","targetHints":{"allow":["GET"]}}],"collection":[{"href":"https:\/\/e.kosmolat.eu\/lv\/wp-json\/wp\/v2\/product"}],"about":[{"href":"https:\/\/e.kosmolat.eu\/lv\/wp-json\/wp\/v2\/types\/product"}],"wp:featuredmedia":[{"embeddable":true,"href":"https:\/\/e.kosmolat.eu\/lv\/wp-json\/wp\/v2\/media\/102014"}],"wp:attachment":[{"href":"https:\/\/e.kosmolat.eu\/lv\/wp-json\/wp\/v2\/media?parent=102010"}],"wp:term":[{"taxonomy":"product_cat","embeddable":true,"href":"https:\/\/e.kosmolat.eu\/lv\/wp-json\/wp\/v2\/product_cat?post=102010"},{"taxonomy":"product_tag","embeddable":true,"href":"https:\/\/e.kosmolat.eu\/lv\/wp-json\/wp\/v2\/product_tag?post=102010"}],"curies":[{"name":"wp","href":"https:\/\/api.w.org\/{rel}","templated":true}]}}