{"id":101970,"date":"2025-10-28T16:07:18","date_gmt":"2025-10-28T16:07:18","guid":{"rendered":"https:\/\/e.kosmolat.eu\/product\/shagun-gold-dabiga-indijas-henna-matu-krasosanai-25-g\/"},"modified":"2025-10-28T16:07:28","modified_gmt":"2025-10-28T16:07:28","slug":"shagun-gold-dabiga-indijas-henna-matu-krasosanai-25-g","status":"publish","type":"product","link":"https:\/\/e.kosmolat.eu\/lv\/product\/shagun-gold-dabiga-indijas-henna-matu-krasosanai-25-g\/","title":{"rendered":"SHAGUN GOLD Dab\u012bga Indijas henna matu kr\u0101so\u0161anai, 25 g"},"content":{"rendered":"<p>HENNA SHAGUN GOLD \u2013 viens no lab\u0101kajiem matu kop\u0161anas l\u012bdzek\u013ciem, kas ne tikai iekr\u0101so matus, pie\u0161\u0137irot tiem ko\u0161u un intens\u012bvu toni, bet vienlaikus ar\u012b pal\u012bdz nov\u0113rst to izkri\u0161anu, stiprina saknes un stimul\u0113 vesel\u012bgu matu aug\u0161anu. Henna SHAGUN GOLD ir dab\u012bga kr\u0101sviela, kas ilgi noturas, ies\u016bcas matu strukt\u016br\u0101 un pie\u0161\u0137ir dabisku sp\u012bdumu. Indijas henna izce\u013cas ar sp\u0113ju lieliski nokr\u0101sot sirmos matus. P\u0113c kr\u0101so\u0161anas, matiem ataugot, pietiek iekr\u0101sot tikai saknes. Lietojot hennu kop\u0101 ar basmu, iesp\u0113jams ieg\u016bt tum\u0161\u0101kus to\u0146us.<\/p>\n<p>Lieto\u0161ana: Pirms kr\u0101so\u0161anas izmazg\u0101jiet un nedaudz nosusiniet matus. Atveriet iepakojumu, saturu ieb\u0113rt \u0113rt\u0101 nemet\u0101lisk\u0101 trauk\u0101. Pievienojiet siltu \u016bdeni un r\u016bp\u012bgi samaisiet l\u012bdz viendab\u012bgai masai (hennas un \u016bdens attiec\u012bba 1:3), l\u012bdz ieg\u016bstat kr\u0113juma konsistenci. Uzkl\u0101jiet nedaudz atdzes\u0113tu masu uz matiem. Kr\u0101so\u0161anas ilgums \u2014 no 25 l\u012bdz 45 min\u016bt\u0113m atkar\u012bb\u0101 no v\u0113lam\u0101 to\u0146a. P\u0113c kr\u0101so\u0161anas izskalojiet matus ar lielu \u016bdens daudzumu bez \u0161amp\u016bna. Gal\u012bgais tonis par\u0101d\u012bsies p\u0113c 24 stund\u0101m.<\/p>\n<p>Piesardz\u012bbas pas\u0101kumi: Neizmantojiet \u0161o hennu skropstu un uzacu kr\u0101so\u0161anai. <\/p>\n<p>Uzglab\u0101\u0161anas noteikumi: no +5 \u00b0C l\u012bdz +25 \u00b0C.<\/p>\n<p>Der\u012bguma termi\u0146\u0161: 48 m\u0113ne\u0161i.<\/p>\n","protected":false},"excerpt":{"rendered":"<p>HENNA SHAGUN GOLD \u2013 viens no lab\u0101kajiem matu kop\u0161anas l\u012bdzek\u013ciem, kas ne tikai iekr\u0101so matus, pie\u0161\u0137irot tiem ko\u0161u un intens\u012bvu toni, bet vienlaikus ar\u012b pal\u012bdz nov\u0113rst to izkri\u0161anu, stiprina saknes un stimul\u0113 vesel\u012bgu matu aug\u0161anu. Henna SHAGUN GOLD ir dab\u012bga kr\u0101sviela, kas ilgi noturas, ies\u016bcas matu strukt\u016br\u0101 un pie\u0161\u0137ir dabisku sp\u012bdumu. Indijas henna izce\u013cas ar [&#8230;]\n","protected":false},"featured_media":101974,"template":"","meta":[],"product_cat":[1660],"product_tag":[],"class_list":{"0":"post-101970","1":"product","2":"type-product","3":"status-publish","4":"has-post-thumbnail","6":"product_brand-replay_kr","7":"product_cat-chna-ir-basma","9":"first","10":"outofstock","11":"taxable","12":"shipping-taxable","13":"product-type-simple"},"_links":{"self":[{"href":"https:\/\/e.kosmolat.eu\/lv\/wp-json\/wp\/v2\/product\/101970","targetHints":{"allow":["GET"]}}],"collection":[{"href":"https:\/\/e.kosmolat.eu\/lv\/wp-json\/wp\/v2\/product"}],"about":[{"href":"https:\/\/e.kosmolat.eu\/lv\/wp-json\/wp\/v2\/types\/product"}],"wp:featuredmedia":[{"embeddable":true,"href":"https:\/\/e.kosmolat.eu\/lv\/wp-json\/wp\/v2\/media\/101974"}],"wp:attachment":[{"href":"https:\/\/e.kosmolat.eu\/lv\/wp-json\/wp\/v2\/media?parent=101970"}],"wp:term":[{"taxonomy":"product_cat","embeddable":true,"href":"https:\/\/e.kosmolat.eu\/lv\/wp-json\/wp\/v2\/product_cat?post=101970"},{"taxonomy":"product_tag","embeddable":true,"href":"https:\/\/e.kosmolat.eu\/lv\/wp-json\/wp\/v2\/product_tag?post=101970"}],"curies":[{"name":"wp","href":"https:\/\/api.w.org\/{rel}","templated":true}]}}