{"id":101714,"date":"2025-10-28T15:59:15","date_gmt":"2025-10-28T15:59:15","guid":{"rendered":"https:\/\/e.kosmolat.eu\/product\/%d0%b2na%d0%bd%d0%be%d0%b2ez%d0%b2aeu%d0%bdc%d0%b9-iaeu%d0%b7a%d0%bc-keratincollagen-keratin-collagen-resurfacing-conditioner-tm-pharma\/"},"modified":"2025-10-28T15:59:24","modified_gmt":"2025-10-28T15:59:24","slug":"%d0%b2na%d0%bd%d0%be%d0%b2ez%d0%b2aeu%d0%bdc%d0%b9-iaeu%d0%b7a%d0%bc-keratincollagen-keratin-collagen-resurfacing-conditioner-tm-pharma","status":"publish","type":"product","link":"https:\/\/e.kosmolat.eu\/lv\/product\/%d0%b2na%d0%bd%d0%be%d0%b2ez%d0%b2aeu%d0%bdc%d0%b9-iaeu%d0%b7a%d0%bc-keratincollagen-keratin-collagen-resurfacing-conditioner-tm-pharma\/","title":{"rendered":"\u0412\u0145\u00e4\u043d\u043e\u0432\u0117\u017e\u0432\u0105\u0117\u00fc\u043d\u010d\u0439 \u012f\u0105\u0117\u00fc\u0437\u0105\u043c &#8220;KERATIN+COLLAGEN&#8221;\/KERATIN + COLLAGEN &#8221; RESURFACING CONDITIONER, TM &#8220;PHARMA"},"content":{"rendered":"<p>Matu kondicionieris ar kerat\u012bnu un kolag\u0113nu. <\/p>\n<p>Lieto\u0161ana: uzkl\u0101jiet uz mitriem matiem un vienm\u0113r\u012bgi sadaliet vis\u0101 matu garum\u0101. Atst\u0101jiet kondicionieri uz 1\u20132 min\u016bt\u0113m, p\u0113c tam r\u016bp\u012bgi noskalojiet.<\/p>\n<p>Piesardz\u012bbas pas\u0101kumi: izvairieties no saskares ar ac\u012bm. Ja nok\u013c\u016bst ac\u012bs, r\u016bp\u012bgi izskalojiet t\u0101s ar \u016bdeni.<\/p>\n<p>Uzglab\u0101t temperat\u016br\u0101 no +5 \u00b0C l\u012bdz +25 \u00b0C.<\/p>\n","protected":false},"excerpt":{"rendered":"<p>Matu kondicionieris ar kerat\u012bnu un kolag\u0113nu. Lieto\u0161ana: uzkl\u0101jiet uz mitriem matiem un vienm\u0113r\u012bgi sadaliet vis\u0101 matu garum\u0101. Atst\u0101jiet kondicionieri uz 1\u20132 min\u016bt\u0113m, p\u0113c tam r\u016bp\u012bgi noskalojiet. Piesardz\u012bbas pas\u0101kumi: izvairieties no saskares ar ac\u012bm. Ja nok\u013c\u016bst ac\u012bs, r\u016bp\u012bgi izskalojiet t\u0101s ar \u016bdeni. Uzglab\u0101t temperat\u016br\u0101 no +5 \u00b0C l\u012bdz +25 \u00b0C.<\/p>\n","protected":false},"featured_media":101718,"template":"","meta":[],"product_cat":[1638],"product_tag":[],"class_list":{"0":"post-101714","1":"product","2":"type-product","3":"status-publish","4":"has-post-thumbnail","6":"product_brand-pharma-group_ua","7":"product_cat-balzami","9":"first","10":"outofstock","11":"taxable","12":"shipping-taxable","13":"product-type-simple"},"_links":{"self":[{"href":"https:\/\/e.kosmolat.eu\/lv\/wp-json\/wp\/v2\/product\/101714","targetHints":{"allow":["GET"]}}],"collection":[{"href":"https:\/\/e.kosmolat.eu\/lv\/wp-json\/wp\/v2\/product"}],"about":[{"href":"https:\/\/e.kosmolat.eu\/lv\/wp-json\/wp\/v2\/types\/product"}],"wp:featuredmedia":[{"embeddable":true,"href":"https:\/\/e.kosmolat.eu\/lv\/wp-json\/wp\/v2\/media\/101718"}],"wp:attachment":[{"href":"https:\/\/e.kosmolat.eu\/lv\/wp-json\/wp\/v2\/media?parent=101714"}],"wp:term":[{"taxonomy":"product_cat","embeddable":true,"href":"https:\/\/e.kosmolat.eu\/lv\/wp-json\/wp\/v2\/product_cat?post=101714"},{"taxonomy":"product_tag","embeddable":true,"href":"https:\/\/e.kosmolat.eu\/lv\/wp-json\/wp\/v2\/product_tag?post=101714"}],"curies":[{"name":"wp","href":"https:\/\/api.w.org\/{rel}","templated":true}]}}