{"id":101666,"date":"2025-10-28T15:57:49","date_gmt":"2025-10-28T15:57:49","guid":{"rendered":"https:\/\/e.kosmolat.eu\/product\/dp-attaukos-lidzelkis-ar-bikarbonatu-750-ml\/"},"modified":"2025-10-28T15:58:00","modified_gmt":"2025-10-28T15:58:00","slug":"dp-attaukos-lidzelkis-ar-bikarbonatu-750-ml","status":"publish","type":"product","link":"https:\/\/e.kosmolat.eu\/lv\/product\/dp-attaukos-lidzelkis-ar-bikarbonatu-750-ml\/","title":{"rendered":"DP Attauko\u0161. l\u012bdzelkis ar bikarbon\u0101tu, 750 ml"},"content":{"rendered":"<p>Efekt\u012bvi no\u0146em visu veidu net\u012brumus. Pal\u012bdz nov\u0113rst nepat\u012bkamas smakas. Att\u012bra un pie\u0161\u0137ir svaigumu vis\u0101m mazg\u0101jam\u0101m virsm\u0101m, \u012bpa\u0161i virtuv\u0113. Nelietot uz neanod\u0113ta alum\u012bnija, kr\u0101sain\u0101m vai caursp\u012bd\u012bg\u0101m plastmasas virsm\u0101m, k\u0101 ar\u012b uz koka. Lietojot uz kr\u0101sainiem audumiem, vispirms p\u0101rbaudiet kr\u0101sas notur\u012bbu maz\u0101k paman\u0101m\u0101 viet\u0101.<\/p>\n<p>Lieto\u0161ana:<br \/>\n1) Izsmidziniet l\u012bdzekli uz t\u012br\u0101m\u0101s virsmas.<br \/>\n2) Sp\u0113c\u012bga net\u012bruma gad\u012bjum\u0101 atst\u0101jiet uz da\u017e\u0101m sekund\u0113m, p\u0113c tam noskalojiet ar \u016bdeni un noslaukiet ar mitru dr\u0101nu.<\/p>\n<p>Sast\u0101v\u0101: maz\u0101k par 5 % anjonu virsmakt\u012bvo vielu, maz\u0101k par 5 % nejonu virsmakt\u012bvo vielu. Smar\u017eas un arom\u0101tisk\u0101s kompoz\u012bcijas. Konservanti: Benzisothiazolinone\/ Methylchloroisothiazolinone\/ Methylisothiazolinone.<\/p>\n<p>EUH208 Satur: 1,2-benzizotiazol-3(2H)-ons un reakcijas masa: 5-hlor-2-metil- 2H-izotiazol-3-ons; 2-metil-2H- izotiazol-3-ons (3:1). Var izrais\u012bt aler\u0123isku reakciju.<br \/>\nDro\u0161\u012bbas pras\u012bbu apz\u012bm\u0113jumi:<br \/>\nP101 Medic\u012bniska padoma nepiecie\u0161am\u012bbas gad\u012bjum\u0101 attiec\u012bg\u0101 inform\u0101cija ir nor\u0101d\u012bta uz iepakojuma vai eti\u0137etes.<br \/>\nP102 Sarg\u0101t no b\u0113rniem.<br \/>\nP103 Pirms izmanto\u0161anas izlas\u012bt eti\u0137eti.<\/p>\n","protected":false},"excerpt":{"rendered":"<p>Efekt\u012bvi no\u0146em visu veidu net\u012brumus. Pal\u012bdz nov\u0113rst nepat\u012bkamas smakas. Att\u012bra un pie\u0161\u0137ir svaigumu vis\u0101m mazg\u0101jam\u0101m virsm\u0101m, \u012bpa\u0161i virtuv\u0113. Nelietot uz neanod\u0113ta alum\u012bnija, kr\u0101sain\u0101m vai caursp\u012bd\u012bg\u0101m plastmasas virsm\u0101m, k\u0101 ar\u012b uz koka. Lietojot uz kr\u0101sainiem audumiem, vispirms p\u0101rbaudiet kr\u0101sas notur\u012bbu maz\u0101k paman\u0101m\u0101 viet\u0101. Lieto\u0161ana: 1) Izsmidziniet l\u012bdzekli uz t\u012br\u0101m\u0101s virsmas. 2) Sp\u0113c\u012bga net\u012bruma gad\u012bjum\u0101 atst\u0101jiet uz [&#8230;]\n","protected":false},"featured_media":101670,"template":"","meta":[],"product_cat":[1466],"product_tag":[],"class_list":{"0":"post-101666","1":"product","2":"type-product","3":"status-publish","4":"has-post-thumbnail","6":"product_brand-italchimica-it","7":"product_cat-virtuvei","9":"first","10":"outofstock","11":"taxable","12":"shipping-taxable","13":"product-type-simple"},"_links":{"self":[{"href":"https:\/\/e.kosmolat.eu\/lv\/wp-json\/wp\/v2\/product\/101666","targetHints":{"allow":["GET"]}}],"collection":[{"href":"https:\/\/e.kosmolat.eu\/lv\/wp-json\/wp\/v2\/product"}],"about":[{"href":"https:\/\/e.kosmolat.eu\/lv\/wp-json\/wp\/v2\/types\/product"}],"wp:featuredmedia":[{"embeddable":true,"href":"https:\/\/e.kosmolat.eu\/lv\/wp-json\/wp\/v2\/media\/101670"}],"wp:attachment":[{"href":"https:\/\/e.kosmolat.eu\/lv\/wp-json\/wp\/v2\/media?parent=101666"}],"wp:term":[{"taxonomy":"product_cat","embeddable":true,"href":"https:\/\/e.kosmolat.eu\/lv\/wp-json\/wp\/v2\/product_cat?post=101666"},{"taxonomy":"product_tag","embeddable":true,"href":"https:\/\/e.kosmolat.eu\/lv\/wp-json\/wp\/v2\/product_tag?post=101666"}],"curies":[{"name":"wp","href":"https:\/\/api.w.org\/{rel}","templated":true}]}}