{"id":101610,"date":"2025-10-28T14:46:32","date_gmt":"2025-10-28T14:46:32","guid":{"rendered":"https:\/\/e.kosmolat.eu\/product\/green-pharmacy-%d0%bca%d1%81%d0%baa-ae%d1%8f-%d1%81%d1%83oco-%d0%bf%d0%be%d0%b2s%d0%b5ea%d0%b5%d0%bd%d0%bduo-%d0%b2%d0%bee%d0%be%d1%81-csa%d0%bda%d1%82-c-asna%d0%bd%d0%be%d0%b2%d0%be%d0%b5-%d0%bca\/"},"modified":"2025-10-28T14:46:43","modified_gmt":"2025-10-28T14:46:43","slug":"green-pharmacy-%d0%bca%d1%81%d0%baa-ae%d1%8f-%d1%81%d1%83oco-%d0%bf%d0%be%d0%b2s%d0%b5ea%d0%b5%d0%bd%d0%bduo-%d0%b2%d0%bee%d0%be%d1%81-csa%d0%bda%d1%82-c-asna%d0%bd%d0%be%d0%b2%d0%be%d0%b5-%d0%bca","status":"publish","type":"product","link":"https:\/\/e.kosmolat.eu\/lv\/product\/green-pharmacy-%d0%bca%d1%81%d0%baa-ae%d1%8f-%d1%81%d1%83oco-%d0%bf%d0%be%d0%b2s%d0%b5ea%d0%b5%d0%bd%d0%bduo-%d0%b2%d0%bee%d0%be%d1%81-csa%d0%bda%d1%82-c-asna%d0%bd%d0%be%d0%b2%d0%be%d0%b5-%d0%bca\/","title":{"rendered":"&#8220;Green Pharmacy&#8221; \u041c\u0105\u0441\u043a\u0105 \u00e4\u0117\u044f \u0441\u0443\u00f5\u010d\u00f5, \u043f\u043e\u0432\u0161\u0435\u0119\u00e4\u0435\u043d\u043d\u016b\u00f5 \u0432\u043e\u0117\u043e\u0441 \u010d\u0161\u0105\u043d\u0105\u0442 \u010d \u0105\u0161\u0146\u0105\u043d\u043e\u0432\u043e\u0435 \u043c\u0105\u0441\u0117\u043e 300\u043c\u0117"},"content":{"rendered":"<p>Lieto\u0161ana: uzkl\u0101t uz t\u012briem, mitriem matiem. Atst\u0101t uz 2 min\u016bt\u0113m, p\u0113c tam r\u016bp\u012bgi noskalot.<\/p>\n<p>Piesardz\u012bbas pas\u0101kumi: ja nok\u013c\u016bst ac\u012bs, r\u016bp\u012bgi izskalot ar \u016bdeni. Iesp\u0113jama individu\u0101la jut\u012bba pret atsevi\u0161\u0137\u0101m sast\u0101vda\u013c\u0101m.<\/p>\n<p>Der\u012bguma termi\u0146\u0161: 30 m\u0113ne\u0161i no izgatavo\u0161anas datuma.<\/p>\n<p>Uzglab\u0101\u0161anas temperat\u016bra: no +5 \u00b0C l\u012bdz +25 \u00b0C.<\/p>\n","protected":false},"excerpt":{"rendered":"<p>Lieto\u0161ana: uzkl\u0101t uz t\u012briem, mitriem matiem. Atst\u0101t uz 2 min\u016bt\u0113m, p\u0113c tam r\u016bp\u012bgi noskalot. Piesardz\u012bbas pas\u0101kumi: ja nok\u013c\u016bst ac\u012bs, r\u016bp\u012bgi izskalot ar \u016bdeni. Iesp\u0113jama individu\u0101la jut\u012bba pret atsevi\u0161\u0137\u0101m sast\u0101vda\u013c\u0101m. Der\u012bguma termi\u0146\u0161: 30 m\u0113ne\u0161i no izgatavo\u0161anas datuma. Uzglab\u0101\u0161anas temperat\u016bra: no +5 \u00b0C l\u012bdz +25 \u00b0C.<\/p>\n","protected":false},"featured_media":101614,"template":"","meta":[],"product_cat":[1254],"product_tag":[],"class_list":{"0":"post-101610","1":"product","2":"type-product","3":"status-publish","4":"has-post-thumbnail","6":"product_brand-elfa_ua","7":"product_cat-maskas-matiem","9":"first","10":"outofstock","11":"taxable","12":"shipping-taxable","13":"product-type-simple"},"_links":{"self":[{"href":"https:\/\/e.kosmolat.eu\/lv\/wp-json\/wp\/v2\/product\/101610","targetHints":{"allow":["GET"]}}],"collection":[{"href":"https:\/\/e.kosmolat.eu\/lv\/wp-json\/wp\/v2\/product"}],"about":[{"href":"https:\/\/e.kosmolat.eu\/lv\/wp-json\/wp\/v2\/types\/product"}],"wp:featuredmedia":[{"embeddable":true,"href":"https:\/\/e.kosmolat.eu\/lv\/wp-json\/wp\/v2\/media\/101614"}],"wp:attachment":[{"href":"https:\/\/e.kosmolat.eu\/lv\/wp-json\/wp\/v2\/media?parent=101610"}],"wp:term":[{"taxonomy":"product_cat","embeddable":true,"href":"https:\/\/e.kosmolat.eu\/lv\/wp-json\/wp\/v2\/product_cat?post=101610"},{"taxonomy":"product_tag","embeddable":true,"href":"https:\/\/e.kosmolat.eu\/lv\/wp-json\/wp\/v2\/product_tag?post=101610"}],"curies":[{"name":"wp","href":"https:\/\/api.w.org\/{rel}","templated":true}]}}