{"id":100460,"date":"2025-10-22T08:22:21","date_gmt":"2025-10-22T08:22:21","guid":{"rendered":"https:\/\/e.kosmolat.eu\/product\/i_pt-matu-putas-ekstra-fiksacija-225-ml\/"},"modified":"2026-04-21T09:13:50","modified_gmt":"2026-04-21T09:13:50","slug":"i_pt-matu-putas-ekstra-fiksacija-225-ml","status":"publish","type":"product","link":"https:\/\/e.kosmolat.eu\/lv\/product\/i_pt-matu-putas-ekstra-fiksacija-225-ml\/","title":{"rendered":"I_PT Matu putas Ekstra fiks\u0101cija, 225 ml"},"content":{"rendered":"<p>Matu ieveido&scaron;anas putas ir bag\u0101tin\u0101ts ar provitam\u012bnu B5, lai pal\u012bdz\u0113tu mitrin\u0101t un aizsarg\u0101t matus, un l\u0113ni \u017e\u016bst, lai atvieglotu ieveido&scaron;anas procesu.<\/p>\n<p><strong>Lieto&scaron;ana:<\/strong> izmazg\u0101t galvu ar &scaron;amp\u016bnu, matus nosusin\u0101t ar dvieli. Baloni\u0146u sakrat\u012bt un izspiest putas uz plaukstas. Vienm\u0113r\u012bgi uzkl\u0101t uz matiem vis\u0101 to garum\u0101 un ieveidot matus.<\/p>\n<p><strong>B\u012bstami!<\/strong> \u012apa&scaron;i viegli uzliesmojo&scaron;s aerosols. Tvertne zem spiediena: karstum\u0101 var eksplod\u0113t. Sarg\u0101t no karstuma, karst\u0101m virsm\u0101m, dzirkstel\u0113m, atkl\u0101tas uguns un citiem aizdeg&scaron;an\u0101s avotiem. Nesm\u0113\u0137\u0113t. Neizsmidzin\u0101t uz atkl\u0101tas uguns vai citiem aizdeg&scaron;an\u0101s avotiem. Nedurt vai nededzin\u0101t, ar\u012b p\u0113c izlieto&scaron;anas. Aizsarg\u0101t no saules gaismas. Nepak\u013caut temperat\u016brai, kas p\u0101rsniedz 50 &ordm;C\/122 &ordm;F. Sarg\u0101t no b\u0113rniem.<\/p>\n","protected":false},"excerpt":{"rendered":"<p>Matu ieveido&scaron;anas putas ir bag\u0101tin\u0101ts ar provitam\u012bnu B5, lai pal\u012bdz\u0113tu mitrin\u0101t un aizsarg\u0101t matus, un l\u0113ni \u017e\u016bst, lai atvieglotu ieveido&scaron;anas procesu. Lieto&scaron;ana: izmazg\u0101t galvu ar &scaron;amp\u016bnu, matus nosusin\u0101t ar dvieli. Baloni\u0146u sakrat\u012bt un izspiest putas uz plaukstas. Vienm\u0113r\u012bgi uzkl\u0101t uz matiem vis\u0101 to garum\u0101 un ieveidot matus. B\u012bstami! \u012apa&scaron;i viegli uzliesmojo&scaron;s aerosols. Tvertne zem spiediena: [&#8230;]\n","protected":false},"featured_media":100464,"template":"","meta":[],"product_cat":[1999],"product_tag":[],"class_list":{"0":"post-100460","1":"product","2":"type-product","3":"status-publish","4":"has-post-thumbnail","6":"product_brand-statestrong_gb","7":"product_cat-bez-kategorijas","9":"first","10":"outofstock","11":"taxable","12":"shipping-taxable","13":"product-type-simple"},"_links":{"self":[{"href":"https:\/\/e.kosmolat.eu\/lv\/wp-json\/wp\/v2\/product\/100460","targetHints":{"allow":["GET"]}}],"collection":[{"href":"https:\/\/e.kosmolat.eu\/lv\/wp-json\/wp\/v2\/product"}],"about":[{"href":"https:\/\/e.kosmolat.eu\/lv\/wp-json\/wp\/v2\/types\/product"}],"wp:featuredmedia":[{"embeddable":true,"href":"https:\/\/e.kosmolat.eu\/lv\/wp-json\/wp\/v2\/media\/100464"}],"wp:attachment":[{"href":"https:\/\/e.kosmolat.eu\/lv\/wp-json\/wp\/v2\/media?parent=100460"}],"wp:term":[{"taxonomy":"product_cat","embeddable":true,"href":"https:\/\/e.kosmolat.eu\/lv\/wp-json\/wp\/v2\/product_cat?post=100460"},{"taxonomy":"product_tag","embeddable":true,"href":"https:\/\/e.kosmolat.eu\/lv\/wp-json\/wp\/v2\/product_tag?post=100460"}],"curies":[{"name":"wp","href":"https:\/\/api.w.org\/{rel}","templated":true}]}}