{"id":23670,"date":"2023-09-12T13:46:47","date_gmt":"2023-09-12T13:46:47","guid":{"rendered":"https:\/\/e.kosmolat.eu\/konfidencialitates-politika\/"},"modified":"2023-12-01T08:34:20","modified_gmt":"2023-12-01T08:34:20","slug":"konfidencialitates-politika","status":"publish","type":"page","link":"https:\/\/e.kosmolat.eu\/lv\/konfidencialitates-politika\/","title":{"rendered":"Konfidencialit\u0101tes politika"},"content":{"rendered":"&#13;\n<h2 class=\"wp-block-heading\">Kas m\u0113s esam<\/h2>&#13;\n&#13;\n<p><strong class=\"privacy-policy-tutorial\">Ieteicamais teksts: <\/strong>M\u016bsu t\u012bmek\u013ca vietnes adrese ir: https:\/\/dev-e.kosmolat.eu.<\/p>&#13;\n&#13;\n<h2 class=\"wp-block-heading\">Koment\u0101ri<\/h2>&#13;\n&#13;\n<p><strong class=\"privacy-policy-tutorial\">Ieteicamais teksts: <\/strong>Kad apmekl\u0113t\u0101ji vietn\u0113 atst\u0101j koment\u0101rus, m\u0113s apkopojam koment\u0101ru veidlap\u0101 nor\u0101d\u012btos datus, k\u0101 ar\u012b apmekl\u0113t\u0101ja IP adresi un p\u0101rl\u016bkprogrammas lietot\u0101ja a\u0123enta virkni, lai pal\u012bdz\u0113tu atkl\u0101t surog\u0101tpasta v\u0113stules.<\/p>&#13;\n&#13;\n<p>No j\u016bsu e-pasta adreses izveidot\u0101 anonimiz\u0113t\u0101 virkne (saukta ar\u012b par hash) var tikt sniegta pakalpojumam Gravatar, lai redz\u0113tu, vai to izmantojat. Gravatar pakalpojuma konfidencialit\u0101tes politika ir pieejama \u0161eit: https:\/\/automattic.com\/privacy\/. P\u0113c j\u016bsu koment\u0101ra apstiprin\u0101\u0161anas j\u016bsu profila att\u0113ls ir publiski redzams j\u016bsu koment\u0101ra kontekst\u0101.<\/p>&#13;\n&#13;\n<h2 class=\"wp-block-heading\">Mediji<\/h2>&#13;\n&#13;\n<p><strong class=\"privacy-policy-tutorial\">Ieteicamais teksts: <\/strong>Ja aug\u0161upiel\u0101d\u0113jat att\u0113lus t\u012bmek\u013ca vietn\u0113, jums nevajadz\u0113tu aug\u0161upiel\u0101d\u0113t att\u0113lus, kuros ir iestr\u0101d\u0101ti atra\u0161an\u0101s vietas dati (EXIF GPS). T\u012bmek\u013ca vietnes apmekl\u0113t\u0101ji var lejupiel\u0101d\u0113t un ieg\u016bt jebkurus atra\u0161an\u0101s vietas datus no t\u012bmek\u013ca vietn\u0113 eso\u0161ajiem att\u0113liem.<\/p>&#13;\n&#13;\n<h2 class=\"wp-block-heading\">S\u012bkfaili<\/h2>&#13;\n&#13;\n<p><strong class=\"privacy-policy-tutorial\">Ieteicamais teksts: <\/strong>Ja j\u016bs atst\u0101jat koment\u0101ru m\u016bsu vietn\u0113, j\u016bs varat piekrist saglab\u0101t savu v\u0101rdu, e-pasta adresi un t\u012bmek\u013ca vietni s\u012bkfailos. T\u0101s ir paredz\u0113tas j\u016bsu \u0113rt\u012bbai, lai, atst\u0101jot citu koment\u0101ru, jums nevajadz\u0113tu atk\u0101rtoti ievad\u012bt savu inform\u0101ciju. \u0160o s\u012bkfailu der\u012bguma termi\u0146\u0161 ir viens gads.<\/p>&#13;\n&#13;\n<p>Ja apmekl\u0113jat m\u016bsu pieteik\u0161an\u0101s lapu, m\u0113s iestat\u012bsim pagaidu s\u012bkfailu, lai noteiktu, vai j\u016bsu p\u0101rl\u016bkprogramma pie\u0146em s\u012bkfailus. \u0160is s\u012bkfails nesatur personas datus un tiek izn\u012bcin\u0101ts, kad aizverat p\u0101rl\u016bkprogrammu.<\/p>&#13;\n&#13;\n<p>Kad piesak\u0101ties, m\u0113s izveidosim ar\u012b vair\u0101kus s\u012bkfailus, lai saglab\u0101tu j\u016bsu pieteik\u0161an\u0101s inform\u0101ciju un ekr\u0101na displeja izv\u0113les. Pieteik\u0161an\u0101s s\u012bkfailu darb\u012bbas ilgums ir divas dienas, bet ekr\u0101na opciju s\u012bkfailu darb\u012bbas ilgums ir viens gads. Ja izv\u0113laties &#8220;Atcer\u0113ties mani&#8221;, j\u016bsu pieteik\u0161an\u0101s saglab\u0101sies divas ned\u0113\u013cas. Ja izrakst\u012bsieties no sava konta, pieteik\u0161an\u0101s s\u012bkfaili tiks dz\u0113sti.<\/p>&#13;\n&#13;\n<p>Ja redi\u0123\u0113jat vai public\u0113jat rakstu, j\u016bsu p\u0101rl\u016bkprogramm\u0101 tiks saglab\u0101ts papildu s\u012bkfails. \u0160aj\u0101 s\u012bkfail\u0101 nav iek\u013cauti nek\u0101di personas dati, un taj\u0101 ir nor\u0101d\u012bts tikai tikko redi\u0123\u0113t\u0101 raksta ID. T\u0101 der\u012bguma termi\u0146\u0161 beidzas p\u0113c 1 dienas.<\/p>&#13;\n&#13;\n<h2 class=\"wp-block-heading\">Citu viet\u0146u iegultais saturs<\/h2>&#13;\n&#13;\n<p><strong class=\"privacy-policy-tutorial\">Ieteicamais teksts: <\/strong>Raksti \u0161aj\u0101 vietn\u0113 var ietvert iegulto saturu (piem\u0113ram, videoklipus, att\u0113lus, rakstus u. c.). Citu viet\u0146u iegultais saturs darbojas tie\u0161i t\u0101pat, it k\u0101 apmekl\u0113t\u0101js b\u016btu apmekl\u0113jis citu vietni.<\/p>&#13;\n&#13;\n<p>\u0160\u012bs vietnes var v\u0101kt datus par jums, izmantot s\u012bkfailus, ievietot papildu tre\u0161\u0101s puses izseko\u0161anas l\u012bdzek\u013cus un uzraudz\u012bt j\u016bsu mijiedarb\u012bbu ar \u0161o iestr\u0101d\u0101to saturu, tostarp izsekot j\u016bsu mijiedarb\u012bbai ar iestr\u0101d\u0101to saturu, ja jums ir konts un esat pieteicies \u0161aj\u0101 vietn\u0113.<\/p>&#13;\n&#13;\n<h2 class=\"wp-block-heading\">Kam m\u0113s kop\u012bgojam j\u016bsu datus<\/h2>&#13;\n&#13;\n<p><strong class=\"privacy-policy-tutorial\">Ieteicamais teksts: <\/strong>Ja piepras\u0101t paroles atiestat\u012b\u0161anu, atiestat\u012b\u0161anas e-past\u0101 tiks nor\u0101d\u012bta j\u016bsu IP adrese.<\/p>&#13;\n&#13;\n<h2 class=\"wp-block-heading\">Cik ilgi m\u0113s glab\u0101jam j\u016bsu datus<\/h2>&#13;\n&#13;\n<p><strong class=\"privacy-policy-tutorial\">Ieteicamais teksts: <\/strong>Ja atst\u0101jat koment\u0101ru, koment\u0101rs un t\u0101 metadati tiek saglab\u0101ti uz nenoteiktu laiku. Tas tiek dar\u012bts, lai m\u0113s var\u0113tu autom\u0101tiski atpaz\u012bt un apstiprin\u0101t visus turpm\u0101kos koment\u0101rus, nevis aizst\u0101t tos moder\u0113\u0161anas rind\u0101.<\/p>&#13;\n&#13;\n<p>Lietot\u0101jiem, kas re\u0123istr\u0113jas m\u016bsu t\u012bmek\u013ca vietn\u0113 (ja t\u0101di ir), m\u0113s ar\u012b saglab\u0101jam vi\u0146u sniegto personisko inform\u0101ciju vi\u0146u lietot\u0101ja profil\u0101. Visi lietot\u0101ji jebkur\u0101 laik\u0101 var skat\u012bt, redi\u0123\u0113t vai dz\u0113st savu personisko inform\u0101ciju (iz\u0146emot to, ka vi\u0146i nevar main\u012bt savu lietot\u0101jv\u0101rdu). \u0160o inform\u0101ciju var skat\u012bt un redi\u0123\u0113t ar\u012b vietnes administratori.<\/p>&#13;\n&#13;\n<h2 class=\"wp-block-heading\">K\u0101das ties\u012bbas jums ir attiec\u012bb\u0101 uz j\u016bsu datiem<\/h2>&#13;\n&#13;\n<p><strong class=\"privacy-policy-tutorial\">Ieteicamais teksts: <\/strong>Ja jums ir konts \u0161aj\u0101 vietn\u0113 vai esat atst\u0101jis koment\u0101rus, varat piepras\u012bt sa\u0146emt eksport\u0113tu failu ar m\u016bsu r\u012bc\u012bb\u0101 eso\u0161ajiem j\u016bsu personas datiem, tostarp visiem datiem, kurus esat mums sniedzis. J\u016bs varat ar\u012b piepras\u012bt, lai m\u0113s dz\u0113\u0161am visus m\u016bsu r\u012bc\u012bb\u0101 eso\u0161os j\u016bsu personas datus. Tas neattiecas uz datiem, kurus mums ir pien\u0101kums glab\u0101t administrat\u012bviem, juridiskiem vai dro\u0161\u012bbas m\u0113r\u0137iem.<\/p>&#13;\n&#13;\n<h2 class=\"wp-block-heading\">Kur tiek nos\u016bt\u012bti j\u016bsu dati<\/h2>&#13;\n&#13;\n<p><strong class=\"privacy-policy-tutorial\">Ieteicamais teksts: <\/strong>Apmekl\u0113t\u0101ju koment\u0101rus var p\u0101rbaud\u012bt, izmantojot automatiz\u0113tu surog\u0101tpasta atkl\u0101\u0161anas pakalpojumu.<\/p>&#13;\n","protected":false},"excerpt":{"rendered":"<p>&#13; Kas m\u0113s esam &#13; &#13; Ieteicamais teksts: M\u016bsu t\u012bmek\u013ca vietnes adrese ir: https:\/\/dev-e.kosmolat.eu. &#13; &#13; Koment\u0101ri &#13; &#13; Ieteicamais teksts: Kad apmekl\u0113t\u0101ji vietn\u0113 atst\u0101j koment\u0101rus, m\u0113s apkopojam koment\u0101ru veidlap\u0101 nor\u0101d\u012btos datus, k\u0101 ar\u012b apmekl\u0113t\u0101ja IP adresi un p\u0101rl\u016bkprogrammas lietot\u0101ja a\u0123enta virkni, lai pal\u012bdz\u0113tu atkl\u0101t surog\u0101tpasta v\u0113stules. &#13; &#13; No j\u016bsu e-pasta adreses izveidot\u0101 anonimiz\u0113t\u0101 [&#8230;]\n","protected":false},"author":1,"featured_media":0,"parent":0,"menu_order":0,"comment_status":"closed","ping_status":"open","template":"","meta":{"footnotes":""},"class_list":["post-23670","page","type-page","status-publish","hentry"],"_links":{"self":[{"href":"https:\/\/e.kosmolat.eu\/lv\/wp-json\/wp\/v2\/pages\/23670","targetHints":{"allow":["GET"]}}],"collection":[{"href":"https:\/\/e.kosmolat.eu\/lv\/wp-json\/wp\/v2\/pages"}],"about":[{"href":"https:\/\/e.kosmolat.eu\/lv\/wp-json\/wp\/v2\/types\/page"}],"author":[{"embeddable":true,"href":"https:\/\/e.kosmolat.eu\/lv\/wp-json\/wp\/v2\/users\/1"}],"replies":[{"embeddable":true,"href":"https:\/\/e.kosmolat.eu\/lv\/wp-json\/wp\/v2\/comments?post=23670"}],"version-history":[{"count":0,"href":"https:\/\/e.kosmolat.eu\/lv\/wp-json\/wp\/v2\/pages\/23670\/revisions"}],"wp:attachment":[{"href":"https:\/\/e.kosmolat.eu\/lv\/wp-json\/wp\/v2\/media?parent=23670"}],"curies":[{"name":"wp","href":"https:\/\/api.w.org\/{rel}","templated":true}]}}