{"id":98476,"date":"2025-10-13T12:50:55","date_gmt":"2025-10-13T12:50:55","guid":{"rendered":"https:\/\/e.kosmolat.eu\/?post_type=product&#038;p=98476"},"modified":"2026-04-24T05:51:01","modified_gmt":"2026-04-24T05:51:01","slug":"spkrug-fito-balzams-lacu-45-g","status":"publish","type":"product","link":"https:\/\/e.kosmolat.eu\/lt\/produktas\/spkrug-fito-balzams-lacu-45-g\/","title":{"rendered":"SPASATELNIJ KRUG Fito balzamas Me\u0161ka su dilg\u0117l\u0117mis, \u010desnakais ir graikiniais rie\u0161utais, 45 g"},"content":{"rendered":"<p>\u0160ildantis fito balzamas nat\u016brali\u0173 riebal\u0173 pagrindu.<br \/>\nTepkite ant \u0161varios, sausos odos. Kosmetikos priemon\u0117.<\/p>\n<p>Laikyti +2\u2013+25 \u00b0C temperat\u016broje.<\/p>\n","protected":false},"excerpt":{"rendered":"<p>\u0160ildantis fito balzamas nat\u016brali\u0173 riebal\u0173 pagrindu. Tepkite ant \u0161varios, sausos odos. Kosmetikos priemon\u0117. Laikyti +2\u2013+25 \u00b0C temperat\u016broje.<\/p>\n","protected":false},"featured_media":98478,"template":"","meta":[],"product_cat":[1390],"product_tag":[],"class_list":{"0":"post-98476","1":"product","2":"type-product","3":"status-publish","4":"has-post-thumbnail","6":"product_brand-elpis-lt","7":"product_cat-kremai-aliejai-kuno-pienelis","9":"first","10":"instock","11":"taxable","12":"shipping-taxable","13":"product-type-simple"},"_links":{"self":[{"href":"https:\/\/e.kosmolat.eu\/lt\/wp-json\/wp\/v2\/product\/98476","targetHints":{"allow":["GET"]}}],"collection":[{"href":"https:\/\/e.kosmolat.eu\/lt\/wp-json\/wp\/v2\/product"}],"about":[{"href":"https:\/\/e.kosmolat.eu\/lt\/wp-json\/wp\/v2\/types\/product"}],"wp:featuredmedia":[{"embeddable":true,"href":"https:\/\/e.kosmolat.eu\/lt\/wp-json\/wp\/v2\/media\/98478"}],"wp:attachment":[{"href":"https:\/\/e.kosmolat.eu\/lt\/wp-json\/wp\/v2\/media?parent=98476"}],"wp:term":[{"taxonomy":"product_cat","embeddable":true,"href":"https:\/\/e.kosmolat.eu\/lt\/wp-json\/wp\/v2\/product_cat?post=98476"},{"taxonomy":"product_tag","embeddable":true,"href":"https:\/\/e.kosmolat.eu\/lt\/wp-json\/wp\/v2\/product_tag?post=98476"}],"curies":[{"name":"wp","href":"https:\/\/api.w.org\/{rel}","templated":true}]}}