{"id":98456,"date":"2025-10-13T10:50:53","date_gmt":"2025-10-13T10:50:53","guid":{"rendered":"https:\/\/e.kosmolat.eu\/?post_type=product&#038;p=98456"},"modified":"2026-04-23T05:50:38","modified_gmt":"2026-04-23T05:50:38","slug":"spkrug-fito-balzams-apsu-45-g","status":"publish","type":"product","link":"https:\/\/e.kosmolat.eu\/lt\/produktas\/spkrug-fito-balzams-apsu-45-g\/","title":{"rendered":"SPASATELNIJ KRUG Fitobalzamas Barsukas Su terpentinu, nat\u016braliais \u017een\u0161enio, e\u017eiuol\u0117s ir citrinos eks"},"content":{"rendered":"<p>Fito-balzamo masa\u017eui. Tepkite ant \u0161varios, sausos odos. Kosmetikos priemon\u0117.<\/p>\n<p>Laikyti +2\u2013+25 \u00b0C temperat\u016broje.<\/p>\n","protected":false},"excerpt":{"rendered":"<p>Fito-balzamo masa\u017eui. Tepkite ant \u0161varios, sausos odos. Kosmetikos priemon\u0117. Laikyti +2\u2013+25 \u00b0C temperat\u016broje.<\/p>\n","protected":false},"featured_media":98458,"template":"","meta":[],"product_cat":[1390],"product_tag":[],"class_list":{"0":"post-98456","1":"product","2":"type-product","3":"status-publish","4":"has-post-thumbnail","6":"product_brand-elpis-lt","7":"product_cat-kremai-aliejai-kuno-pienelis","9":"first","10":"instock","11":"taxable","12":"shipping-taxable","13":"product-type-simple"},"_links":{"self":[{"href":"https:\/\/e.kosmolat.eu\/lt\/wp-json\/wp\/v2\/product\/98456","targetHints":{"allow":["GET"]}}],"collection":[{"href":"https:\/\/e.kosmolat.eu\/lt\/wp-json\/wp\/v2\/product"}],"about":[{"href":"https:\/\/e.kosmolat.eu\/lt\/wp-json\/wp\/v2\/types\/product"}],"wp:featuredmedia":[{"embeddable":true,"href":"https:\/\/e.kosmolat.eu\/lt\/wp-json\/wp\/v2\/media\/98458"}],"wp:attachment":[{"href":"https:\/\/e.kosmolat.eu\/lt\/wp-json\/wp\/v2\/media?parent=98456"}],"wp:term":[{"taxonomy":"product_cat","embeddable":true,"href":"https:\/\/e.kosmolat.eu\/lt\/wp-json\/wp\/v2\/product_cat?post=98456"},{"taxonomy":"product_tag","embeddable":true,"href":"https:\/\/e.kosmolat.eu\/lt\/wp-json\/wp\/v2\/product_tag?post=98456"}],"curies":[{"name":"wp","href":"https:\/\/api.w.org\/{rel}","templated":true}]}}