{"id":98447,"date":"2025-10-13T10:06:53","date_gmt":"2025-10-13T10:06:53","guid":{"rendered":"https:\/\/e.kosmolat.eu\/?post_type=product&#038;p=98447"},"modified":"2026-04-23T05:49:45","modified_gmt":"2026-04-23T05:49:45","slug":"spasatel-hondroitins-1000-balzams-kerm-50-g","status":"publish","type":"product","link":"https:\/\/e.kosmolat.eu\/lt\/produktas\/spasatel-hondroitins-1000-balzams-kerm-50-g\/","title":{"rendered":"SPASATEL Chondroitin 1000 k\u016bno balzamas, 50 g"},"content":{"rendered":"<p>Veikliosios med\u017eiagos: chondroitino sulfatas, gliukozamino sulfatas, niacinas, organinis silicis, cinamono eterinis aliejus.<\/p>\n<p>Skirta naudoti ant keli\u0173, alk\u016bni\u0173 ir rie\u0161\u0173. Tepkite ant \u0161varios, sausos odos. Kosmetikos gaminys.<\/p>\n<p>Laikyti 2\u201325 \u00b0C temperat\u016broje.<\/p>\n","protected":false},"excerpt":{"rendered":"<p>Veikliosios med\u017eiagos: chondroitino sulfatas, gliukozamino sulfatas, niacinas, organinis silicis, cinamono eterinis aliejus. Skirta naudoti ant keli\u0173, alk\u016bni\u0173 ir rie\u0161\u0173. Tepkite ant \u0161varios, sausos odos. Kosmetikos gaminys. Laikyti 2\u201325 \u00b0C temperat\u016broje.<\/p>\n","protected":false},"featured_media":98449,"template":"","meta":[],"product_cat":[1390],"product_tag":[],"class_list":{"0":"post-98447","1":"product","2":"type-product","3":"status-publish","4":"has-post-thumbnail","6":"product_brand-elpis-lt","7":"product_cat-kremai-aliejai-kuno-pienelis","9":"first","10":"instock","11":"taxable","12":"shipping-taxable","13":"product-type-simple"},"_links":{"self":[{"href":"https:\/\/e.kosmolat.eu\/lt\/wp-json\/wp\/v2\/product\/98447","targetHints":{"allow":["GET"]}}],"collection":[{"href":"https:\/\/e.kosmolat.eu\/lt\/wp-json\/wp\/v2\/product"}],"about":[{"href":"https:\/\/e.kosmolat.eu\/lt\/wp-json\/wp\/v2\/types\/product"}],"wp:featuredmedia":[{"embeddable":true,"href":"https:\/\/e.kosmolat.eu\/lt\/wp-json\/wp\/v2\/media\/98449"}],"wp:attachment":[{"href":"https:\/\/e.kosmolat.eu\/lt\/wp-json\/wp\/v2\/media?parent=98447"}],"wp:term":[{"taxonomy":"product_cat","embeddable":true,"href":"https:\/\/e.kosmolat.eu\/lt\/wp-json\/wp\/v2\/product_cat?post=98447"},{"taxonomy":"product_tag","embeddable":true,"href":"https:\/\/e.kosmolat.eu\/lt\/wp-json\/wp\/v2\/product_tag?post=98447"}],"curies":[{"name":"wp","href":"https:\/\/api.w.org\/{rel}","templated":true}]}}