{"id":98435,"date":"2025-10-13T09:06:52","date_gmt":"2025-10-13T09:06:52","guid":{"rendered":"https:\/\/e.kosmolat.eu\/product\/garden-collect-oud-wood-smarzu-difuzors-ar-koc-100-ml\/"},"modified":"2026-03-30T06:21:13","modified_gmt":"2026-03-30T06:21:13","slug":"garden-collect-oud-wood-smarzu-difuzors-ar-koc-100-ml","status":"publish","type":"product","link":"https:\/\/e.kosmolat.eu\/lt\/produktas\/garden-collect-oud-wood-smarzu-difuzors-ar-koc-100-ml\/","title":{"rendered":"GARDEN COLLECTION Oud Wood Aromato difuzorius su pagaliukais, 100 ml"},"content":{"rendered":"<p>Aromat\u0173 difuzoriaus sud\u0117tyje esanti speciali esencija suteiks J\u016bs\u0173 namams ar biurui malon\u0173 kvap\u0105 ir nuspalvins interjer\u0105 dekoratyvia i&scaron;vaizda. Nat\u016bralios bambuk\u0173 lazdel\u0117s sugeria nat\u016brali\u0173 aliej\u0173 esencij\u0105 ir i&scaron;skiria malon\u0173 aromat\u0105 \u012f or\u0105, sukurdamos jauki\u0105 atmosfer\u0105.<\/p>\n<p><strong>Naudojimo instrukcija:<\/strong> atidarykite aromato difuzoriaus pakuot\u0119 ir i&scaron;imkite gamin\u012f. Nuimkite juod\u0105 plastikin\u012f dangtel\u012f, tada i&scaron;traukite ki&scaron;tuk\u0105. V\u0117l u\u017ed\u0117kite juod\u0105 plastikin\u012f dangtel\u012f ir \u012fd\u0117kite bambuko lazdeles \u012f kolb\u0105. Kad aromatas pasiskirstyt\u0173 efektyviau, kas dvi dienas apverskite pagaliukus auk&scaron;tyn kojomis. Nor\u0117dami reguliuoti aromato intensyvum\u0105, suma\u017einkite arba padidinkite bambuko lazdeli\u0173 skai\u010di\u0173<\/p>\n<p><strong>Atsargumo priemon\u0117s:<\/strong> Nenaudokite tose vietose, kur yra n\u0117&scaron;\u010di\u0173 moter\u0173, ma\u017e\u0173 vaik\u0173 ar kv\u0117pavimo sutrikim\u0173 turin\u010di\u0173 \u017emoni\u0173. Laikyti atokiai nuo maisto. Gali sukelti alergij\u0105. Skystis gali pa\u017eeisti lakuotus ir da\u017eytus pavir&scaron;ius. I&scaron;meskite pagal valstybines ir vietines taisykles.<\/p>\n<p><strong>Sud\u0117tis:<\/strong> Kvapai\/ Tetramethyl Acetyloctahydronaphthalenes, Hexamethylindanopyran, Pogostemon Cablin Oil, Linalool, Linalyl Acetate, Juniperus Virginiana Oil, Coumarin, Limonene, Cedrus Atlantica Oil\/Extract, Pinene, Beta-Caryophyllene, Citronellol, Eugenol, Eucalyptus Globulus Oil, Cinnamal, Rose Ketones, Camphor, Citral, Geranyl Acetate, Terpinolene, Alpha-Terpinene. Da\u017eai.<\/p>\n<p>&nbsp;<\/p>\n<p><img decoding=\"async\" alt=\"\" src=\"data:image\/png;base64,iVBORw0KGgoAAAANSUhEUgAAAE0AAABNCAYAAAGUDtkmAAAAAXNSR0IArs4c6QAAAARnQU1BAACxjwv8YQUAAAAJcEhZcwAAFxEAABcRAcom8z8AABFuSURBVGhD5ZsJcBRV\/sfxFsRrLf27JequIIcIsiYhk0lIyOSYJJCTCQESILroigelblH\/QkrX1dq1EKUEXYS\/uq5IoatiiW6tuiIlEhA53CACARYEBREI6QlzZQ58+76\/fq+nZ6bnzCn\/T9Wrvl6\/\/vW33\/1+3S9l2vIzWGDvHiYOjUEkSdTIbePTKQLfpQD8zdtDI+tT6t+\/P0V85ZVX6PjM4W+DkQO7dtJJwA9pe\/HFF9MWICE1Jse3dTOd5Lu0bWxspK2ijyTxi8gSw0gS35Yv4keSJBQpYfw7vmLQVBwag68hCZFET2DvbhElSETKgUMH6cKQIUNwgYJES7ltfPDzyUgfffQRq6mpoXPQliICyKHnkUceoa3v83XBSJLwyL6m9ZGRJDIX+TY3RY8kiSpLIuDmTiUgQSL+XV+T2SCwvyX+1zUCNwVaQj\/ovn37xB7\/BDt3JJZweEKrVq3CTeyBBx6g7Y4dO8QVFZRlw4TxaoFvD4hoKvfccw\/78MMPKSEEoN\/XE+DlPkJjSlSXuQE\/ze6\/\/35xxNiVV14ZkaB\/2+bYhRUXEQmsXbvWMADfhs8SK\/US+sJhdQvwfbGhc1kIN\/s2baCQlEU9SmDRn\/8jdjuH67f1boXnM1fjZLc4lRodd9Y620y30kdoM41knjtsTnEpOTzTq51tmSMpIQkSTjpBV125q23sLSIJxmbNmiX2eIKZtzD39FqXiBqbjmnljraxI8StKvy02FNBgt6ZUxzqHVFwTasOsQgcOXKEEjt9+jRbvny5OMsT5PHcM+uMLfQ0TnKGWwTOPfdcSmzYsGGRFvL4ERq6q4udbRnDRZQg\/BKFsrIy2l5++eWRCfL7cD8\/z1+t1uoySgjgRoRDhw5p+8OHR8ZtSx\/OXNUFrn7ekux94ToBefPOnWp3RR4jhIMs47Vm7+bX+GuWZn+PL6TnxRdfZOeff37Izfn5+RGJISFXSU4LJSRpLzA1y9wuKS0tZc3NzeLIIItkjWLtlvRP1RTCUCxj9+gTNKoot2zZQteQkH18+jpxqzGO4qy94RaG02YexZyWsWvFLbE5bTUdiJYgWWQZu15ETQx3kXkHbtTTZh7NLYqiUTwCVnOTIhJU+Ku5En21aHQUmtYp+emsPZ7YidJRlDVH7PYMHb+b7kQ3IuXauDvwzKpzoplFbvL+65+87hxJbXavGtkxs8ahGjWS9+qCpRgE9u8VRqbzSr4udiXflTinlbvJKF4ZBnZ\/I8wxJrBvD7VC+Nydbs1j4amroDyFBiW8byzh0cReKIHdO4WRXfy5PVMqhVFcKQOjAoGA2As2G9GgsSBPhwoO79bQA1LBXT\/JpRllMCyU8Khs8uTJTFEUzbiKigr2008\/RTXU\/+9tmpFR+wlGdHDZKU9lRP984JJLLmE+n08zSB8GDx6s7YPHHnuMtuHQKIb3CmAknsvjG+OaVOxSjRrO5Ng4FiNGjAgxCAEj3oULF2rHsnFHiAVmQtD1wPNdNYVBJZW7GppO8YyK\/rF37YcienTQPmOUdPToUa0ndtFFF4UYcOmll9LxhRdeqJ3Xd\/ui4f3nGrID9thn1Gzg96p0WHMPkHK8VAVadonoxlx22WX0UBk6OjrEFZUzZ87QVh\/nnXfeoXNG+Ld9yZv+W1XlSnL28PjGnC4ybVWNHMnk9JERPCqFRx99VJyJpKqqiuLMnj1bnAkFEx4wCoO3pHoA9kLTN7gJzZLR0FLPwYMH2euvv868Xi8dY1pm6dKlmoLhqEaNIqPa81Ls3wBHYWaLZqQYWAPks0SD2WymezDo1ozKT+tcX0mPw2reF1RSndNLFN\/G9UGjxmd2Tb\/LCKXAvEczUkw8RoMmAzSjuqgzmAieouwtVHD4w32bNwpzVHCMHjyMSrnP3BV0WM3ryUhujOe1lzSjog52egNXgenTXlcqGu3L\/2JuX7HcLA77BsrCJy3e8WnMm3c7c6xaYRGnexeHMAqfEsEH4\/6+qneNczw5XzPKbitl7TVWxgf0qnK9ZZyiN6qiQFQajNlLc+lcr3xWZcEf8zWjKoNGSewl44LGrfxbvrite3EsWagqxT+ZXqlw7Nac4GftbuUcK\/7P4pNGlVuECdFRis2acZ7Vf+8e4zw8M6PEkVET88Wjg2C84HQ6xVEQpUgYl\/sbblwXFwjPP95T81QUo8CyZctYU1OTOApFKc7WlHOs+GvXGOf56B9xjQJTpkwJWWkNR9HnuZeXda5AhChVbvz5JFOnTqVutpx0NMJexqsSGMfTdCxbnJpxnjWrgxk9ilKtra00YgINDQ1k2FVXXUXHd999N23DQVpkXH46cyxdktxndaz6a1yjwPPPP0\/GADlHLo9tNhv78ccfaT8cVDNI2wfjFi1MzDjHy3\/J9+bFNmrTpk20fe6558gQTJVjKwO44IIL2GuvvUb7RtirClXlLLyNfeoPsY1zLH6WG\/UbYdR4kUQkhw8fplG7NCw8jB07lrYYVf3www\/irkjs1cWqcbyVUOY9ZJznlIVP6SrP6J8PYMjGb2EmkynEoBtuuCHkWE7ObNu2TdwZiX1SCT3Tx4Py+\/tDlcN3jlV5hiNnf8IDMDr\/+OOP07VotGvGceX+90HVON4gF\/h4rZyIUTAInwfIh8qA+Q7w0EMPRVyLNijWoxnHC8TJeXMK+jFLOvUE2tKHiSixwYPef\/99bWEdA11s33jjDbp+6tQpOr7++utpi7wI5Ag+FpjphC2sgOfRo1MnDmfFWWStUpApokRnzpw59EAZsKaOEghDAaqIm266iW3YsIGuX3vttbSNh1JoIhtYkYmd5Dbxe\/r1O1FXNTRR477\/\/vsQw6677jo6f+LECdp6PB7a3n777SHxYhFiVH3FMB4\/yHFb+RBWJIzjEWPBo1O47777aCby7bffFldU9u\/fT9fT0tJoW19fL65EIo06U5jJTkytuZnHj0Spq\/yVplwM4959913NuFjEi4Ovg2f9xJVSGsp\/zeNG54eashtZsfoWsYzbuHEjPfTqq68WZ0LBNYRozRKlzwM+X9u0shvx7Li02iZchxviGQeOHz\/OPvjgA7ZmzRpxhrEnnniCPmc0UPKkUXiWeGxiHCi3\/I80zh5mHHoVRuus0YIeLAtKo\/AM8bjksNuKf2Gk3McffxwxaRcrSBTROUA+RtriManRVlt7eaKfNRaKaPJgVGtJyWUi+c7xnc3GlUusKjFCyRVGWc1sT4X5UpFs13CsofqaVIxTxqntMCvJZt\/k3TJQJNe1nKiv\/qVWILiR8VBE5wBKNY8efYlIpnugShjG5cc2jj4fj9MjRknsdVWDtQLBR9vhUOlDL8Gaxb4zmfqL23qGdjT8pByvLHXKBY3qQaXCaa2rGqEql0FzGYqY5YFRx4p6ySgJ+k6acsKobit9ySI\/K+P5rbm3lQqntb5k0Ld5N14sDs8+PBvXW9zTq53+rFuZ+w6bs9cnmvsyEMvTWOP05txGC8IoS1j3x8wV1v77zBJCX8CzuSnf2zjFoYmFNiVnDHkfyW6AFA8eR46VL\/fMXHhfxLN5owU+Y3qxSCi+L738\/V9to0aZVv5xHa5aXDw4Gf2\/ynkQyzWr3h0qluoOEQjza5NI8WiJm8RTV2DgRoYpf5H02QfVWbMbXIY5q3m7kCc2\/u1b1Fl6WvUOiueeMdl1VjUYnk8\/tnh\/N9PhHcfrKV43aWLxrf+rrUKO5CDxeG9QenxoDQbqvJ9zsVUenZvf0TjJiaURTazMW2iO1R\/D606C3wH8fr84MgZuqe21E8gNkHIexOP1nqe23KnMnf3zaTCwVO2ZUe3EzLQmFn8piBXLRVEPpuUxZd\/e3i7OxCZwYB8Xr0yd28XzeO7D5LN70gSnMv\/3fTfnQSz8SNIZsSRwOuVJsnvvvVecSYzAwf+wdhsXL0MnHrfHWW11x10x6kkcTz1pcU2tdPkK1OKhijWCFoWSFUsiV0YRcnNzE1re0AP\/1nZbKRdvmC7nZTDXpCIXXBHI8N4ADj\/uugpnhFhJ5KyWlhZazQhfX9SLhnDXXXeJKyrwmdUvP0fjzHeHmL3GSg67ZJ+o89zVJU7H0kU9J55jwZ\/yO6ZOcHgNxYrthxsO\/iiFEwBPlj399NN0DrkKPuA4J8M555zDVq5cSdfBnXfeyQYNGpSQcIDEqyqiNTWZ8yBeR7XV4fhbN44wlEVPWjyTy51YUe5snSVZtGiRJsyoUepfP19\/\/XWI27cM2dnZdB1CXXPNNXRu9erVdC5RSLxyS1C88Vw83rpTzuvKrgoWr111pS60RvhCWs7iD09WrLfeeoteVnpxhK++4\/9zvd+CPlRWVtLqaFFRkXZOn\/uSIXCYi8c\/drh4Lltx5zrJyt31Be4p5S6s9oeIVV0c8UdzMgwdOpReeP78+bRSe95552kiJBtWrFhBaWItc8CAAYYeUrEI8JyH9XH8HEHvhwYDw7PJpS7luQUF\/BmJcbLBZvHUTlSLoV4sXqGmWgwlqK9Q8fPHxA1Llixhu3btivgfQQasOD\/88MMh55555hnxpORAsVXFkzlPNBjoJMfqqiiTK\/I76sociKyJxfs7qljJVfASiLR9e+i4Ei0hf1zcAFcjgFFBIkLDx0D+KJsqyHnwadHnPBTbjmkTHY4\/zgs2GEqjzeKqKXNqYiHwQXX7tKqUxdLzwgsvkAMYFrglY8aMMXxxGWpra8llRYJV1XjF+MEHH6S4qPf096YC\/itqb6ghHWhsK8Rz8S6WA85B9qriNF9ZbsuZQhNViJpofFii\/7cjVfAC0q0KAcUtIyMjRITbbrstpIKX7jISeAoMHDiQrqHuevbZZ7UW9oorrmAvvfQS+WZYLBbyoOoseG9yK8QkqBANK8fuYtMXSvm4oJvE8em1Of7SnD2Bwsxg8cwcyewVlrh\/78Tjvffe0wQxCnPnzqV469atY3l5eezVV1+lY8mBAwfYzJkzydsB6Lsq4QEtcqrgPbHAHJz01MTaeqyu8lc8fWNONUwye8PFM3Hx+LDIl+QPO3pqampCXg45Dd478njevHkiZmy2bt0atajCPwrOXMmC9yKxMBnK3xe5C2LRr\/y1E2\/gaSdGa321yWXN3o11uaB4tzL7hPEpFVu8zOjRo0Ne8uabb6ZfVo8dO0b\/lr355psitjFwHluwYAFt4ees79NByE8++UTETAz82RchltUMF5pvvptgSc4HRw+cwlylOS3h4uFheGiyLF68OCSHIUCEZEAfT38\/Wlf4BiUKicXfRU6GqjnLzE4XZrZ06fK2vaF8iKskhzcY+mKbungALSpcqFG5Y\/4Mv\/JiGAXvwPCZDYxTi4uLSSQ0Ajk5OUmLbSxWFnMWZrccTUsboL5pN2CfUTfYWZy1N8AH7HioXrzO1HndiY9XJ3AUDBGLlxy8x7GGop5zB7D\/1jYEf3X6DcSL1trCG5ff2i0Bw7Nw8GOxKpauzoJY+Bt1ZuUV\/L7e4cT0uqFtRVl7ExEPTrdHjhzpliC7IwC\/5eL54WKd5jnr9B22q4Xpvc\/JetswbiB1VfTiwZkz1TovWfB7MNzRZD9LiuUoMO9pnWFLvTXsbk5OrRnuLs78d7h4nWkw4uHbsok80NR\/8PnzhFhuq6k5Zqe0r9E6vWpEhzVrM4yPV2xTxbe5iX6Ok+ufMmf5reYvj\/PWXpjy8+N4Xt5A\/GqNTqMmHl6Sj+t8m9aL108O3\/q1qj+jeXRQLJ4+ntOtXYeeBu6HDsvYz1gJzxkR4n0u5IiN7zMuFtxks9XZBykWfsrvM+6N3QG8XLlgTfCiluKRb8a4Mcy\/OTh9pMe3\/lPV0Tmb5yzEl2KNT193VosVzra0Xw5wWExf6MWjnMfFQcUOvJ+vo+M2vVh8uINi2Od8VHuSTYMG9XcUZn0ZkvN4kcUUu\/zhQM1ZfLjDxepxJ\/G+DCpwV5H5K008EbQKfuJZVMF3Ncd4nWe3mHeyiblUZ\/W6U30E\/fr9F9AUWxwrqaZlAAAAAElFTkSuQmCC\" \/><strong>GHS02 Pavojinga<\/strong><\/p>\n<p><strong>H224<\/strong> Ypa\u010d deg\u016bs skystis ir garai.<\/p>\n<p><img decoding=\"async\" alt=\"\" src=\"data:image\/png;base64,iVBORw0KGgoAAAANSUhEUgAAAEsAAABOCAYAAAEfhNvPAAAAAXNSR0IArs4c6QAAAARnQU1BAACxjwv8YQUAAAAJcEhZcwAAFxEAABcRAcom8z8AABkMSURBVGhD1VsLeFxlmc7KzVJoc2uapM39Nrm3aS5NA6Kw7AMuPIKAug8IdEHBBdl1FRXqyk3EC7igKPLgs9SKq5TF6sLKgvqIXFbFRbqSzDlzSdomvaRt2vSWNJmZ5Nv3\/f5zkplkJplJ0qJvO5k55\/znP9\/\/\/d\/9\/0+aTEFkbFzGxseco0lMa+hb2yjBthrnaBITDdlJsN3jHIl419XLOP65mGjoW1un36cuerdk5ubo70BHtX4T2tDfXq8HRDgckfu+\/CX9PY4O\/Wtr9XfaOIgP1JbqQTxYK7Nwh\/to3Lrr9o\/rT2Lf3r36ve26y0B7WH9PDgafY2+8invMAAY3fluimTTRkOCF8fGwjAT\/FNOIiGk4E6Y17PvMeufXJGIaHXr5v\/Q7cmCPfruYaDTc3+v8MhiLom7a4\/KKC\/R72ijDoWN6QOQXFzq\/cH5vn36n+SEZYw6fiLyoRpHxkARaakxP3e2T4uM+jrDbG\/Xb0ISerHWQBoeQsUgEYtVgDoAYwoPtRpR87UYiXMQ04hx2zyS58TAeGZfBJ78FOayVoVdecs4mRsLOjr35GgQ29undbbWYtX3O0XRMIX9MxbHbkXoXi5cukb5eM8PklXddY5S2TSKmM9\/aSU66+OCHrtKJXZyZ7pwxMJ1OqiGhnQUxnJHtgRhRiUa0lERjfDwiQ795EbPm6C\/\/REC0va5Gdlx6oZ6MB1cLXfAw2FaN0XggH+ZaLM\/wCUDajm5+0hw4oNR1dXXqb9g92XP\/5yA79dNGEtNZNPzg35DPdECwk8MvbZHtrbXRz4lBws5c2B1GigPga6JOXMzaWSqYtTPyNuL8ng0zdjY2FhEfZjnQiiHCVM6GhJ2NweT7MLNWNWayNEOCLXXa+UyI2xmVyt9WJZ1V2RLGIMMQTntFuvjWVBgBS4BpnXEw9ppKscqy4Ecmb+Rvb2Wu2PWFeFh8XYnpjBRYDaXiK4HXcnDZlVdIc3sbhmg6sCuXi686H257eocTnYXDIbHr8sVbneecMcgvKphinMfEV1csAfBxaofaGYfmr+AQciUCOxwNdjZV0UfHQtK1pkx8pcucMwbamRdP8YK5YcfXRoNU8TNN0TGzwWYoekW+cwad+SrzJbCmSgOOeKAdW16wwjmKRQT\/\/LAcgXUmUEk7+NN\/h42vS6h3KwpWyumLFzlHsQjhYyFwGe6z9ViHufeRB2AgGfokD7alKzvyG+PRCe2MFrP3kx+TQBs6nMKbs7MzJBfURSMCObNhXfsfvs85YzAhGmMQjeB718DUVDlnDNKXL5PcwsnO+Cyro176bvyIhojRmOiMYMPO0myx4J2iG7rUjkbGwN8aCb5nzbQREDGdEZxUf+1K6W4px8HkDSFMt42HBKMCw6mY1hlBwfaX5UhgVZHq5ChO+CACfk9xXIpcxO2MCKMDuyxPbFBpQdrfLs4G5+dgglxQ92zPcrGhIbPZMmLGzlLFvDsLg4X993xK\/FCpwf982jB8ATAnwjihnOSB53+MgKla7HM8YsPC2x1V0HuPDHX7oW34l3jeZ0VKhEUiYRA0Jsc6fytWezVC2wYYcZP0EKTDLkhHtFInPor86NGkZCAekiaMCd9IICi+5irEXiCKgudci4abvnmLMjRI962uhNM4jk9qBM5K2Bg7DI\/Cj5YjxKoXq2SZEjTbLLmi9nZFAeSvXjobjEOKJDm\/CQnj+Ni3DzruJ4cqlisxU6fmXaefpkFlHr1hUaEsSl\/iXDHguHSKa0kgw5ZYg50IMYTRCpocAFNRla8mkIQR0Rl2NPILHaLgVfk5\/awznSuTYFTicspuLIMMYqCYaiLK8sZggjC6JiJQmqMGPtBQnoCUWDy9+ekJd89Pa\/ta50p8cIDhoQPiR+jQ3VYHZ2OUJzJlJtIYPhFW+TKNpLuaS2VkYFfCMCEeslbkGY6VFInl9TpnZ8HouAx3vSVWWyWUqVYCtYYR7syk7fv6XSAIMcfaOum5oElPpgpOHwlbugy+JgW4RASbyhCVwHu2VMmh\/9io59LGw5AAcGffo1\/Wmko3NC\/YsUqFPxkwKP3aQw\/KWVkZs06jwaSAeKtyVd6YXx\/+\/a\/QF0h1Lk\/IGMMZjmDfvXdqOmfDxez++EeNds6g4vQCQ8PD8tHrrpMXX3rRORsfYwhH2V\/3xeci4oGGIqA78PT3zMUpj0hgLiKy7aqLkN7AssMG7fzGvdNCJhdbt25V2VKTgem89dZbnSuTYMGDkeWuT16PMLVelWvgrs9qMJ4ICe0YmUT590M77fYq6W73yLH\/+SWUInaSOZW7du+WVWuaZOOmTc7ZSbAcsnfj44jAaqQHOdz2S8\/TfmdDQsJcjEVC2lFXURZSeg8is1oZ6XnbUD0D6DEOv\/AsIuMG5ZC9qkK5ltBwTcGshBEaHmLk7JICa\/FBcNKjB\/Ya1jrP0nawM0O\/\/bX4WxFp0AzAt3IMEeREqSApwlzwuS7ssuXqO72NJXo8jsg7cnhAumE4A5j6zopso9m8J+q+ZJESYdGIgBDCV7kMqXudmhpWkztLYutNc8WcCXPh1r+9FSZtpV1cCMyLMGok4yz81eOQU+eaL+ZHFASOZHRVLpfO8kxzcgEwZ6LcKMRXjAQP\/pU1ps4yQ5hbGZwrUiZKYynzX6yqPC0D+Jvh41rrNIP3Vy3XdvMhK2WiWD4mrIKz1VB2N5fIyLH9cvzt3ylhFmyVVbbMkbK5ISWi3MDNLsjQsjxDktB+sxZDYg+9\/BwIrYY3qEPYXKSEuSYkFaREFKekqyQbBDWIr7VWQgf7JypetO6UpaOvvqQxFIM8X13BnDiWFFFusS9IGQIXekDQkPdNJWQqxpFfDj73Y+QEHsRvHkypqSFHVyJnw4xEUeHdvvyrkCSsgwUHUUd+8ZxOV7zn8DyVYe93H9Ri\/3bIWfcHOhzCkpvKmYlCT4yHes5txKjBobUVcvDZTZimUdNgJoyHZPfnb0EoVIXprJYdN3xI+0sGCYlyA77uyy\/QVD7Q2ij933xAz0XjxV+8JGWeSsnIyZYNX\/iCnnOnlXzZfct63F8PW1Yre26\/GTKG7GeWqUxIFDvc+bEPq9MNtiIy\/ewncA4hddRwt\/fu0DzRzRX5fe\/9X5poE4KBpaDvuPISCWLqA9DY\/gfuMLHWDJhGFItc7KjnI5eIrwMdQYv6br5awnFU+w9vvBGVI5pQ+aL3X+xcnQRJ7PnrVkwlxAAyueuhuya0Nh5iiKJdpHDvuu162BuPJhi9V3\/QXExQgVletHIio+bnB089FcNNwvQL7e1ANsWqDgg7+MMnqNYT2XY0YogiM3pvv0mrMkHESLvWX6WdzQTWbpUgTB1ruAcPHpxGlMJhdDc5BvmijA1+\/\/EJcxMNJSqMobDYuecbD8Cx1sIONUjf3543K0HEGWcvniAqM8\/4vdkQbKmGrFapEz\/0\/GZ9dvSzlCgSO7DxUeM64CYCMAFsxMazIe3Ud2mVhkLurnbG5ZSDccgSr3Yhe\/YhN7RhYI\/+8VVz0UFaBNHioRd+ZsJazHdPc2rF\/8bVq5VTJCrttFOcszNDB4yPVZOP59aIt61cjvf6ZSxs5Dbt6O9fUcHT1KihyBA0w0in4p577zFE4ePu0ZgV7N55hoVQh6m9v6lKRnu79VyaH2GGnmytRjg7MiPr4+GtrW8ZO4XPDTdN7uRIBrRjI\/07dJ3Chh2zysygVKa6SpdKD5PPpnK1UWNjSbgRwB1ATsEK5dbzL\/xcj2cFRJVJR2hwDzxFJQS+Xnxgjos0LitTnO3SbJ1C7+picyUJuESlpaXJKYvO0N+zQqfOfPlaPGLTbq3M1OOwYwuVU64B81ZmqcH01a1QQhMVPBIhmannMnF49JjYqyuVIBsc4l3RdypR2pdztgtpOtfzfNUr9RSrKYngEnHf\/ffLR665Wn8ngjZFEEiLFKgtRFzWKH5nmXPqYJQoF27ZxqpeIV5mJ+XxVyaj0daxTjWPMsVpTAQ+l9z3eQpgeurFKjcrx1zYnYppvZBq0m1hNJqWQ9Z4fDyBIU079RTVPn6WLIuf+7HmwD7sqgJY89WYsplNxzSi6P8oSiF0YzeWaizVVZKpozRzEIuKWs+k8ZzCKbe1ElSRoxpugTA9F2cR2kVCfo+HwxI+MiCBJkQLyO06i5cawqLgOtNrrr9O6ldN32zDZUzCV5KuC6ze+gLtY2pBbipmEAL85xBHhiXQUqla6S0ycsCi6lRMFVYWG5VDpVmwQ\/Cn9a63cPqdAYmJIvBwOtDw0QHpQnzlg9X1lmdP41gi2KVL4OSrxctVMSASSa6QNjNRDpiEjvYG4Dy5qgDNqXamIc6QOe3KobKl6r6s5ioQM4Rzs7AnCskRhYezwnL8jdcQZ9ciAETc3ljmXHUehi8SSWnpqnSWXkjQsUFMtwlXkkVSRLmgZh752WatIgeQkPrf1zw5lY7Q+z15cK41cPAeGd5hgUuJtSwRUiKKo6XF2fvtr0Ejq5EH1kjPVRer0SVJNl3U2lUaCg299kveMiekRBQR5lTie+cdt+kuNdYV+v7hGuk5r0nljfsvjmz5oRO1pjJpk0iZKBd8ZO\/N18HqN6qB5V5bFjb2ffsrIGhuxLiYO1E0F\/ju+6cbQRCca3uD7H3sQUwlzsfRylQwZ6IIPlsJe\/95IO4TmhUtBOZF1InCO0sU2Mxok0kMOb7zH28Qb+4S2f\/YI3pZi+HzFIWFxElnlpbfJz4m1Nr\/3a8if8mBIteqlQnA1HmL0+UYMkAKKp0Ct+i4deB3CiedWVwa4LKlMunRB8VbmIkknl4VzotZqFo+VrSQs7fUi12cIYO\/ft65N3XHtZA4KcxizsaqXAiKRSYNPv4tsQuR14EhjARZUeteBd91YYscty0JIjtmbdwPR6vbBVpqJFiaIYf\/8Jrpj6tV6vFProqeMGYZ2TEgs5RJL\/5EvMj7uNikH0QY\/mak8Gs8EurfqXEZg0sq2\/E3XxfLky\/+NrRhnIacwYcQ3aorlFBvUNtMPuXkMO2EMUvXKxEkclCjnf8rdmUe4kSP2FA5jYCaqxFl58pQj9ksG2OOYM9CzvGB538kAe43WwdJgxT6O6Cmq8t0exerAWwWcmzgicYCMmtc4wbmx25SNrJ\/l\/hWI8VtMbVnvsPCBTm7LEuOv\/orlQeOUeUjeqx6AWzQ08YJDD71Hd0zx9c7fCyKIg72N5VK8H1rcN2EolzC0kdDOk8EFlSy3B2GoSP7kN5Uit3MTQxUNwwO8bMX2erBn\/xI1Y2VtOSWuzgJsHlO071f+6J0lXPdGMlp+2rZ1lotb68pk95LL3BUE31P\/FpYzJtZamec9Iok2p5csWFb+G5EkAktS4rwaAeffsppkwyDEsNskhLZd\/dnxVuxXHra4QzgBAJI96y6CjDtvfoEUsStCjNtz0oVKTOLIu+qDRMsdw798F4WvBhfYLJAOBfou8oyZf\/Gx\/U6JYkFw9mCzMHBQRkeHnaOYkG7xK2IDGLdLYl7PnOjeKtW6FIlJ4hvIASrc6Tvxg+TRAcO1fNkXOqSRT4xVsJPMqrn\/DbxNxToyjNfvNO6TWm6DHz\/UW0+OguBt9x6q6T9VZqkL8vSwnhu0Ur9zsrP1UUXluk6nXewpi49mSTQnOv73G0S9GQh1KCnhfeE6lueYulbf5leN2QYBs8VyTHLsS8sZpE0Pnf75ReKVVtilkQ1DMDMQi12PnCH3kIofaQyAb9eeeUVOf3MRaaoWjy5VZcrVPk8xjeZ1tzWqu2nSYbTNT+ki5+d114uVn2BBri+dVWqonbFStl91z\/jqmnDFdK5qGdSzDIRt5GmvTd9VLzc+AwGcSXUXof0pGqZ9N10g7YlMcks2xEDAwOyOH0JpMms\/0wwK+pzFqRrwxf\/xbkjMegrdBcKv0HFtssuEKuhUL2whQn1tzWKr3y5HHjiIad9cjRGIyGzdM9EOKSeiNhz\/+dhUBErQbx1+RA5XGdNkWy\/9gN6fa4Cvrql2WxnnsosR9pOW7xI19mJZG2Oy4ax8IgEz2\/STeN8l9V7To1sA91dpZly5IXNOvlc14+3shwPMczizZQh898M\/8D3HhZveR7EulqXgviuidVYLMGLz1VZ01aY1rnMFHHHFzboLmZ30cX95MF2LS+EDYt6nSzZQWmyjqasaPCO8IF+3TzavaoMY6jHhCM4piNCCDL08n\/rGHQieN8MExLDLBLjhj6HnnkKNigbUoSAUmuMSGrXQP3akJqMmMhZX7SYJ97aulXSTj8liklGwvidkZsjl195hbabqycj40JOAj7S0yVdNcXS3cRswGOcEuK1AIRhyH5T20R0LSf+s9LoUSgV7g6yA1t+IN6iJXDFjUhN4IqZkzUjJCjL11LjiUBGZgakyOwccSUsD8dUwS1btjit5s6wibswRE5v5NCAdBUvRcrlAdMaoKLILlrgCIqzZGSH17QBPxhkRz8xTRcg8GPwpz+GumVCTCmi3NZeI9tXV0B8a3DnMW2sm0PmqG4z4dr110t6TvaEdLn7NdLOOM1psTDgZGu8R8+O4+O7t4m\/MlfXLqg5rNIzWefbtqPdljIterRpe79+j3RV5Oi7hNxKo\/WkVgSVHUhU95uX+40Qnzg888wzcsbZ5tUQV7Ky8pdL+7nnOC0WHpRSd533WOdb4oMd5o4KFiD57imrIRaC3cHN5jUTQm3WwIvPiV2UqbsHKVFaqVxTLj1IeiOHDcO0c37r34WBq1aM2s\/KWGriLcdmnYmQ4qFH\/lWvLxSUfvzRGMsZxjH\/VsSLK5HLcl8XYzMu20E9ER4N+f\/PNHIANaRqmYOBTY+JVbpMOcy0hd++VaXS8zftEpLjxvM5A1wI6AQ4\/a1uXqMBqEoXGHbqonfLtm3b9NpCQb2kY5tH9+\/QVwz9rZUw9A0QlFp8I\/mvypPht36vbbSKEiUcsXGWc37Pl+8Uuyxb8ztdj2QaU1ci2z98kTahWrIuPvUdsvnC8vnk07ffLg8\/8rBzxjB0PuD2S9oo2mbSHQ4Ni\/89EIbV3L4KdUNwzXzSV5Ilgz9\/1tyUADHMCo2PKud1BnC857abxarMRyBXK10dXExoFKtmhey65Wq9Pr9hzA4yKtnYKiFw+6hjprddep7W15gKBWCX6emDZctkzxPOahKfN554T0GsZEWBDIPz1N\/brrlEAp586DNSm7XUbXgNxGC7v\/J5va4z5gZoKcCVmhAyhdKqCjnlzHfLUiTUS7Iz5V2nnSqvv\/66Xk8VlCRWJahEZFPv318BzeAGIFOeDrIQiTx2992f1vYOGbMiMbP4GOo3enK94Y4rzhe7FjYMcQm9Rs\/aKrHhevvvvM1pQSbzj\/mdDIaGh7SyoF6Qxl2TaOMVWXW4c8OdTstZgOci\/DTSiN+c5t7rPqBhgH2OMd7q5cqypP8+0yfbsqioBj8JJGRWNFhxoIiSAHbbx33T9YWYIUfnIW0+5I177\/6Mtp9hQ9M0HD16VEs0btXB9YY8XpyRLl+8+y6n5cww7yeZQW+\/9jJowgqxOurM7mKkal5oxp77N+h1jmOmzXiJkBSzosFZI0l81LaL3gNvWaKxWRB2zQcRZ8Fv4PGHtQ3tH3eGmjsSo29nnyyDJ1yUfrbuZs5EjJV2+qny5MYnnRbxMYY0JozPmOPhdt9+M2zQCjUVnETS468ukL5PrVcKUhD4uEiZWepVmEM6r2GOjhzVmQs2MdE2peRgK0S+BJn98yazTwSqgfuJB62hJbhGuJf6H3lA\/KUs\/IE5DHvaYR7qK2TH371fr7NZGOI+X2eRMrOiQSkjAZSd0J5uff3dj3SBMZq+67W2Ql+rGvrj64ZgSMB880st3DmDPvzMRukszdDMw4dYaTue+XZTmfRc2I6nGOOerD1KBvNiFslQY6o\/9JQMWX9EYFeoq8hcTdYl+RbMdEOpHO83QSYlRpmWxESbZ+Av1dkZ+JHfvSy+8pyJjIOLsFYTJqnFIyOD+\/Ue9m08+sJhXsyaCs74qJNoH375F2IhMec7c3xZneppt1RINzKC0Ngx42GTGQkGTNUnQn1BffM12MxXQljOrhUL\/ftrciW0oxu+kI0ovScGC8qsaLjqeXDzJuSdGVoHc18Xt5rLZFtHk0oA2zDlilYX\/lSpcOpQo4f36CsDgRZuMjSrOD5Ka2mODAf+ZCTJ+XsiccKYxY0gfHvELUsPPLtJrOJ02DO4cUhagGUgRNM9kI6poL0hE8MH+qQLcVwAKk0G6XIXUhOrMENGt3cpe7gKrdvTTzyvThyzosGNIe6bxgc2fQcxmdmLxf34PVTPhlzpueR8ZRJVKbyvR\/yNldLVUgqmmgCYL9XZ1bky\/Kc\/KF\/CY8ltdV5InBRm8eVPCphZTjOGqv+rG+AIEBNRLZ06kh9OwM9lrOZyMJLBJINehCFl+XLkV1uM8DiVAKrpSRCmGJwUZkWDGsPSR8SRtJ0bPiV+vh6MWM14T2QEYBJr497SXDn4b9\/Udsw9GSu9kzjpzIqGu2+L2L7+SumqX6Gq6avMlv57PqfXEEqaBn8GeEeZpWuT4IU6AxyHBg8goGyDwTbviKhXZIM\/E7yjzPrLgsj\/A070agCGjHaOAAAAAElFTkSuQmCC\" \/><strong>GHS07 Atsargiai&nbsp;&nbsp;&nbsp;&nbsp;&nbsp;&nbsp;&nbsp;&nbsp;&nbsp;&nbsp;&nbsp;&nbsp;&nbsp;&nbsp;&nbsp;&nbsp;&nbsp;&nbsp;&nbsp;&nbsp;&nbsp;&nbsp;&nbsp;&nbsp;&nbsp;&nbsp;&nbsp;&nbsp;&nbsp;&nbsp;&nbsp;&nbsp;&nbsp;&nbsp;&nbsp;&nbsp;&nbsp;&nbsp;&nbsp;&nbsp;&nbsp;&nbsp;&nbsp;&nbsp;&nbsp;&nbsp;&nbsp;<\/strong><\/p>\n<p><strong>H319<\/strong> Sukelia smark\u0173 aki\u0173 dirginim\u0105.&nbsp;&nbsp;&nbsp;<\/p>\n<p><strong>H412<\/strong> Kenksminga vandens organizmams, sukelia ilgalaikius pakitimus.<strong>&nbsp;&nbsp;&nbsp;&nbsp;&nbsp;&nbsp;&nbsp;&nbsp;&nbsp;<\/strong><\/p>\n<p><strong>EUH208<\/strong> Sud\u0117tyje yra kvapai. Gali sukelti alergin\u0119 reakcij\u0105.<\/p>\n<p>P101 Jei reikalinga gydytojo konsultacija, su savimi tur\u0117kite produkto talpykl\u0105 ar jo etiket\u0119.<\/p>\n<p>P102 Laikyti vaikams neprieinamoje vietoje.<\/p>\n<p>P103 Prie&scaron; naudojim\u0105 perskaityti etiket\u0119.<\/p>\n<p>P210 Laikyti atokiau nuo &scaron;ilumos &scaron;altini\u0173, kar&scaron;t\u0173 pavir&scaron;i\u0173, \u017eie\u017eirb\u0173, atviros liepsnos arba kit\u0173 degimo &scaron;altini\u0173. Ner\u016bkyti.<\/p>\n<p>P261 Stengtis ne\u012fkv\u0117pti gar\u0173.<\/p>\n<p>P264 Po naudojimo kruop&scaron;\u010diai nuplaukite rankas.<\/p>\n<p>P273 Saugoti, kad nepatekt\u0173 \u012f aplink\u0105.<\/p>\n<p>P280 M\u016bv\u0117ti apsaugines pir&scaron;tines\/naudoti aki\u0173 (veido) apsaugos priemones<\/p>\n<p>P303+P361+P353 PATEKUS ANT ODOS (arba plauk\u0173): nedelsiant nuvilkti visus u\u017eter&scaron;tus drabu\u017eius. Od\u0105 nuplauti vandeniu [arba \u010diurk&scaron;le].<\/p>\n<p>P305+P351+P338 PATEKUS \u012e AKIS: Kelias minutes atsargiai plauti vandeniu. I&scaron;imti kontaktinius l\u0119&scaron;ius, jeigu jie yra ir jeigu lengvai galima tai padaryti. Toliau plauti akis.<\/p>\n<p>P337+P313 Jei aki\u0173 dirginimas nepraeina: kreiptis \u012f gydytoj\u0105.<\/p>\n<p>P403+P235 Laikyti gerai v\u0117dinamoje vietoje. Talpykl\u0105 laikyti sandariai u\u017edaryt\u0105.<\/p>\n<p>P501 Turin\u012f\/talpykl\u0105 i&scaron;pilti (i&scaron;mesti) &#8211; sunaudot\u0105&nbsp; pakuot\u0117 utilizuoti&nbsp; kaip buitines atliekas.<\/p>\n","protected":false},"excerpt":{"rendered":"<p>Aromat\u0173 difuzoriaus sud\u0117tyje esanti speciali esencija suteiks J\u016bs\u0173 namams ar biurui malon\u0173 kvap\u0105 ir nuspalvins interjer\u0105 dekoratyvia i&scaron;vaizda. Nat\u016bralios bambuk\u0173 lazdel\u0117s sugeria nat\u016brali\u0173 aliej\u0173 esencij\u0105 ir i&scaron;skiria malon\u0173 aromat\u0105 \u012f or\u0105, sukurdamos jauki\u0105 atmosfer\u0105. Naudojimo instrukcija: atidarykite aromato difuzoriaus pakuot\u0119 ir i&scaron;imkite gamin\u012f. Nuimkite juod\u0105 plastikin\u012f dangtel\u012f, tada i&scaron;traukite ki&scaron;tuk\u0105. V\u0117l u\u017ed\u0117kite juod\u0105 plastikin\u012f dangtel\u012f [&#8230;]\n","protected":false},"featured_media":98437,"template":"","meta":[],"product_cat":[1524],"product_tag":[],"class_list":{"0":"post-98435","1":"product","2":"type-product","3":"status-publish","4":"has-post-thumbnail","6":"product_brand-sora_tr-lt","7":"product_cat-oro-gaivikliai-namu-kvapikliai","9":"first","10":"outofstock","11":"taxable","12":"shipping-taxable","13":"product-type-simple"},"_links":{"self":[{"href":"https:\/\/e.kosmolat.eu\/lt\/wp-json\/wp\/v2\/product\/98435","targetHints":{"allow":["GET"]}}],"collection":[{"href":"https:\/\/e.kosmolat.eu\/lt\/wp-json\/wp\/v2\/product"}],"about":[{"href":"https:\/\/e.kosmolat.eu\/lt\/wp-json\/wp\/v2\/types\/product"}],"wp:featuredmedia":[{"embeddable":true,"href":"https:\/\/e.kosmolat.eu\/lt\/wp-json\/wp\/v2\/media\/98437"}],"wp:attachment":[{"href":"https:\/\/e.kosmolat.eu\/lt\/wp-json\/wp\/v2\/media?parent=98435"}],"wp:term":[{"taxonomy":"product_cat","embeddable":true,"href":"https:\/\/e.kosmolat.eu\/lt\/wp-json\/wp\/v2\/product_cat?post=98435"},{"taxonomy":"product_tag","embeddable":true,"href":"https:\/\/e.kosmolat.eu\/lt\/wp-json\/wp\/v2\/product_tag?post=98435"}],"curies":[{"name":"wp","href":"https:\/\/api.w.org\/{rel}","templated":true}]}}