{"id":98411,"date":"2025-10-13T07:20:51","date_gmt":"2025-10-13T07:20:51","guid":{"rendered":"https:\/\/e.kosmolat.eu\/?post_type=product&#038;p=98411"},"modified":"2026-04-13T10:05:55","modified_gmt":"2026-04-13T10:05:55","slug":"golden-star-balm-zelta-zvaigzne-4-g","status":"publish","type":"product","link":"https:\/\/e.kosmolat.eu\/lt\/produktas\/golden-star-balm-zelta-zvaigzne-4-g\/","title":{"rendered":"GOLDEN STAR BALM  balzamas, 4 g"},"content":{"rendered":"<p>I\u0161oriniam naudojimui. Vietnamieti\u0161kas aromatinis balzamas su b\u016bdingu eterini\u0173 aliej\u0173 kvapu. Sud\u0117tyje yra pipirm\u0117\u010di\u0173, arbatmed\u017ei\u0173, gvazdik\u0117li\u0173 ir cinamono eterini\u0173 aliej\u0173, taip pat mentolio ir kamparo. Tinka kosmetikos, aromaterapijos ir kvepal\u0173 kompozicijoms praturtinti.<\/p>\n<p>Naudojimas: \u012emai\u0161ykite aromatinio balzamo \u012f pagrindin\u0119 kosmetikos priemon\u0119 santykiu 10:1.<\/p>\n<p>\u012esp\u0117jimai: Nenaudokite, jei esate jautrus bet kuriai i\u0161 sudedam\u0173j\u0173 dali\u0173 arba jei esate n\u0117\u0161\u010dia ar \u017eindote k\u016bdik\u012f. Venkite patekimo \u012f akis, ant gleivini\u0173 ar pa\u017eeistos odos (tokiais atvejais kelias minutes plaukite vandeniu).<\/p>\n<p>Laikyti vaikams nepasiekiamoje vietoje, ne auk\u0161tesn\u0117je kaip +30 \u00b0C temperat\u016broje.<\/p>\n","protected":false},"excerpt":{"rendered":"<p>I\u0161oriniam naudojimui. Vietnamieti\u0161kas aromatinis balzamas su b\u016bdingu eterini\u0173 aliej\u0173 kvapu. Sud\u0117tyje yra pipirm\u0117\u010di\u0173, arbatmed\u017ei\u0173, gvazdik\u0117li\u0173 ir cinamono eterini\u0173 aliej\u0173, taip pat mentolio ir kamparo. Tinka kosmetikos, aromaterapijos ir kvepal\u0173 kompozicijoms praturtinti. Naudojimas: \u012emai\u0161ykite aromatinio balzamo \u012f pagrindin\u0119 kosmetikos priemon\u0119 santykiu 10:1. \u012esp\u0117jimai: Nenaudokite, jei esate jautrus bet kuriai i\u0161 sudedam\u0173j\u0173 dali\u0173 arba jei esate n\u0117\u0161\u010dia [&#8230;]\n","protected":false},"featured_media":98413,"template":"","meta":[],"product_cat":[2181],"product_tag":[],"class_list":{"0":"post-98411","1":"product","2":"type-product","3":"status-publish","4":"has-post-thumbnail","6":"product_brand-elpis-lt","7":"product_cat-bez-kategorijas-lt","9":"first","10":"outofstock","11":"taxable","12":"shipping-taxable","13":"product-type-simple"},"_links":{"self":[{"href":"https:\/\/e.kosmolat.eu\/lt\/wp-json\/wp\/v2\/product\/98411","targetHints":{"allow":["GET"]}}],"collection":[{"href":"https:\/\/e.kosmolat.eu\/lt\/wp-json\/wp\/v2\/product"}],"about":[{"href":"https:\/\/e.kosmolat.eu\/lt\/wp-json\/wp\/v2\/types\/product"}],"wp:featuredmedia":[{"embeddable":true,"href":"https:\/\/e.kosmolat.eu\/lt\/wp-json\/wp\/v2\/media\/98413"}],"wp:attachment":[{"href":"https:\/\/e.kosmolat.eu\/lt\/wp-json\/wp\/v2\/media?parent=98411"}],"wp:term":[{"taxonomy":"product_cat","embeddable":true,"href":"https:\/\/e.kosmolat.eu\/lt\/wp-json\/wp\/v2\/product_cat?post=98411"},{"taxonomy":"product_tag","embeddable":true,"href":"https:\/\/e.kosmolat.eu\/lt\/wp-json\/wp\/v2\/product_tag?post=98411"}],"curies":[{"name":"wp","href":"https:\/\/api.w.org\/{rel}","templated":true}]}}