{"id":97572,"date":"2025-10-01T07:45:49","date_gmt":"2025-10-01T07:45:49","guid":{"rendered":"https:\/\/e.kosmolat.eu\/product\/astera-flex-act-duo-pack-videji-cieta-zobu-birste-2-gab\/"},"modified":"2026-04-01T08:39:19","modified_gmt":"2026-04-01T08:39:19","slug":"astera-flex-act-duo-pack-videji-cieta-zobu-birste-2-gab","status":"publish","type":"product","link":"https:\/\/e.kosmolat.eu\/lt\/produktas\/astera-flex-act-duo-pack-videji-cieta-zobu-birste-2-gab\/","title":{"rendered":"ASTERA Flex Active Duo Pack dant\u0173 \u0161epet\u0117lis, vidutinio kietumo, 2 vnt."},"content":{"rendered":"<p>Daugiau nei 2000 \u0161ereli\u0173. Lankstus kaklelis. Ergonomi\u0161ka rankena.<\/p>\n","protected":false},"excerpt":{"rendered":"<p>Daugiau nei 2000 \u0161ereli\u0173. Lankstus kaklelis. Ergonomi\u0161ka rankena.<\/p>\n","protected":false},"featured_media":97574,"template":"","meta":[],"product_cat":[2181],"product_tag":[],"class_list":{"0":"post-97572","1":"product","2":"type-product","3":"status-publish","4":"has-post-thumbnail","6":"product_brand-aroma-bg-lt","7":"product_cat-bez-kategorijas-lt","9":"first","10":"instock","11":"taxable","12":"shipping-taxable","13":"product-type-simple"},"_links":{"self":[{"href":"https:\/\/e.kosmolat.eu\/lt\/wp-json\/wp\/v2\/product\/97572","targetHints":{"allow":["GET"]}}],"collection":[{"href":"https:\/\/e.kosmolat.eu\/lt\/wp-json\/wp\/v2\/product"}],"about":[{"href":"https:\/\/e.kosmolat.eu\/lt\/wp-json\/wp\/v2\/types\/product"}],"wp:featuredmedia":[{"embeddable":true,"href":"https:\/\/e.kosmolat.eu\/lt\/wp-json\/wp\/v2\/media\/97574"}],"wp:attachment":[{"href":"https:\/\/e.kosmolat.eu\/lt\/wp-json\/wp\/v2\/media?parent=97572"}],"wp:term":[{"taxonomy":"product_cat","embeddable":true,"href":"https:\/\/e.kosmolat.eu\/lt\/wp-json\/wp\/v2\/product_cat?post=97572"},{"taxonomy":"product_tag","embeddable":true,"href":"https:\/\/e.kosmolat.eu\/lt\/wp-json\/wp\/v2\/product_tag?post=97572"}],"curies":[{"name":"wp","href":"https:\/\/api.w.org\/{rel}","templated":true}]}}