{"id":97564,"date":"2025-10-01T07:45:32","date_gmt":"2025-10-01T07:45:32","guid":{"rendered":"https:\/\/e.kosmolat.eu\/product\/aroma-fc-mitras-salvetes-rokam-ar-mellenu-aromatu-15-gab\/"},"modified":"2026-04-15T09:34:17","modified_gmt":"2026-04-15T09:34:17","slug":"aroma-fc-mitras-salvetes-rokam-ar-mellenu-aromatu-15-gab","status":"publish","type":"product","link":"https:\/\/e.kosmolat.eu\/lt\/produktas\/aroma-fc-mitras-salvetes-rokam-ar-mellenu-aromatu-15-gab\/","title":{"rendered":"AROMA Fresh &#038; Clean m\u0117lyni\u0173 kvapo rank\u0173 servet\u0117l\u0117s, 15 vnt."},"content":{"rendered":"<p>Valo, dr\u0117kina ir gaivina j\u016bs\u0173 rankas, suteikia joms \u0161veln\u0173 \u0161varos poj\u016bt\u012f.<\/p>\n<p>Geriausias: 3 metai nuo pagaminimo datos.<\/p>\n","protected":false},"excerpt":{"rendered":"<p>Valo, dr\u0117kina ir gaivina j\u016bs\u0173 rankas, suteikia joms \u0161veln\u0173 \u0161varos poj\u016bt\u012f. Geriausias: 3 metai nuo pagaminimo datos.<\/p>\n","protected":false},"featured_media":97566,"template":"","meta":[],"product_cat":[1808],"product_tag":[],"class_list":{"0":"post-97564","1":"product","2":"type-product","3":"status-publish","4":"has-post-thumbnail","6":"product_brand-aroma-bg-lt","7":"product_cat-dregnos-serveteles-ir-nosines","9":"first","10":"outofstock","11":"taxable","12":"shipping-taxable","13":"product-type-simple"},"_links":{"self":[{"href":"https:\/\/e.kosmolat.eu\/lt\/wp-json\/wp\/v2\/product\/97564","targetHints":{"allow":["GET"]}}],"collection":[{"href":"https:\/\/e.kosmolat.eu\/lt\/wp-json\/wp\/v2\/product"}],"about":[{"href":"https:\/\/e.kosmolat.eu\/lt\/wp-json\/wp\/v2\/types\/product"}],"wp:featuredmedia":[{"embeddable":true,"href":"https:\/\/e.kosmolat.eu\/lt\/wp-json\/wp\/v2\/media\/97566"}],"wp:attachment":[{"href":"https:\/\/e.kosmolat.eu\/lt\/wp-json\/wp\/v2\/media?parent=97564"}],"wp:term":[{"taxonomy":"product_cat","embeddable":true,"href":"https:\/\/e.kosmolat.eu\/lt\/wp-json\/wp\/v2\/product_cat?post=97564"},{"taxonomy":"product_tag","embeddable":true,"href":"https:\/\/e.kosmolat.eu\/lt\/wp-json\/wp\/v2\/product_tag?post=97564"}],"curies":[{"name":"wp","href":"https:\/\/api.w.org\/{rel}","templated":true}]}}