{"id":97548,"date":"2025-10-01T07:44:54","date_gmt":"2025-10-01T07:44:54","guid":{"rendered":"https:\/\/e.kosmolat.eu\/product\/astera-diamond-mutes-dobuma-skalos-lidz-6-in-1-300-ml\/"},"modified":"2026-04-16T08:47:25","modified_gmt":"2026-04-16T08:47:25","slug":"astera-diamond-mutes-dobuma-skalos-lidz-6-in-1-300-ml","status":"publish","type":"product","link":"https:\/\/e.kosmolat.eu\/lt\/produktas\/astera-diamond-mutes-dobuma-skalos-lidz-6-in-1-300-ml\/","title":{"rendered":"ASTERA Diamond burnos skalavimo skystis 6in1, 300 ml"},"content":{"rendered":"<p>U\u017etikrina i\u0161sami\u0105 burnos ertm\u0117s prie\u017ei\u016br\u0105. Sud\u0117tyje yra specialus trigubas kompleksas nuo apna\u0161\u0173, \u0117duonies ir blogo burnos kvapo. Tinka kasdieniam naudojimui, neutralizuoja kenksmingas bakterijas ir suteikia ilgalaik\u0119 apsaug\u0105 nuo apna\u0161\u0173. Gaivina burnos kvap\u0105 ir palaiko sveikas dantenas bei dantis. Padeda i\u0161vengti \u0117duonies ir dant\u0173 jautrumo. Be alkoholio.<\/p>\n<p>Naudojimo instrukcija: Pripildykite dangtel\u012f ir energingai skalaukite ma\u017edaug 1 minut\u0119.<\/p>\n<p>Atsargumo priemon\u0117s: Nenurykite. Nerekomenduojama vaikams iki 7 met\u0173 am\u017eiaus.<\/p>\n<p>Sud\u0117tyje yra 0,0225% natrio fluorido (fluoro pavidalu).<\/p>\n","protected":false},"excerpt":{"rendered":"<p>U\u017etikrina i\u0161sami\u0105 burnos ertm\u0117s prie\u017ei\u016br\u0105. Sud\u0117tyje yra specialus trigubas kompleksas nuo apna\u0161\u0173, \u0117duonies ir blogo burnos kvapo. Tinka kasdieniam naudojimui, neutralizuoja kenksmingas bakterijas ir suteikia ilgalaik\u0119 apsaug\u0105 nuo apna\u0161\u0173. Gaivina burnos kvap\u0105 ir palaiko sveikas dantenas bei dantis. Padeda i\u0161vengti \u0117duonies ir dant\u0173 jautrumo. Be alkoholio. Naudojimo instrukcija: Pripildykite dangtel\u012f ir energingai skalaukite ma\u017edaug 1 [&#8230;]\n","protected":false},"featured_media":97550,"template":"","meta":[],"product_cat":[1313],"product_tag":[],"class_list":{"0":"post-97548","1":"product","2":"type-product","3":"status-publish","4":"has-post-thumbnail","6":"product_brand-aroma-bg-lt","7":"product_cat-burnos-skalavimo-priemones","9":"first","10":"instock","11":"taxable","12":"shipping-taxable","13":"product-type-simple"},"_links":{"self":[{"href":"https:\/\/e.kosmolat.eu\/lt\/wp-json\/wp\/v2\/product\/97548","targetHints":{"allow":["GET"]}}],"collection":[{"href":"https:\/\/e.kosmolat.eu\/lt\/wp-json\/wp\/v2\/product"}],"about":[{"href":"https:\/\/e.kosmolat.eu\/lt\/wp-json\/wp\/v2\/types\/product"}],"wp:featuredmedia":[{"embeddable":true,"href":"https:\/\/e.kosmolat.eu\/lt\/wp-json\/wp\/v2\/media\/97550"}],"wp:attachment":[{"href":"https:\/\/e.kosmolat.eu\/lt\/wp-json\/wp\/v2\/media?parent=97548"}],"wp:term":[{"taxonomy":"product_cat","embeddable":true,"href":"https:\/\/e.kosmolat.eu\/lt\/wp-json\/wp\/v2\/product_cat?post=97548"},{"taxonomy":"product_tag","embeddable":true,"href":"https:\/\/e.kosmolat.eu\/lt\/wp-json\/wp\/v2\/product_tag?post=97548"}],"curies":[{"name":"wp","href":"https:\/\/api.w.org\/{rel}","templated":true}]}}