{"id":97540,"date":"2025-10-01T07:44:34","date_gmt":"2025-10-01T07:44:34","guid":{"rendered":"https:\/\/e.kosmolat.eu\/product\/parodont-active-prebiotic-mutes-dobuma-skalos-lidz-300-ml\/"},"modified":"2026-04-15T09:34:04","modified_gmt":"2026-04-15T09:34:04","slug":"parodont-active-prebiotic-mutes-dobuma-skalos-lidz-300-ml","status":"publish","type":"product","link":"https:\/\/e.kosmolat.eu\/lt\/produktas\/parodont-active-prebiotic-mutes-dobuma-skalos-lidz-300-ml\/","title":{"rendered":"PARODONT ACTIVE prebiotinis burnos skalavimo skystis, 300 ml"},"content":{"rendered":"<p>\u0160is burnos skalavimo skystis stiprina ir tonizuoja dantenas bei palaiko nat\u016brali\u0105 naudingos mikrofloros pusiausvyr\u0105.<\/p>\n<p>Atsargumo priemon\u0117s: Nenurykite. Nerekomenduojama vaikams iki 7 met\u0173.<\/p>\n<p>Naudojimas: Pripildykite dangtel\u012f ir intensyviai skalaukite burn\u0105 ma\u017edaug 1 minut\u0119. Naudokite du kartus per dien\u0105 po dant\u0173 valymo.<\/p>\n<p>Sud\u0117tyje yra 0,045% natrio fluorido (fluoro pavidalu).<\/p>\n","protected":false},"excerpt":{"rendered":"<p>\u0160is burnos skalavimo skystis stiprina ir tonizuoja dantenas bei palaiko nat\u016brali\u0105 naudingos mikrofloros pusiausvyr\u0105. Atsargumo priemon\u0117s: Nenurykite. Nerekomenduojama vaikams iki 7 met\u0173. Naudojimas: Pripildykite dangtel\u012f ir intensyviai skalaukite burn\u0105 ma\u017edaug 1 minut\u0119. Naudokite du kartus per dien\u0105 po dant\u0173 valymo. Sud\u0117tyje yra 0,045% natrio fluorido (fluoro pavidalu).<\/p>\n","protected":false},"featured_media":97542,"template":"","meta":[],"product_cat":[1313],"product_tag":[],"class_list":{"0":"post-97540","1":"product","2":"type-product","3":"status-publish","4":"has-post-thumbnail","6":"product_brand-aroma-bg-lt","7":"product_cat-burnos-skalavimo-priemones","9":"first","10":"instock","11":"taxable","12":"shipping-taxable","13":"product-type-simple"},"_links":{"self":[{"href":"https:\/\/e.kosmolat.eu\/lt\/wp-json\/wp\/v2\/product\/97540","targetHints":{"allow":["GET"]}}],"collection":[{"href":"https:\/\/e.kosmolat.eu\/lt\/wp-json\/wp\/v2\/product"}],"about":[{"href":"https:\/\/e.kosmolat.eu\/lt\/wp-json\/wp\/v2\/types\/product"}],"wp:featuredmedia":[{"embeddable":true,"href":"https:\/\/e.kosmolat.eu\/lt\/wp-json\/wp\/v2\/media\/97542"}],"wp:attachment":[{"href":"https:\/\/e.kosmolat.eu\/lt\/wp-json\/wp\/v2\/media?parent=97540"}],"wp:term":[{"taxonomy":"product_cat","embeddable":true,"href":"https:\/\/e.kosmolat.eu\/lt\/wp-json\/wp\/v2\/product_cat?post=97540"},{"taxonomy":"product_tag","embeddable":true,"href":"https:\/\/e.kosmolat.eu\/lt\/wp-json\/wp\/v2\/product_tag?post=97540"}],"curies":[{"name":"wp","href":"https:\/\/api.w.org\/{rel}","templated":true}]}}