{"id":97532,"date":"2025-10-01T07:44:15","date_gmt":"2025-10-01T07:44:15","guid":{"rendered":"https:\/\/e.kosmolat.eu\/product\/astera-kids-bernu-mutes-dob-skalos-lidz-zemene-6-gadi-300-ml\/"},"modified":"2026-04-01T08:38:24","modified_gmt":"2026-04-01T08:38:24","slug":"astera-kids-bernu-mutes-dob-skalos-lidz-zemene-6-gadi-300-ml","status":"publish","type":"product","link":"https:\/\/e.kosmolat.eu\/lt\/produktas\/astera-kids-bernu-mutes-dob-skalos-lidz-zemene-6-gadi-300-ml\/","title":{"rendered":"ASTERA KIDS vaik\u0173 burnos skalavimo skystis bra\u0161ki\u0173 skonio, 6+ met\u0173 am\u017eiaus, 300 ml"},"content":{"rendered":"<p>\u0160is burnos skalavimo skystis specialiai sukurtas apsaugoti pieninius ir pirmuosius nuolatinius vaik\u0173 dantis. Jis skatina sveikas dantenas ir apsaugo nuo apna\u0161\u0173 kaupimosi. Jis turi malon\u0173 bra\u0161ki\u0173 skon\u012f.<\/p>\n<p>Naudojimas: Naudokite du kartus per dien\u0105 po dant\u0173 valymo. Pripildykite dangtel\u012f iki pus\u0117s ir intensyviai i\u0161skalaukite apie 1 minut\u0119. Po naudojimo 30 minu\u010di\u0173 nevalgykite ir negerkite.<\/p>\n<p>Sud\u0117tyje n\u0117ra cukraus ir alkoholio. Tinka tiek vaikams, tiek suaugusiesiems. Nerekomenduojama vaikams iki 6 met\u0173. Naudokite pri\u017ei\u016brint suaugusiesiems, kad suma\u017e\u0117t\u0173 prarijimo rizika. Jei naudojate kitus produktus, kuri\u0173 sud\u0117tyje yra fluoro, Pasitarkite su savo odontologu arba gydytoju.<\/p>\n<p>Atsargumo priemon\u0117s: Nenurykite. Jei atsiranda dirginimas, nutraukite naudojim\u0105. Laikyti vaikams nepasiekiamoje vietoje.<\/p>\n<p>Sud\u0117tyje yra 0,0225% natrio fluorido (fluoro pavidalu<\/p>\n","protected":false},"excerpt":{"rendered":"<p>\u0160is burnos skalavimo skystis specialiai sukurtas apsaugoti pieninius ir pirmuosius nuolatinius vaik\u0173 dantis. Jis skatina sveikas dantenas ir apsaugo nuo apna\u0161\u0173 kaupimosi. Jis turi malon\u0173 bra\u0161ki\u0173 skon\u012f. Naudojimas: Naudokite du kartus per dien\u0105 po dant\u0173 valymo. Pripildykite dangtel\u012f iki pus\u0117s ir intensyviai i\u0161skalaukite apie 1 minut\u0119. Po naudojimo 30 minu\u010di\u0173 nevalgykite ir negerkite. Sud\u0117tyje n\u0117ra [&#8230;]\n","protected":false},"featured_media":97534,"template":"","meta":[],"product_cat":[2181],"product_tag":[],"class_list":{"0":"post-97532","1":"product","2":"type-product","3":"status-publish","4":"has-post-thumbnail","6":"product_brand-aroma-bg-lt","7":"product_cat-bez-kategorijas-lt","9":"first","10":"outofstock","11":"taxable","12":"shipping-taxable","13":"product-type-simple"},"_links":{"self":[{"href":"https:\/\/e.kosmolat.eu\/lt\/wp-json\/wp\/v2\/product\/97532","targetHints":{"allow":["GET"]}}],"collection":[{"href":"https:\/\/e.kosmolat.eu\/lt\/wp-json\/wp\/v2\/product"}],"about":[{"href":"https:\/\/e.kosmolat.eu\/lt\/wp-json\/wp\/v2\/types\/product"}],"wp:featuredmedia":[{"embeddable":true,"href":"https:\/\/e.kosmolat.eu\/lt\/wp-json\/wp\/v2\/media\/97534"}],"wp:attachment":[{"href":"https:\/\/e.kosmolat.eu\/lt\/wp-json\/wp\/v2\/media?parent=97532"}],"wp:term":[{"taxonomy":"product_cat","embeddable":true,"href":"https:\/\/e.kosmolat.eu\/lt\/wp-json\/wp\/v2\/product_cat?post=97532"},{"taxonomy":"product_tag","embeddable":true,"href":"https:\/\/e.kosmolat.eu\/lt\/wp-json\/wp\/v2\/product_tag?post=97532"}],"curies":[{"name":"wp","href":"https:\/\/api.w.org\/{rel}","templated":true}]}}