{"id":97524,"date":"2025-10-01T07:43:58","date_gmt":"2025-10-01T07:43:58","guid":{"rendered":"https:\/\/e.kosmolat.eu\/product\/astera-mutes-dob-skalos-lidz-ar-02-hlorheks-digluk-300-ml\/"},"modified":"2026-04-01T08:38:10","modified_gmt":"2026-04-01T08:38:10","slug":"astera-mutes-dob-skalos-lidz-ar-02-hlorheks-digluk-300-ml","status":"publish","type":"product","link":"https:\/\/e.kosmolat.eu\/lt\/produktas\/astera-mutes-dob-skalos-lidz-ar-02-hlorheks-digluk-300-ml\/","title":{"rendered":"ASTERA chlorheksidino burnos skalavimo skystis su 0,2 % chlorheksidino digliukonatu, 300 ml"},"content":{"rendered":"<p>Specialiai intensyviai prie\u017ei\u016brai sukurtas burnos skalavimo skystis. Padeda palaikyti burnos higien\u0105 prie\u0161 ir po odontologini\u0173 proced\u016br\u0173.<\/p>\n<p>\u2022 Gaivina burnos kvap\u0105<br \/>\n\u2022 Pa\u0161alina apna\u0161as<br \/>\n\u2022 Apsaugo burnos ertm\u0119<\/p>\n<p>Veiklioji med\u017eiaga: 0,2 % chlorheksidino digliukonato. Be alkoholio.<\/p>\n<p>Naudojimas: Naudokite 2 kartus per dien\u0105 po 1 minut\u0119,  10 ml skys\u010dio. Prie\u0161 naudojim\u0105 rekomenduojama i\u0161sivalyti dantis ir kruop\u0161\u010diai i\u0161skalauti burn\u0105 vandeniu. Suaugusiesiems ir vyresniems nei 16 met\u0173 vaikams.<\/p>\n<p>Atsargumo priemon\u0117s: Nenuryti! Laikyti vaikams nepasiekiamoje vietoje. Ilgai vartojant, gali laikinai pigmentuoti dantis ir lie\u017euv\u012f, po naudojimo pigmentacija i\u0161nyksta.<\/p>\n","protected":false},"excerpt":{"rendered":"<p>Specialiai intensyviai prie\u017ei\u016brai sukurtas burnos skalavimo skystis. Padeda palaikyti burnos higien\u0105 prie\u0161 ir po odontologini\u0173 proced\u016br\u0173. \u2022 Gaivina burnos kvap\u0105 \u2022 Pa\u0161alina apna\u0161as \u2022 Apsaugo burnos ertm\u0119 Veiklioji med\u017eiaga: 0,2 % chlorheksidino digliukonato. Be alkoholio. Naudojimas: Naudokite 2 kartus per dien\u0105 po 1 minut\u0119, 10 ml skys\u010dio. Prie\u0161 naudojim\u0105 rekomenduojama i\u0161sivalyti dantis ir kruop\u0161\u010diai i\u0161skalauti [&#8230;]\n","protected":false},"featured_media":97526,"template":"","meta":[],"product_cat":[2181],"product_tag":[],"class_list":{"0":"post-97524","1":"product","2":"type-product","3":"status-publish","4":"has-post-thumbnail","6":"product_brand-aroma-bg-lt","7":"product_cat-bez-kategorijas-lt","9":"first","10":"outofstock","11":"taxable","12":"shipping-taxable","13":"product-type-simple"},"_links":{"self":[{"href":"https:\/\/e.kosmolat.eu\/lt\/wp-json\/wp\/v2\/product\/97524","targetHints":{"allow":["GET"]}}],"collection":[{"href":"https:\/\/e.kosmolat.eu\/lt\/wp-json\/wp\/v2\/product"}],"about":[{"href":"https:\/\/e.kosmolat.eu\/lt\/wp-json\/wp\/v2\/types\/product"}],"wp:featuredmedia":[{"embeddable":true,"href":"https:\/\/e.kosmolat.eu\/lt\/wp-json\/wp\/v2\/media\/97526"}],"wp:attachment":[{"href":"https:\/\/e.kosmolat.eu\/lt\/wp-json\/wp\/v2\/media?parent=97524"}],"wp:term":[{"taxonomy":"product_cat","embeddable":true,"href":"https:\/\/e.kosmolat.eu\/lt\/wp-json\/wp\/v2\/product_cat?post=97524"},{"taxonomy":"product_tag","embeddable":true,"href":"https:\/\/e.kosmolat.eu\/lt\/wp-json\/wp\/v2\/product_tag?post=97524"}],"curies":[{"name":"wp","href":"https:\/\/api.w.org\/{rel}","templated":true}]}}