{"id":97516,"date":"2025-10-01T07:43:42","date_gmt":"2025-10-01T07:43:42","guid":{"rendered":"https:\/\/e.kosmolat.eu\/product\/astera-total-mutes-dobuma-skalos-lidz-viss-viena-300-ml\/"},"modified":"2026-04-01T08:37:57","modified_gmt":"2026-04-01T08:37:57","slug":"astera-total-mutes-dobuma-skalos-lidz-viss-viena-300-ml","status":"publish","type":"product","link":"https:\/\/e.kosmolat.eu\/lt\/produktas\/astera-total-mutes-dobuma-skalos-lidz-viss-viena-300-ml\/","title":{"rendered":"ASTERA burnos skalavimo skystis \u201eTotal All-in-One\u201c, 300 ml"},"content":{"rendered":"<p>Fluoro ir m\u0117t\u0173 skonio derinys suteikia ilgalaik\u012f gaivum\u0105 ir apsaugo nuo \u0117duonies. Be alkoholio.<\/p>\n<p>Naudojimo instrukcija: Pripildykite dangtel\u012f ir energingai skalaukite ma\u017edaug 1 minut\u0119.<\/p>\n<p>Atsargumo priemon\u0117s: Nenurykite. Nerekomenduojama vaikams iki 7 met\u0173 am\u017eiaus.<\/p>\n<p>Sud\u0117tyje yra 0,0225% natrio fluorido (fluoro pavidalu).<\/p>\n","protected":false},"excerpt":{"rendered":"<p>Fluoro ir m\u0117t\u0173 skonio derinys suteikia ilgalaik\u012f gaivum\u0105 ir apsaugo nuo \u0117duonies. Be alkoholio. Naudojimo instrukcija: Pripildykite dangtel\u012f ir energingai skalaukite ma\u017edaug 1 minut\u0119. Atsargumo priemon\u0117s: Nenurykite. Nerekomenduojama vaikams iki 7 met\u0173 am\u017eiaus. Sud\u0117tyje yra 0,0225% natrio fluorido (fluoro pavidalu).<\/p>\n","protected":false},"featured_media":97518,"template":"","meta":[],"product_cat":[2181],"product_tag":[],"class_list":{"0":"post-97516","1":"product","2":"type-product","3":"status-publish","4":"has-post-thumbnail","6":"product_brand-aroma-bg-lt","7":"product_cat-bez-kategorijas-lt","9":"first","10":"instock","11":"taxable","12":"shipping-taxable","13":"product-type-simple"},"_links":{"self":[{"href":"https:\/\/e.kosmolat.eu\/lt\/wp-json\/wp\/v2\/product\/97516","targetHints":{"allow":["GET"]}}],"collection":[{"href":"https:\/\/e.kosmolat.eu\/lt\/wp-json\/wp\/v2\/product"}],"about":[{"href":"https:\/\/e.kosmolat.eu\/lt\/wp-json\/wp\/v2\/types\/product"}],"wp:featuredmedia":[{"embeddable":true,"href":"https:\/\/e.kosmolat.eu\/lt\/wp-json\/wp\/v2\/media\/97518"}],"wp:attachment":[{"href":"https:\/\/e.kosmolat.eu\/lt\/wp-json\/wp\/v2\/media?parent=97516"}],"wp:term":[{"taxonomy":"product_cat","embeddable":true,"href":"https:\/\/e.kosmolat.eu\/lt\/wp-json\/wp\/v2\/product_cat?post=97516"},{"taxonomy":"product_tag","embeddable":true,"href":"https:\/\/e.kosmolat.eu\/lt\/wp-json\/wp\/v2\/product_tag?post=97516"}],"curies":[{"name":"wp","href":"https:\/\/api.w.org\/{rel}","templated":true}]}}