{"id":97508,"date":"2025-10-01T07:43:23","date_gmt":"2025-10-01T07:43:23","guid":{"rendered":"https:\/\/e.kosmolat.eu\/product\/astera-vaskots-zobu-diegs-ar-piparmetru-aromatu-50-m\/"},"modified":"2026-04-07T11:23:15","modified_gmt":"2026-04-07T11:23:15","slug":"astera-vaskots-zobu-diegs-ar-piparmetru-aromatu-50-m","status":"publish","type":"product","link":"https:\/\/e.kosmolat.eu\/lt\/produktas\/astera-vaskots-zobu-diegs-ar-piparmetru-aromatu-50-m\/","title":{"rendered":"ASTERA va\u0161kuotas dant\u0173 si\u016blas m\u0117t\u0173 skonio, 50 m"},"content":{"rendered":"<p>\u0160is va\u0161kuotas dant\u0173 si\u016blas slysta lengvai ir skland\u017eiai, o jo plok\u0161\u010dias pavir\u0161ius \u0161velniai valo tarpdan\u010dius. Tinka naudoti kasdien.<\/p>\n<p>Burnos prie\u017ei\u016bros patarimai: Kiekvien\u0105 vakar\u0105 prie\u0161 valydami dantis, naudokite dant\u0173 si\u016bl\u0105. \u0160is \u017eingsnis yra b\u016btinas norint i\u0161vengti \u0117duonies. Da\u017eniausiai \u0117duonis atsiranda tarp dant\u0173. \u010cia kaupiasi apna\u0161os, sukeldamos gingivit\u0105 ir danten\u0173 u\u017edegim\u0105. Netinkamas tarpdan\u010di\u0173 valymas gali sukelti \u0117duon\u012f gretimuose dantyse.<\/p>\n<p>Naudojimo instrukcija: I\u0161matuokite 30\u201340 cm si\u016blo ir i\u0161valykite tarpdan\u010dius traukdami link dant\u0173 sieneli\u0173 i\u0161 abiej\u0173 pusi\u0173. B\u016bkite atsarg\u016bs, kad nepa\u017eeistum\u0117te danten\u0173.<\/p>\n","protected":false},"excerpt":{"rendered":"<p>\u0160is va\u0161kuotas dant\u0173 si\u016blas slysta lengvai ir skland\u017eiai, o jo plok\u0161\u010dias pavir\u0161ius \u0161velniai valo tarpdan\u010dius. Tinka naudoti kasdien. Burnos prie\u017ei\u016bros patarimai: Kiekvien\u0105 vakar\u0105 prie\u0161 valydami dantis, naudokite dant\u0173 si\u016bl\u0105. \u0160is \u017eingsnis yra b\u016btinas norint i\u0161vengti \u0117duonies. Da\u017eniausiai \u0117duonis atsiranda tarp dant\u0173. \u010cia kaupiasi apna\u0161os, sukeldamos gingivit\u0105 ir danten\u0173 u\u017edegim\u0105. Netinkamas tarpdan\u010di\u0173 valymas gali sukelti \u0117duon\u012f [&#8230;]\n","protected":false},"featured_media":97510,"template":"","meta":[],"product_cat":[1783],"product_tag":[],"class_list":{"0":"post-97508","1":"product","2":"type-product","3":"status-publish","4":"has-post-thumbnail","6":"product_brand-aroma-bg-lt","7":"product_cat-dantu-siulai-ir-priedai","9":"first","10":"instock","11":"taxable","12":"shipping-taxable","13":"product-type-simple"},"_links":{"self":[{"href":"https:\/\/e.kosmolat.eu\/lt\/wp-json\/wp\/v2\/product\/97508","targetHints":{"allow":["GET"]}}],"collection":[{"href":"https:\/\/e.kosmolat.eu\/lt\/wp-json\/wp\/v2\/product"}],"about":[{"href":"https:\/\/e.kosmolat.eu\/lt\/wp-json\/wp\/v2\/types\/product"}],"wp:featuredmedia":[{"embeddable":true,"href":"https:\/\/e.kosmolat.eu\/lt\/wp-json\/wp\/v2\/media\/97510"}],"wp:attachment":[{"href":"https:\/\/e.kosmolat.eu\/lt\/wp-json\/wp\/v2\/media?parent=97508"}],"wp:term":[{"taxonomy":"product_cat","embeddable":true,"href":"https:\/\/e.kosmolat.eu\/lt\/wp-json\/wp\/v2\/product_cat?post=97508"},{"taxonomy":"product_tag","embeddable":true,"href":"https:\/\/e.kosmolat.eu\/lt\/wp-json\/wp\/v2\/product_tag?post=97508"}],"curies":[{"name":"wp","href":"https:\/\/api.w.org\/{rel}","templated":true}]}}