{"id":97500,"date":"2025-10-01T07:43:07","date_gmt":"2025-10-01T07:43:07","guid":{"rendered":"https:\/\/e.kosmolat.eu\/product\/astera-zobu-bakstamie-ar-diegu-20-gab\/"},"modified":"2026-04-01T08:37:29","modified_gmt":"2026-04-01T08:37:29","slug":"astera-zobu-bakstamie-ar-diegu-20-gab","status":"publish","type":"product","link":"https:\/\/e.kosmolat.eu\/lt\/produktas\/astera-zobu-bakstamie-ar-diegu-20-gab\/","title":{"rendered":"ASTERA dant\u0173 krap\u0161tukai su dant\u0173 si\u016blu, 20 vnt."},"content":{"rendered":"<p>Efektyviai valo sunkiai pasiekiamas tarpdan\u010di\u0173 vietas, u\u017ekertant keli\u0105 apna\u0161\u0173 kaupimuisi, danten\u0173 u\u017edegimui, \u0117duoniui ir blogam burnos kvapui.<\/p>\n<p>Dant\u0173 si\u016blo naudojimas: \u0160velniai \u012fki\u0161kite si\u016bl\u0105 tarp dant\u0173 skland\u017eiais judesiais pirmyn ir atgal. Judinkite si\u016bl\u0105 auk\u0161tyn ir \u017eemyn danties pavir\u0161iumi, kad pa\u0161alintum\u0117te apna\u0161as ir maisto liku\u010dius vir\u0161 ir po linija. ir \u017eemiau danten\u0173.<\/p>\n<p>Naudojant kaip dant\u0173 krap\u0161tuk\u0105: \u012fki\u0161kite dant\u0173 krap\u0161tuko galiuk\u0105 tarp dant\u0173 ties danten\u0173 linija. \u0160velniai jud\u0117dami \u012f vid\u0173 ir \u012f i\u0161or\u0119, pa\u0161alinkite apna\u0161as ir maisto liku\u010dius.<\/p>\n","protected":false},"excerpt":{"rendered":"<p>Efektyviai valo sunkiai pasiekiamas tarpdan\u010di\u0173 vietas, u\u017ekertant keli\u0105 apna\u0161\u0173 kaupimuisi, danten\u0173 u\u017edegimui, \u0117duoniui ir blogam burnos kvapui. Dant\u0173 si\u016blo naudojimas: \u0160velniai \u012fki\u0161kite si\u016bl\u0105 tarp dant\u0173 skland\u017eiais judesiais pirmyn ir atgal. Judinkite si\u016bl\u0105 auk\u0161tyn ir \u017eemyn danties pavir\u0161iumi, kad pa\u0161alintum\u0117te apna\u0161as ir maisto liku\u010dius vir\u0161 ir po linija. ir \u017eemiau danten\u0173. Naudojant kaip dant\u0173 krap\u0161tuk\u0105: \u012fki\u0161kite [&#8230;]\n","protected":false},"featured_media":97502,"template":"","meta":[],"product_cat":[2181],"product_tag":[],"class_list":{"0":"post-97500","1":"product","2":"type-product","3":"status-publish","4":"has-post-thumbnail","6":"product_brand-aroma-bg-lt","7":"product_cat-bez-kategorijas-lt","9":"first","10":"outofstock","11":"taxable","12":"shipping-taxable","13":"product-type-simple"},"_links":{"self":[{"href":"https:\/\/e.kosmolat.eu\/lt\/wp-json\/wp\/v2\/product\/97500","targetHints":{"allow":["GET"]}}],"collection":[{"href":"https:\/\/e.kosmolat.eu\/lt\/wp-json\/wp\/v2\/product"}],"about":[{"href":"https:\/\/e.kosmolat.eu\/lt\/wp-json\/wp\/v2\/types\/product"}],"wp:featuredmedia":[{"embeddable":true,"href":"https:\/\/e.kosmolat.eu\/lt\/wp-json\/wp\/v2\/media\/97502"}],"wp:attachment":[{"href":"https:\/\/e.kosmolat.eu\/lt\/wp-json\/wp\/v2\/media?parent=97500"}],"wp:term":[{"taxonomy":"product_cat","embeddable":true,"href":"https:\/\/e.kosmolat.eu\/lt\/wp-json\/wp\/v2\/product_cat?post=97500"},{"taxonomy":"product_tag","embeddable":true,"href":"https:\/\/e.kosmolat.eu\/lt\/wp-json\/wp\/v2\/product_tag?post=97500"}],"curies":[{"name":"wp","href":"https:\/\/api.w.org\/{rel}","templated":true}]}}