{"id":97492,"date":"2025-10-01T07:42:49","date_gmt":"2025-10-01T07:42:49","guid":{"rendered":"https:\/\/e.kosmolat.eu\/product\/astera-kids-strawberry-bernu-zobu-pasta-0-gadi-50-ml\/"},"modified":"2026-04-07T10:04:35","modified_gmt":"2026-04-07T10:04:35","slug":"astera-kids-strawberry-bernu-zobu-pasta-0-gadi-50-ml","status":"publish","type":"product","link":"https:\/\/e.kosmolat.eu\/lt\/produktas\/astera-kids-strawberry-bernu-zobu-pasta-0-gadi-50-ml\/","title":{"rendered":"ASTERA KIDS Strawberry  vaiki\u0161ka dant\u0173 pasta , 0+ met\u0173, 50 ml"},"content":{"rendered":"<p>Ankstyva vaik\u0173 dant\u0173 prie\u017ei\u016bra yra viso gyvenimo investicija.<\/p>\n<p>\u2022 Gelio pavidalo dant\u0173 pasta su \u0161velnia formule<br \/>\n\u2022 Be fluoro<br \/>\n\u2022 Saugu nuryti<br \/>\n\u2022 Efektyviai valo pieninius dantis<br \/>\n\u2022 Be cukraus ir malonaus skonio, kur\u012f m\u0117gsta vaikai<\/p>\n<p>Naudojimo instrukcija: Valykite vaiko dantis pri\u017ei\u016brint suaugusiajam.<\/p>\n","protected":false},"excerpt":{"rendered":"<p>Ankstyva vaik\u0173 dant\u0173 prie\u017ei\u016bra yra viso gyvenimo investicija. \u2022 Gelio pavidalo dant\u0173 pasta su \u0161velnia formule \u2022 Be fluoro \u2022 Saugu nuryti \u2022 Efektyviai valo pieninius dantis \u2022 Be cukraus ir malonaus skonio, kur\u012f m\u0117gsta vaikai Naudojimo instrukcija: Valykite vaiko dantis pri\u017ei\u016brint suaugusiajam.<\/p>\n","protected":false},"featured_media":97494,"template":"","meta":[],"product_cat":[2181],"product_tag":[],"class_list":{"0":"post-97492","1":"product","2":"type-product","3":"status-publish","4":"has-post-thumbnail","6":"product_brand-aroma-bg-lt","7":"product_cat-bez-kategorijas-lt","9":"first","10":"instock","11":"taxable","12":"shipping-taxable","13":"product-type-simple"},"_links":{"self":[{"href":"https:\/\/e.kosmolat.eu\/lt\/wp-json\/wp\/v2\/product\/97492","targetHints":{"allow":["GET"]}}],"collection":[{"href":"https:\/\/e.kosmolat.eu\/lt\/wp-json\/wp\/v2\/product"}],"about":[{"href":"https:\/\/e.kosmolat.eu\/lt\/wp-json\/wp\/v2\/types\/product"}],"wp:featuredmedia":[{"embeddable":true,"href":"https:\/\/e.kosmolat.eu\/lt\/wp-json\/wp\/v2\/media\/97494"}],"wp:attachment":[{"href":"https:\/\/e.kosmolat.eu\/lt\/wp-json\/wp\/v2\/media?parent=97492"}],"wp:term":[{"taxonomy":"product_cat","embeddable":true,"href":"https:\/\/e.kosmolat.eu\/lt\/wp-json\/wp\/v2\/product_cat?post=97492"},{"taxonomy":"product_tag","embeddable":true,"href":"https:\/\/e.kosmolat.eu\/lt\/wp-json\/wp\/v2\/product_tag?post=97492"}],"curies":[{"name":"wp","href":"https:\/\/api.w.org\/{rel}","templated":true}]}}