{"id":97484,"date":"2025-10-01T07:42:31","date_gmt":"2025-10-01T07:42:31","guid":{"rendered":"https:\/\/e.kosmolat.eu\/product\/astera-vitamin-3-white-piparmetru-zobu-pasta-110-g\/"},"modified":"2026-04-01T08:37:15","modified_gmt":"2026-04-01T08:37:15","slug":"astera-vitamin-3-white-piparmetru-zobu-pasta-110-g","status":"publish","type":"product","link":"https:\/\/e.kosmolat.eu\/lt\/produktas\/astera-vitamin-3-white-piparmetru-zobu-pasta-110-g\/","title":{"rendered":"ASTERA Vitamin 3 + White M\u0117tin\u0117 dant\u0173 pasta, 110 g"},"content":{"rendered":"<p>\u0160ioje dant\u0173 pastoje yra vitamin\u0173 A, E ir B5 kompleksas. Ji pasi\u017eymi raminan\u010diu ir balinan\u010diu poveikiu.<\/p>\n<p>Naudojimas: Sveikiems dantims ir dantenoms naudokite dant\u0173 past\u0105 reguliariai, bent du kartus per dien\u0105, valydami dantis 2-3 minutes.<\/p>\n<p>\u012esp\u0117jimas: Sud\u0117tyje yra natrio monofluorfosfato. Fluorid\u0173 masin\u0117 dalis \u2013 0,1 % (skai\u010diuojant F). Vaikams iki 6 m. naudokite \u017eirnio dyd\u017eio kiek\u012f, steb\u0117kite, kad nenuryt\u0173. Jeigu vartojami produktai, kuri\u0173 sud\u0117tyje yra fluorido, pasitarkite su odontologu arba gydytoju. Sud\u0117tyje yra vitamino A. Prie\u0161 naudojant atsi\u017evelgti \u012f paros norm\u0105.<\/p>\n","protected":false},"excerpt":{"rendered":"<p>\u0160ioje dant\u0173 pastoje yra vitamin\u0173 A, E ir B5 kompleksas. Ji pasi\u017eymi raminan\u010diu ir balinan\u010diu poveikiu. Naudojimas: Sveikiems dantims ir dantenoms naudokite dant\u0173 past\u0105 reguliariai, bent du kartus per dien\u0105, valydami dantis 2-3 minutes. \u012esp\u0117jimas: Sud\u0117tyje yra natrio monofluorfosfato. Fluorid\u0173 masin\u0117 dalis \u2013 0,1 % (skai\u010diuojant F). Vaikams iki 6 m. naudokite \u017eirnio dyd\u017eio kiek\u012f, [&#8230;]\n","protected":false},"featured_media":97486,"template":"","meta":[],"product_cat":[2181],"product_tag":[],"class_list":{"0":"post-97484","1":"product","2":"type-product","3":"status-publish","4":"has-post-thumbnail","6":"product_brand-aroma-bg-lt","7":"product_cat-bez-kategorijas-lt","9":"first","10":"outofstock","11":"taxable","12":"shipping-taxable","13":"product-type-simple"},"_links":{"self":[{"href":"https:\/\/e.kosmolat.eu\/lt\/wp-json\/wp\/v2\/product\/97484","targetHints":{"allow":["GET"]}}],"collection":[{"href":"https:\/\/e.kosmolat.eu\/lt\/wp-json\/wp\/v2\/product"}],"about":[{"href":"https:\/\/e.kosmolat.eu\/lt\/wp-json\/wp\/v2\/types\/product"}],"wp:featuredmedia":[{"embeddable":true,"href":"https:\/\/e.kosmolat.eu\/lt\/wp-json\/wp\/v2\/media\/97486"}],"wp:attachment":[{"href":"https:\/\/e.kosmolat.eu\/lt\/wp-json\/wp\/v2\/media?parent=97484"}],"wp:term":[{"taxonomy":"product_cat","embeddable":true,"href":"https:\/\/e.kosmolat.eu\/lt\/wp-json\/wp\/v2\/product_cat?post=97484"},{"taxonomy":"product_tag","embeddable":true,"href":"https:\/\/e.kosmolat.eu\/lt\/wp-json\/wp\/v2\/product_tag?post=97484"}],"curies":[{"name":"wp","href":"https:\/\/api.w.org\/{rel}","templated":true}]}}