{"id":97476,"date":"2025-10-01T07:42:13","date_gmt":"2025-10-01T07:42:13","guid":{"rendered":"https:\/\/e.kosmolat.eu\/product\/astera-parodont-protection-zobu-pasta-noturiga-piparmetra-110-g\/"},"modified":"2026-04-01T08:37:02","modified_gmt":"2026-04-01T08:37:02","slug":"astera-parodont-protection-zobu-pasta-noturiga-piparmetra-110-g","status":"publish","type":"product","link":"https:\/\/e.kosmolat.eu\/lt\/produktas\/astera-parodont-protection-zobu-pasta-noturiga-piparmetra-110-g\/","title":{"rendered":"ASTERA Parodont a Protection dant\u0173 pasta,  m\u0117t\u0173 skonio, 110 g"},"content":{"rendered":"<p>Cinko citratas padeda apsaugoti dantenas, ma\u017eindamas apna\u0161\u0173 susidarym\u0105.<\/p>\n<p>Naudojimas: sveikiems dantims ir dantenoms naudokite dant\u0173 past\u0105 reguliariai, bent du kartus per dien\u0105, valydami dantis 2-3 minutes.<\/p>\n<p>\u012esp\u0117jimas: Sud\u0117tyje yra natrio monofluorfosfato. Fluorid\u0173 masin\u0117 dalis \u2013 0,1 % (skai\u010diuojant F). Vaikams iki 6 m. naudokite \u017eirnio dyd\u017eio kiek\u012f, steb\u0117kite, kad nenuryt\u0173. Jeigu vartojami produktai, kuri\u0173 sud\u0117tyje yra fluorido, pasitarkite su odontologu arba gydytoju.<\/p>\n","protected":false},"excerpt":{"rendered":"<p>Cinko citratas padeda apsaugoti dantenas, ma\u017eindamas apna\u0161\u0173 susidarym\u0105. Naudojimas: sveikiems dantims ir dantenoms naudokite dant\u0173 past\u0105 reguliariai, bent du kartus per dien\u0105, valydami dantis 2-3 minutes. \u012esp\u0117jimas: Sud\u0117tyje yra natrio monofluorfosfato. Fluorid\u0173 masin\u0117 dalis \u2013 0,1 % (skai\u010diuojant F). Vaikams iki 6 m. naudokite \u017eirnio dyd\u017eio kiek\u012f, steb\u0117kite, kad nenuryt\u0173. Jeigu vartojami produktai, kuri\u0173 sud\u0117tyje [&#8230;]\n","protected":false},"featured_media":97478,"template":"","meta":[],"product_cat":[2181],"product_tag":[],"class_list":{"0":"post-97476","1":"product","2":"type-product","3":"status-publish","4":"has-post-thumbnail","6":"product_brand-aroma-bg-lt","7":"product_cat-bez-kategorijas-lt","9":"first","10":"instock","11":"taxable","12":"shipping-taxable","13":"product-type-simple"},"_links":{"self":[{"href":"https:\/\/e.kosmolat.eu\/lt\/wp-json\/wp\/v2\/product\/97476","targetHints":{"allow":["GET"]}}],"collection":[{"href":"https:\/\/e.kosmolat.eu\/lt\/wp-json\/wp\/v2\/product"}],"about":[{"href":"https:\/\/e.kosmolat.eu\/lt\/wp-json\/wp\/v2\/types\/product"}],"wp:featuredmedia":[{"embeddable":true,"href":"https:\/\/e.kosmolat.eu\/lt\/wp-json\/wp\/v2\/media\/97478"}],"wp:attachment":[{"href":"https:\/\/e.kosmolat.eu\/lt\/wp-json\/wp\/v2\/media?parent=97476"}],"wp:term":[{"taxonomy":"product_cat","embeddable":true,"href":"https:\/\/e.kosmolat.eu\/lt\/wp-json\/wp\/v2\/product_cat?post=97476"},{"taxonomy":"product_tag","embeddable":true,"href":"https:\/\/e.kosmolat.eu\/lt\/wp-json\/wp\/v2\/product_tag?post=97476"}],"curies":[{"name":"wp","href":"https:\/\/api.w.org\/{rel}","templated":true}]}}