{"id":97468,"date":"2025-10-01T07:41:57","date_gmt":"2025-10-01T07:41:57","guid":{"rendered":"https:\/\/e.kosmolat.eu\/product\/dento-kisss-whitening-zobu-pasta-125-g\/"},"modified":"2026-04-01T08:36:49","modified_gmt":"2026-04-01T08:36:49","slug":"dento-kisss-whitening-zobu-pasta-125-g","status":"publish","type":"product","link":"https:\/\/e.kosmolat.eu\/lt\/produktas\/dento-kisss-whitening-zobu-pasta-125-g\/","title":{"rendered":"DENTO KISS Whitening dant\u0173 pasta, 125 g"},"content":{"rendered":"<p>\u0160i balinamoji dant\u0173 pasta su fluoridu padeda pa\u0161alinti apna\u0161as, stiprina emal\u012f ir apsaugo nuo \u0117duonies. Jos veikliosios med\u017eiagos u\u017etikrina ilgalaik\u012f, nat\u016bral\u0173 dant\u0173 balinim\u0105. Reguliariai naudojant \u0161i\u0105 dant\u0173 past\u0105, dantys tampa \u0161var\u016bs, balti ir sveiki.<\/p>\n<p>Naudojimas: sveikiems dantims ir dantenoms naudokite dant\u0173 past\u0105 reguliariai, bent du kartus per dien\u0105, valydami dantis 2-3 minutes.<\/p>\n<p>\u012esp\u0117jimas: Sud\u0117tyje yra natrio monofluorfosfato. Fluorid\u0173 masin\u0117 dalis \u2013 0,1 % (skai\u010diuojant F). Vaikams iki 6 m. naudokite \u017eirnio dyd\u017eio kiek\u012f, steb\u0117kite, kad nenuryt\u0173. Jeigu vartojami produktai, kuri\u0173 sud\u0117tyje yra fluorido, pasitarkite su odontologu arba gydytoju.<\/p>\n","protected":false},"excerpt":{"rendered":"<p>\u0160i balinamoji dant\u0173 pasta su fluoridu padeda pa\u0161alinti apna\u0161as, stiprina emal\u012f ir apsaugo nuo \u0117duonies. Jos veikliosios med\u017eiagos u\u017etikrina ilgalaik\u012f, nat\u016bral\u0173 dant\u0173 balinim\u0105. Reguliariai naudojant \u0161i\u0105 dant\u0173 past\u0105, dantys tampa \u0161var\u016bs, balti ir sveiki. Naudojimas: sveikiems dantims ir dantenoms naudokite dant\u0173 past\u0105 reguliariai, bent du kartus per dien\u0105, valydami dantis 2-3 minutes. \u012esp\u0117jimas: Sud\u0117tyje yra [&#8230;]\n","protected":false},"featured_media":97470,"template":"","meta":[],"product_cat":[2181],"product_tag":[],"class_list":{"0":"post-97468","1":"product","2":"type-product","3":"status-publish","4":"has-post-thumbnail","6":"product_brand-aroma-bg-lt","7":"product_cat-bez-kategorijas-lt","9":"first","10":"instock","11":"taxable","12":"shipping-taxable","13":"product-type-simple"},"_links":{"self":[{"href":"https:\/\/e.kosmolat.eu\/lt\/wp-json\/wp\/v2\/product\/97468","targetHints":{"allow":["GET"]}}],"collection":[{"href":"https:\/\/e.kosmolat.eu\/lt\/wp-json\/wp\/v2\/product"}],"about":[{"href":"https:\/\/e.kosmolat.eu\/lt\/wp-json\/wp\/v2\/types\/product"}],"wp:featuredmedia":[{"embeddable":true,"href":"https:\/\/e.kosmolat.eu\/lt\/wp-json\/wp\/v2\/media\/97470"}],"wp:attachment":[{"href":"https:\/\/e.kosmolat.eu\/lt\/wp-json\/wp\/v2\/media?parent=97468"}],"wp:term":[{"taxonomy":"product_cat","embeddable":true,"href":"https:\/\/e.kosmolat.eu\/lt\/wp-json\/wp\/v2\/product_cat?post=97468"},{"taxonomy":"product_tag","embeddable":true,"href":"https:\/\/e.kosmolat.eu\/lt\/wp-json\/wp\/v2\/product_tag?post=97468"}],"curies":[{"name":"wp","href":"https:\/\/api.w.org\/{rel}","templated":true}]}}