{"id":97460,"date":"2025-10-01T07:41:38","date_gmt":"2025-10-01T07:41:38","guid":{"rendered":"https:\/\/e.kosmolat.eu\/product\/dento-kisss-total-zobu-pasta-125-g\/"},"modified":"2026-04-01T08:54:37","modified_gmt":"2026-04-01T08:54:37","slug":"dento-kisss-total-zobu-pasta-125-g","status":"publish","type":"product","link":"https:\/\/e.kosmolat.eu\/lt\/produktas\/dento-kisss-total-zobu-pasta-125-g\/","title":{"rendered":"DENTO KISSS Total dant\u0173 pasta, 125 g"},"content":{"rendered":"<p>\u0160i dant\u0173 pasta suteikia visapusi\u0161k\u0105 apsaug\u0105 nuo \u0117duonies. Alantoino ir fluorido derinys padeda pa\u0161alinti apna\u0161as, stiprina emal\u012f, apsaugo nuo \u0117duonies ir apsaugo dantenas. M\u0117t\u0173 skonis suteikia ilgalaik\u012f gaivumo poj\u016bt\u012f.<\/p>\n<p>Naudojimas: sveikiems dantims ir dantenoms naudokite dant\u0173 past\u0105 reguliariai, bent du kartus per dien\u0105, valydami dantis 2-3 minutes.<\/p>\n<p>\u012esp\u0117jimas: Sud\u0117tyje yra natrio monofluorfosfato. Fluorid\u0173 masin\u0117 dalis \u2013 0,1 % (skai\u010diuojant F). Vaikams iki 6 m. naudokite \u017eirnio dyd\u017eio kiek\u012f, steb\u0117kite, kad nenuryt\u0173. Jeigu vartojami produktai, kuri\u0173 sud\u0117tyje yra fluorido, pasitarkite su odontologu arba gydytoju.<\/p>\n","protected":false},"excerpt":{"rendered":"<p>\u0160i dant\u0173 pasta suteikia visapusi\u0161k\u0105 apsaug\u0105 nuo \u0117duonies. Alantoino ir fluorido derinys padeda pa\u0161alinti apna\u0161as, stiprina emal\u012f, apsaugo nuo \u0117duonies ir apsaugo dantenas. M\u0117t\u0173 skonis suteikia ilgalaik\u012f gaivumo poj\u016bt\u012f. Naudojimas: sveikiems dantims ir dantenoms naudokite dant\u0173 past\u0105 reguliariai, bent du kartus per dien\u0105, valydami dantis 2-3 minutes. \u012esp\u0117jimas: Sud\u0117tyje yra natrio monofluorfosfato. Fluorid\u0173 masin\u0117 dalis [&#8230;]\n","protected":false},"featured_media":97578,"template":"","meta":[],"product_cat":[2181],"product_tag":[],"class_list":{"0":"post-97460","1":"product","2":"type-product","3":"status-publish","4":"has-post-thumbnail","6":"product_brand-aroma-bg-lt","7":"product_cat-bez-kategorijas-lt","9":"first","10":"instock","11":"taxable","12":"shipping-taxable","13":"product-type-simple"},"_links":{"self":[{"href":"https:\/\/e.kosmolat.eu\/lt\/wp-json\/wp\/v2\/product\/97460","targetHints":{"allow":["GET"]}}],"collection":[{"href":"https:\/\/e.kosmolat.eu\/lt\/wp-json\/wp\/v2\/product"}],"about":[{"href":"https:\/\/e.kosmolat.eu\/lt\/wp-json\/wp\/v2\/types\/product"}],"wp:featuredmedia":[{"embeddable":true,"href":"https:\/\/e.kosmolat.eu\/lt\/wp-json\/wp\/v2\/media\/97578"}],"wp:attachment":[{"href":"https:\/\/e.kosmolat.eu\/lt\/wp-json\/wp\/v2\/media?parent=97460"}],"wp:term":[{"taxonomy":"product_cat","embeddable":true,"href":"https:\/\/e.kosmolat.eu\/lt\/wp-json\/wp\/v2\/product_cat?post=97460"},{"taxonomy":"product_tag","embeddable":true,"href":"https:\/\/e.kosmolat.eu\/lt\/wp-json\/wp\/v2\/product_tag?post=97460"}],"curies":[{"name":"wp","href":"https:\/\/api.w.org\/{rel}","templated":true}]}}