{"id":97452,"date":"2025-10-01T07:41:20","date_gmt":"2025-10-01T07:41:20","guid":{"rendered":"https:\/\/e.kosmolat.eu\/product\/parodont-active-white-zobu-pasta-75-ml\/"},"modified":"2026-04-01T08:36:20","modified_gmt":"2026-04-01T08:36:20","slug":"parodont-active-white-zobu-pasta-75-ml","status":"publish","type":"product","link":"https:\/\/e.kosmolat.eu\/lt\/produktas\/parodont-active-white-zobu-pasta-75-ml\/","title":{"rendered":"Parodont Active White dant\u0173 pasta, 75 ml"},"content":{"rendered":"<p>Da\u017eniausios dant\u0173 spalvos pakitimo prie\u017eastys:<\/p>\n<p>\u2022 Kavos ir raudonojo vyno g\u0117rimas<br \/>\n\u2022 Vaisi\u0173 ir vaisi\u0173 sul\u010di\u0173 vartojimas<br \/>\n\u2022 R\u016bkymas<br \/>\n\u2022 Bloga dant\u0173 ir burnos higiena<\/p>\n<p>\u201eParodont Active White\u201c dant\u0173 balinimo sistema:<br \/>\n\u2022 Pa\u0161alina d\u0117mes nesubrai\u017eydamas ir nepa\u017eeisdamas emalio<br \/>\n\u2022 Apsaugo nuo apna\u0161\u0173 ir d\u0117mi\u0173 pakartotinio susidarymo<\/p>\n<p>Nenaudoti vaikams iki 3 met\u0173 am\u017eiaus. Sud\u0117tyje yra natrio monofluorfosfato. Fluorid\u0173 masin\u0117 dalis \u2013 0,1 % (skai\u010diuojant F).<\/p>\n","protected":false},"excerpt":{"rendered":"<p>Da\u017eniausios dant\u0173 spalvos pakitimo prie\u017eastys: \u2022 Kavos ir raudonojo vyno g\u0117rimas \u2022 Vaisi\u0173 ir vaisi\u0173 sul\u010di\u0173 vartojimas \u2022 R\u016bkymas \u2022 Bloga dant\u0173 ir burnos higiena \u201eParodont Active White\u201c dant\u0173 balinimo sistema: \u2022 Pa\u0161alina d\u0117mes nesubrai\u017eydamas ir nepa\u017eeisdamas emalio \u2022 Apsaugo nuo apna\u0161\u0173 ir d\u0117mi\u0173 pakartotinio susidarymo Nenaudoti vaikams iki 3 met\u0173 am\u017eiaus. Sud\u0117tyje yra natrio [&#8230;]\n","protected":false},"featured_media":97454,"template":"","meta":[],"product_cat":[2181],"product_tag":[],"class_list":{"0":"post-97452","1":"product","2":"type-product","3":"status-publish","4":"has-post-thumbnail","6":"product_brand-aroma-bg-lt","7":"product_cat-bez-kategorijas-lt","9":"first","10":"instock","11":"taxable","12":"shipping-taxable","13":"product-type-simple"},"_links":{"self":[{"href":"https:\/\/e.kosmolat.eu\/lt\/wp-json\/wp\/v2\/product\/97452","targetHints":{"allow":["GET"]}}],"collection":[{"href":"https:\/\/e.kosmolat.eu\/lt\/wp-json\/wp\/v2\/product"}],"about":[{"href":"https:\/\/e.kosmolat.eu\/lt\/wp-json\/wp\/v2\/types\/product"}],"wp:featuredmedia":[{"embeddable":true,"href":"https:\/\/e.kosmolat.eu\/lt\/wp-json\/wp\/v2\/media\/97454"}],"wp:attachment":[{"href":"https:\/\/e.kosmolat.eu\/lt\/wp-json\/wp\/v2\/media?parent=97452"}],"wp:term":[{"taxonomy":"product_cat","embeddable":true,"href":"https:\/\/e.kosmolat.eu\/lt\/wp-json\/wp\/v2\/product_cat?post=97452"},{"taxonomy":"product_tag","embeddable":true,"href":"https:\/\/e.kosmolat.eu\/lt\/wp-json\/wp\/v2\/product_tag?post=97452"}],"curies":[{"name":"wp","href":"https:\/\/api.w.org\/{rel}","templated":true}]}}