{"id":97444,"date":"2025-10-01T07:41:03","date_gmt":"2025-10-01T07:41:03","guid":{"rendered":"https:\/\/e.kosmolat.eu\/product\/parodont-active-prebiotic-zobu-pasta-75-ml\/"},"modified":"2026-04-01T08:36:06","modified_gmt":"2026-04-01T08:36:06","slug":"parodont-active-prebiotic-zobu-pasta-75-ml","status":"publish","type":"product","link":"https:\/\/e.kosmolat.eu\/lt\/produktas\/parodont-active-prebiotic-zobu-pasta-75-ml\/","title":{"rendered":"PARODONT ACTIVE Prebiotic  dant\u0173 pasta, 75 ml"},"content":{"rendered":"<p>Sud\u0117tyje yra nat\u016bralaus prebiotinio inulino (cikorij\u0173 \u0161akn\u0173 ir agav\u0173 ekstrakto), kuris palaiko naudingos mikrofloros pusiausvyr\u0105 burnos ertm\u0117je.<br \/>\n\u2022 Padeda palaikyti nat\u016brali\u0105 gleivin\u0117s dr\u0117kinim\u0105 ir suteikia komforto poj\u016bt\u012f.<br \/>\n\u2022 Sud\u0117tyje yra cinko citrato, kuris padeda suma\u017einti apna\u0161as.<br \/>\n\u2022 Sud\u0117tyje yra aliuminio laktato, kuris padeda palaikyti burnos higien\u0105.<br \/>\n\u2022 Rekomenduojama reguliariai tikrintis pas odontolog\u0105.<\/p>\n<p>Naudojimo instrukcija: Nor\u0117dami palaikyti sveikus dantis ir dantenas, valykite dantis bent 2\u20133 minutes du kartus per dien\u0105.<\/p>\n<p>Tik suaugusiesiems.<br \/>\nSud\u0117tyje yra natrio monofluorfosfato. Fluorid\u0173 masin\u0117 dalis \u2013 0,1 % (skai\u010diuojant F).<\/p>\n","protected":false},"excerpt":{"rendered":"<p>Sud\u0117tyje yra nat\u016bralaus prebiotinio inulino (cikorij\u0173 \u0161akn\u0173 ir agav\u0173 ekstrakto), kuris palaiko naudingos mikrofloros pusiausvyr\u0105 burnos ertm\u0117je. \u2022 Padeda palaikyti nat\u016brali\u0105 gleivin\u0117s dr\u0117kinim\u0105 ir suteikia komforto poj\u016bt\u012f. \u2022 Sud\u0117tyje yra cinko citrato, kuris padeda suma\u017einti apna\u0161as. \u2022 Sud\u0117tyje yra aliuminio laktato, kuris padeda palaikyti burnos higien\u0105. \u2022 Rekomenduojama reguliariai tikrintis pas odontolog\u0105. Naudojimo instrukcija: Nor\u0117dami [&#8230;]\n","protected":false},"featured_media":97446,"template":"","meta":[],"product_cat":[2181],"product_tag":[],"class_list":{"0":"post-97444","1":"product","2":"type-product","3":"status-publish","4":"has-post-thumbnail","6":"product_brand-aroma-bg-lt","7":"product_cat-bez-kategorijas-lt","9":"first","10":"instock","11":"taxable","12":"shipping-taxable","13":"product-type-simple"},"_links":{"self":[{"href":"https:\/\/e.kosmolat.eu\/lt\/wp-json\/wp\/v2\/product\/97444","targetHints":{"allow":["GET"]}}],"collection":[{"href":"https:\/\/e.kosmolat.eu\/lt\/wp-json\/wp\/v2\/product"}],"about":[{"href":"https:\/\/e.kosmolat.eu\/lt\/wp-json\/wp\/v2\/types\/product"}],"wp:featuredmedia":[{"embeddable":true,"href":"https:\/\/e.kosmolat.eu\/lt\/wp-json\/wp\/v2\/media\/97446"}],"wp:attachment":[{"href":"https:\/\/e.kosmolat.eu\/lt\/wp-json\/wp\/v2\/media?parent=97444"}],"wp:term":[{"taxonomy":"product_cat","embeddable":true,"href":"https:\/\/e.kosmolat.eu\/lt\/wp-json\/wp\/v2\/product_cat?post=97444"},{"taxonomy":"product_tag","embeddable":true,"href":"https:\/\/e.kosmolat.eu\/lt\/wp-json\/wp\/v2\/product_tag?post=97444"}],"curies":[{"name":"wp","href":"https:\/\/api.w.org\/{rel}","templated":true}]}}