{"id":97404,"date":"2025-10-01T07:39:30","date_gmt":"2025-10-01T07:39:30","guid":{"rendered":"https:\/\/e.kosmolat.eu\/product\/astera-whitening-zobu-pasta-ziemas-piparmetra-50-ml\/"},"modified":"2026-04-01T08:34:55","modified_gmt":"2026-04-01T08:34:55","slug":"astera-whitening-zobu-pasta-ziemas-piparmetra-50-ml","status":"publish","type":"product","link":"https:\/\/e.kosmolat.eu\/lt\/produktas\/astera-whitening-zobu-pasta-ziemas-piparmetra-50-ml\/","title":{"rendered":"ASTERA Whitening dant\u0173 pasta su \u017eiemine m\u0117ta, 50 ml"},"content":{"rendered":"<p>Balinamoji dant\u0173 pasta su veikli\u0173j\u0173 med\u017eiag\u0173 kompleksu nat\u016braliam dant\u0173 balinimui. Praturtinta kalciu ir fluoru, kad b\u016bt\u0173 maksimaliai apsaugota nuo \u0117duonies.<\/p>\n<p>Naudojimas: sveikiems dantims ir dantenoms naudokite dant\u0173 past\u0105 reguliariai, bent du kartus per dien\u0105, valydami dantis 2-3 minutes.<\/p>\n<p>\u012esp\u0117jimas: Sud\u0117tyje yra natrio monofluorfosfato. Fluorid\u0173 masin\u0117 dalis \u2013 0,1 % (skai\u010diuojant F). Vaikams iki 6 m. naudokite \u017eirnio dyd\u017eio kiek\u012f, steb\u0117kite, kad nenuryt\u0173. Jeigu vartojami produktai, kuri\u0173 sud\u0117tyje yra fluorido, pasitarkite su odontologu arba gydytoju.<\/p>\n","protected":false},"excerpt":{"rendered":"<p>Balinamoji dant\u0173 pasta su veikli\u0173j\u0173 med\u017eiag\u0173 kompleksu nat\u016braliam dant\u0173 balinimui. Praturtinta kalciu ir fluoru, kad b\u016bt\u0173 maksimaliai apsaugota nuo \u0117duonies. Naudojimas: sveikiems dantims ir dantenoms naudokite dant\u0173 past\u0105 reguliariai, bent du kartus per dien\u0105, valydami dantis 2-3 minutes. \u012esp\u0117jimas: Sud\u0117tyje yra natrio monofluorfosfato. Fluorid\u0173 masin\u0117 dalis \u2013 0,1 % (skai\u010diuojant F). Vaikams iki 6 m. [&#8230;]\n","protected":false},"featured_media":97406,"template":"","meta":[],"product_cat":[2181],"product_tag":[],"class_list":{"0":"post-97404","1":"product","2":"type-product","3":"status-publish","4":"has-post-thumbnail","6":"product_brand-aroma-bg-lt","7":"product_cat-bez-kategorijas-lt","9":"first","10":"outofstock","11":"taxable","12":"shipping-taxable","13":"product-type-simple"},"_links":{"self":[{"href":"https:\/\/e.kosmolat.eu\/lt\/wp-json\/wp\/v2\/product\/97404","targetHints":{"allow":["GET"]}}],"collection":[{"href":"https:\/\/e.kosmolat.eu\/lt\/wp-json\/wp\/v2\/product"}],"about":[{"href":"https:\/\/e.kosmolat.eu\/lt\/wp-json\/wp\/v2\/types\/product"}],"wp:featuredmedia":[{"embeddable":true,"href":"https:\/\/e.kosmolat.eu\/lt\/wp-json\/wp\/v2\/media\/97406"}],"wp:attachment":[{"href":"https:\/\/e.kosmolat.eu\/lt\/wp-json\/wp\/v2\/media?parent=97404"}],"wp:term":[{"taxonomy":"product_cat","embeddable":true,"href":"https:\/\/e.kosmolat.eu\/lt\/wp-json\/wp\/v2\/product_cat?post=97404"},{"taxonomy":"product_tag","embeddable":true,"href":"https:\/\/e.kosmolat.eu\/lt\/wp-json\/wp\/v2\/product_tag?post=97404"}],"curies":[{"name":"wp","href":"https:\/\/api.w.org\/{rel}","templated":true}]}}