{"id":97396,"date":"2025-10-01T07:39:11","date_gmt":"2025-10-01T07:39:11","guid":{"rendered":"https:\/\/e.kosmolat.eu\/product\/astera-active-3-zobu-pasta-svaiga-piparmetra-50-ml\/"},"modified":"2026-04-22T08:22:22","modified_gmt":"2026-04-22T08:22:22","slug":"astera-active-3-zobu-pasta-svaiga-piparmetra-50-ml","status":"publish","type":"product","link":"https:\/\/e.kosmolat.eu\/lt\/produktas\/astera-active-3-zobu-pasta-svaiga-piparmetra-50-ml\/","title":{"rendered":"ASTERA Active 3 dant\u0173 pasta Gaivi m\u0117ta, 50 ml"},"content":{"rendered":"<p>Apsaugo, valo ir gaivina. \u0160i kalciu ir fluoru praturtinta dant\u0173 pasta u\u017etikrina maksimali\u0105 apsaug\u0105 nuo \u0117duonies.<\/p>\n<p>Naudojimas: sveikiems dantims ir dantenoms naudokite dant\u0173 past\u0105 reguliariai, bent du kartus per dien\u0105, valydami dantis 2-3 minutes.<\/p>\n<p>\u012esp\u0117jimas: Sud\u0117tyje yra natrio monofluorfosfato. Fluorid\u0173 masin\u0117 dalis \u2013 0,1 % (skai\u010diuojant F). Vaikams iki 6 m. naudokite \u017eirnio dyd\u017eio kiek\u012f, steb\u0117kite, kad nenuryt\u0173. Jeigu vartojami produktai, kuri\u0173 sud\u0117tyje yra fluorido, pasitarkite su odontologu arba gydytoju.<\/p>\n","protected":false},"excerpt":{"rendered":"<p>Apsaugo, valo ir gaivina. \u0160i kalciu ir fluoru praturtinta dant\u0173 pasta u\u017etikrina maksimali\u0105 apsaug\u0105 nuo \u0117duonies. Naudojimas: sveikiems dantims ir dantenoms naudokite dant\u0173 past\u0105 reguliariai, bent du kartus per dien\u0105, valydami dantis 2-3 minutes. \u012esp\u0117jimas: Sud\u0117tyje yra natrio monofluorfosfato. Fluorid\u0173 masin\u0117 dalis \u2013 0,1 % (skai\u010diuojant F). Vaikams iki 6 m. naudokite \u017eirnio dyd\u017eio kiek\u012f, [&#8230;]\n","protected":false},"featured_media":97398,"template":"","meta":[],"product_cat":[2181],"product_tag":[],"class_list":{"0":"post-97396","1":"product","2":"type-product","3":"status-publish","4":"has-post-thumbnail","6":"product_brand-aroma-bg-lt","7":"product_cat-bez-kategorijas-lt","9":"first","10":"outofstock","11":"taxable","12":"shipping-taxable","13":"product-type-simple"},"_links":{"self":[{"href":"https:\/\/e.kosmolat.eu\/lt\/wp-json\/wp\/v2\/product\/97396","targetHints":{"allow":["GET"]}}],"collection":[{"href":"https:\/\/e.kosmolat.eu\/lt\/wp-json\/wp\/v2\/product"}],"about":[{"href":"https:\/\/e.kosmolat.eu\/lt\/wp-json\/wp\/v2\/types\/product"}],"wp:featuredmedia":[{"embeddable":true,"href":"https:\/\/e.kosmolat.eu\/lt\/wp-json\/wp\/v2\/media\/97398"}],"wp:attachment":[{"href":"https:\/\/e.kosmolat.eu\/lt\/wp-json\/wp\/v2\/media?parent=97396"}],"wp:term":[{"taxonomy":"product_cat","embeddable":true,"href":"https:\/\/e.kosmolat.eu\/lt\/wp-json\/wp\/v2\/product_cat?post=97396"},{"taxonomy":"product_tag","embeddable":true,"href":"https:\/\/e.kosmolat.eu\/lt\/wp-json\/wp\/v2\/product_tag?post=97396"}],"curies":[{"name":"wp","href":"https:\/\/api.w.org\/{rel}","templated":true}]}}