{"id":97388,"date":"2025-10-01T07:38:53","date_gmt":"2025-10-01T07:38:53","guid":{"rendered":"https:\/\/e.kosmolat.eu\/product\/astera-microgranules-neon-zobu-pasta-75-ml\/"},"modified":"2026-04-01T08:34:20","modified_gmt":"2026-04-01T08:34:20","slug":"astera-microgranules-neon-zobu-pasta-75-ml","status":"publish","type":"product","link":"https:\/\/e.kosmolat.eu\/lt\/produktas\/astera-microgranules-neon-zobu-pasta-75-ml\/","title":{"rendered":"ASTERA Microgranules Neon dant\u0173 pasta, 75 ml"},"content":{"rendered":"<p>Gelin\u0117 dant\u0173 pasta su mikrogranul\u0117mis, skirta tobulam tarpdan\u010di\u0173 valymui. \u0160velnios, sferin\u0117s mikrodalel\u0117s pa\u0161alina apna\u0161as nepa\u017eeisdamos dant\u0173 ir danten\u0173. M\u0117t\u0173 aromatas papildo \u0161varos poj\u016bt\u012f ir suteikia ilgalaik\u012f gaivum\u0105 bei komfort\u0105.<\/p>\n<p>Naudojimas: sveikiems dantims ir dantenoms naudokite dant\u0173 past\u0105 reguliariai, bent du kartus per dien\u0105, valydami dantis 2-3 minutes. \u012esp\u0117jimas: Sud\u0117tyje yra 0,1% natrio fluorido (fluoro pavidalu). <\/p>\n<p>Rekomenduojama naudoti kasdien suaugusiesiems ir vyresniems nei 6 met\u0173 vaikams. Vaikams iki 6 m. naudokite \u017eirnio dyd\u017eio kiek\u012f, steb\u0117kite, kad nenuryt\u0173. Jeigu vartojami produktai, kuri\u0173 sud\u0117tyje yra fluorido, pasitarkite su odontologu arba gydytoju.<\/p>\n","protected":false},"excerpt":{"rendered":"<p>Gelin\u0117 dant\u0173 pasta su mikrogranul\u0117mis, skirta tobulam tarpdan\u010di\u0173 valymui. \u0160velnios, sferin\u0117s mikrodalel\u0117s pa\u0161alina apna\u0161as nepa\u017eeisdamos dant\u0173 ir danten\u0173. M\u0117t\u0173 aromatas papildo \u0161varos poj\u016bt\u012f ir suteikia ilgalaik\u012f gaivum\u0105 bei komfort\u0105. Naudojimas: sveikiems dantims ir dantenoms naudokite dant\u0173 past\u0105 reguliariai, bent du kartus per dien\u0105, valydami dantis 2-3 minutes. \u012esp\u0117jimas: Sud\u0117tyje yra 0,1% natrio fluorido (fluoro pavidalu). [&#8230;]\n","protected":false},"featured_media":97390,"template":"","meta":[],"product_cat":[2181],"product_tag":[],"class_list":{"0":"post-97388","1":"product","2":"type-product","3":"status-publish","4":"has-post-thumbnail","6":"product_brand-aroma-bg-lt","7":"product_cat-bez-kategorijas-lt","9":"first","10":"outofstock","11":"taxable","12":"shipping-taxable","13":"product-type-simple"},"_links":{"self":[{"href":"https:\/\/e.kosmolat.eu\/lt\/wp-json\/wp\/v2\/product\/97388","targetHints":{"allow":["GET"]}}],"collection":[{"href":"https:\/\/e.kosmolat.eu\/lt\/wp-json\/wp\/v2\/product"}],"about":[{"href":"https:\/\/e.kosmolat.eu\/lt\/wp-json\/wp\/v2\/types\/product"}],"wp:featuredmedia":[{"embeddable":true,"href":"https:\/\/e.kosmolat.eu\/lt\/wp-json\/wp\/v2\/media\/97390"}],"wp:attachment":[{"href":"https:\/\/e.kosmolat.eu\/lt\/wp-json\/wp\/v2\/media?parent=97388"}],"wp:term":[{"taxonomy":"product_cat","embeddable":true,"href":"https:\/\/e.kosmolat.eu\/lt\/wp-json\/wp\/v2\/product_cat?post=97388"},{"taxonomy":"product_tag","embeddable":true,"href":"https:\/\/e.kosmolat.eu\/lt\/wp-json\/wp\/v2\/product_tag?post=97388"}],"curies":[{"name":"wp","href":"https:\/\/api.w.org\/{rel}","templated":true}]}}