{"id":97380,"date":"2025-10-01T07:38:35","date_gmt":"2025-10-01T07:38:35","guid":{"rendered":"https:\/\/e.kosmolat.eu\/product\/parodont-active-zobu-pasta-ar-melnas-juras-miner-75-ml\/"},"modified":"2026-04-01T08:34:08","modified_gmt":"2026-04-01T08:34:08","slug":"parodont-active-zobu-pasta-ar-melnas-juras-miner-75-ml","status":"publish","type":"product","link":"https:\/\/e.kosmolat.eu\/lt\/produktas\/parodont-active-zobu-pasta-ar-melnas-juras-miner-75-ml\/","title":{"rendered":"PARODONT ACTIVE dant\u0173 pasta su Juodosios j\u016bros mineralais, 75 ml"},"content":{"rendered":"<p>Sud\u0117tyje yra Juodosios j\u016bros mineral\u0173. Stiprina dant\u0173 emal\u012f ir apsaugo nuo danten\u0173 kraujavimo. Tinka kasdieniam naudojimui, \u012fskaitant r\u016bkalius ir \u017emones su jautriomis dantenomis. Rekomenduojama reguliariai tikrintis pas odontolog\u0105.<\/p>\n<p>Naudojimas: Nor\u0117dami u\u017etikrinti sveikus dantis ir dantenas, valykite dantis bent 2\u20133 minutes du kartus per dien\u0105.<\/p>\n<p>Nenaudoti vaikams iki 3 met\u0173 am\u017eiaus. Sud\u0117tyje yra natrio monofluorfosfato. Fluorid\u0173 masin\u0117 dalis \u2013 0,1 % (skai\u010diuojant F).<\/p>\n","protected":false},"excerpt":{"rendered":"<p>Sud\u0117tyje yra Juodosios j\u016bros mineral\u0173. Stiprina dant\u0173 emal\u012f ir apsaugo nuo danten\u0173 kraujavimo. Tinka kasdieniam naudojimui, \u012fskaitant r\u016bkalius ir \u017emones su jautriomis dantenomis. Rekomenduojama reguliariai tikrintis pas odontolog\u0105. Naudojimas: Nor\u0117dami u\u017etikrinti sveikus dantis ir dantenas, valykite dantis bent 2\u20133 minutes du kartus per dien\u0105. Nenaudoti vaikams iki 3 met\u0173 am\u017eiaus. Sud\u0117tyje yra natrio monofluorfosfato. Fluorid\u0173 [&#8230;]\n","protected":false},"featured_media":97382,"template":"","meta":[],"product_cat":[2181],"product_tag":[],"class_list":{"0":"post-97380","1":"product","2":"type-product","3":"status-publish","4":"has-post-thumbnail","6":"product_brand-aroma-bg-lt","7":"product_cat-bez-kategorijas-lt","9":"first","10":"instock","11":"taxable","12":"shipping-taxable","13":"product-type-simple"},"_links":{"self":[{"href":"https:\/\/e.kosmolat.eu\/lt\/wp-json\/wp\/v2\/product\/97380","targetHints":{"allow":["GET"]}}],"collection":[{"href":"https:\/\/e.kosmolat.eu\/lt\/wp-json\/wp\/v2\/product"}],"about":[{"href":"https:\/\/e.kosmolat.eu\/lt\/wp-json\/wp\/v2\/types\/product"}],"wp:featuredmedia":[{"embeddable":true,"href":"https:\/\/e.kosmolat.eu\/lt\/wp-json\/wp\/v2\/media\/97382"}],"wp:attachment":[{"href":"https:\/\/e.kosmolat.eu\/lt\/wp-json\/wp\/v2\/media?parent=97380"}],"wp:term":[{"taxonomy":"product_cat","embeddable":true,"href":"https:\/\/e.kosmolat.eu\/lt\/wp-json\/wp\/v2\/product_cat?post=97380"},{"taxonomy":"product_tag","embeddable":true,"href":"https:\/\/e.kosmolat.eu\/lt\/wp-json\/wp\/v2\/product_tag?post=97380"}],"curies":[{"name":"wp","href":"https:\/\/api.w.org\/{rel}","templated":true}]}}