{"id":97372,"date":"2025-10-01T07:38:16","date_gmt":"2025-10-01T07:38:16","guid":{"rendered":"https:\/\/e.kosmolat.eu\/product\/astera-kids-apple-bernu-zobu-pasta-6-gadi-50-ml\/"},"modified":"2026-03-10T10:12:42","modified_gmt":"2026-03-10T10:12:42","slug":"astera-kids-apple-bernu-zobu-pasta-6-gadi-50-ml","status":"publish","type":"product","link":"https:\/\/e.kosmolat.eu\/lt\/produktas\/astera-kids-apple-bernu-zobu-pasta-6-gadi-50-ml\/","title":{"rendered":"ASTERA KIDS Apple dant\u0173 pasta vaikams nuo 6 met\u0173, 50 ml"},"content":{"rendered":"<p>\u2022 Be paraben\u0173<br \/>\n\u2022 Be cukraus<br \/>\n\u2022 Ma\u017eas abrazyvumas<br \/>\n\u2022 Apsauga nuo \u0117duonies<\/p>\n<p>Ankstyva vaik\u0173 dant\u0173 prie\u017ei\u016bra yra viso gyvenimo investicija.<br \/>\nNaudojimas: sveikiems dantims ir dantenoms naudokite dant\u0173 past\u0105 reguliariai, bent du kartus per dien\u0105, valydami dantis 2-3 minutes.<\/p>\n<p>\u012esp\u0117jimas: Sud\u0117tyje yra natrio monofluorfosfato. Fluorid\u0173 masin\u0117 dalis \u2013 0,145 % (skai\u010diuojant F). Vaikams iki 6 m. naudokite \u017eirnio dyd\u017eio kiek\u012f, steb\u0117kite, kad nenuryt\u0173. Jeigu vartojami produktai, kuri\u0173 sud\u0117tyje yra fluorido, pasitarkite su odontologu arba gydytoju.<\/p>\n","protected":false},"excerpt":{"rendered":"<p>\u2022 Be paraben\u0173 \u2022 Be cukraus \u2022 Ma\u017eas abrazyvumas \u2022 Apsauga nuo \u0117duonies Ankstyva vaik\u0173 dant\u0173 prie\u017ei\u016bra yra viso gyvenimo investicija. Naudojimas: sveikiems dantims ir dantenoms naudokite dant\u0173 past\u0105 reguliariai, bent du kartus per dien\u0105, valydami dantis 2-3 minutes. \u012esp\u0117jimas: Sud\u0117tyje yra natrio monofluorfosfato. Fluorid\u0173 masin\u0117 dalis \u2013 0,145 % (skai\u010diuojant F). Vaikams iki 6 [&#8230;]\n","protected":false},"featured_media":97374,"template":"","meta":[],"product_cat":[2181],"product_tag":[],"class_list":{"0":"post-97372","1":"product","2":"type-product","3":"status-publish","4":"has-post-thumbnail","6":"product_brand-aroma-bg-lt","7":"product_cat-bez-kategorijas-lt","9":"first","10":"outofstock","11":"taxable","12":"shipping-taxable","13":"product-type-simple"},"_links":{"self":[{"href":"https:\/\/e.kosmolat.eu\/lt\/wp-json\/wp\/v2\/product\/97372","targetHints":{"allow":["GET"]}}],"collection":[{"href":"https:\/\/e.kosmolat.eu\/lt\/wp-json\/wp\/v2\/product"}],"about":[{"href":"https:\/\/e.kosmolat.eu\/lt\/wp-json\/wp\/v2\/types\/product"}],"wp:featuredmedia":[{"embeddable":true,"href":"https:\/\/e.kosmolat.eu\/lt\/wp-json\/wp\/v2\/media\/97374"}],"wp:attachment":[{"href":"https:\/\/e.kosmolat.eu\/lt\/wp-json\/wp\/v2\/media?parent=97372"}],"wp:term":[{"taxonomy":"product_cat","embeddable":true,"href":"https:\/\/e.kosmolat.eu\/lt\/wp-json\/wp\/v2\/product_cat?post=97372"},{"taxonomy":"product_tag","embeddable":true,"href":"https:\/\/e.kosmolat.eu\/lt\/wp-json\/wp\/v2\/product_tag?post=97372"}],"curies":[{"name":"wp","href":"https:\/\/api.w.org\/{rel}","templated":true}]}}