{"id":97356,"date":"2025-10-01T07:37:41","date_gmt":"2025-10-01T07:37:41","guid":{"rendered":"https:\/\/e.kosmolat.eu\/product\/aroma-labora-collagen-r-krems-adai-ap-acim-15-ml\/"},"modified":"2026-04-16T13:08:55","modified_gmt":"2026-04-16T13:08:55","slug":"aroma-labora-collagen-r-krems-adai-ap-acim-15-ml","status":"publish","type":"product","link":"https:\/\/e.kosmolat.eu\/lt\/produktas\/aroma-labora-collagen-r-krems-adai-ap-acim-15-ml\/","title":{"rendered":"AROMA LABORA Collagen Recharge paaki\u0173 kremas, 15 ml"},"content":{"rendered":"<p>\u0160is maitinamasis kremas suteikia nesvarumo suteikiant\u012f dr\u0117kinim\u0105 ir padeda pagerinti odos i\u0161vaizd\u0105, suma\u017eindamas smulkias rauk\u0161leles jautrioje paaki\u0173 srityje. Formul\u0117 su j\u016briniu kolagenu dr\u0117kina ir stangrina od\u0105. Makadamij\u0173 aliejus giliai maitina ir stiprina nat\u016bral\u0173 apsaugin\u012f barjer\u0105, tod\u0117l oda aplink akis atrodo gaivi ir jaunatvi\u0161ka.<\/p>\n<p>Naudojimo instrukcijos: Lengvais pir\u0161t\u0173 galiukais tepkite ant odos aplink akis, vengdami tempti od\u0105.<\/p>\n","protected":false},"excerpt":{"rendered":"<p>\u0160is maitinamasis kremas suteikia nesvarumo suteikiant\u012f dr\u0117kinim\u0105 ir padeda pagerinti odos i\u0161vaizd\u0105, suma\u017eindamas smulkias rauk\u0161leles jautrioje paaki\u0173 srityje. Formul\u0117 su j\u016briniu kolagenu dr\u0117kina ir stangrina od\u0105. Makadamij\u0173 aliejus giliai maitina ir stiprina nat\u016bral\u0173 apsaugin\u012f barjer\u0105, tod\u0117l oda aplink akis atrodo gaivi ir jaunatvi\u0161ka. Naudojimo instrukcijos: Lengvais pir\u0161t\u0173 galiukais tepkite ant odos aplink akis, vengdami tempti [&#8230;]\n","protected":false},"featured_media":97358,"template":"","meta":[],"product_cat":[2181],"product_tag":[],"class_list":{"0":"post-97356","1":"product","2":"type-product","3":"status-publish","4":"has-post-thumbnail","6":"product_brand-aroma-bg-lt","7":"product_cat-bez-kategorijas-lt","9":"first","10":"instock","11":"taxable","12":"shipping-taxable","13":"product-type-simple"},"_links":{"self":[{"href":"https:\/\/e.kosmolat.eu\/lt\/wp-json\/wp\/v2\/product\/97356","targetHints":{"allow":["GET"]}}],"collection":[{"href":"https:\/\/e.kosmolat.eu\/lt\/wp-json\/wp\/v2\/product"}],"about":[{"href":"https:\/\/e.kosmolat.eu\/lt\/wp-json\/wp\/v2\/types\/product"}],"wp:featuredmedia":[{"embeddable":true,"href":"https:\/\/e.kosmolat.eu\/lt\/wp-json\/wp\/v2\/media\/97358"}],"wp:attachment":[{"href":"https:\/\/e.kosmolat.eu\/lt\/wp-json\/wp\/v2\/media?parent=97356"}],"wp:term":[{"taxonomy":"product_cat","embeddable":true,"href":"https:\/\/e.kosmolat.eu\/lt\/wp-json\/wp\/v2\/product_cat?post=97356"},{"taxonomy":"product_tag","embeddable":true,"href":"https:\/\/e.kosmolat.eu\/lt\/wp-json\/wp\/v2\/product_tag?post=97356"}],"curies":[{"name":"wp","href":"https:\/\/api.w.org\/{rel}","templated":true}]}}