{"id":97348,"date":"2025-10-01T07:37:21","date_gmt":"2025-10-01T07:37:21","guid":{"rendered":"https:\/\/e.kosmolat.eu\/product\/aroma-labora-lf-serums-30-ml\/"},"modified":"2026-04-07T10:04:08","modified_gmt":"2026-04-07T10:04:08","slug":"aroma-labora-lf-serums-30-ml","status":"publish","type":"product","link":"https:\/\/e.kosmolat.eu\/lt\/produktas\/aroma-labora-lf-serums-30-ml\/","title":{"rendered":"AROMA LABORA Lift &#038; Firm serumas, 30 ml"},"content":{"rendered":"<p>\u0160is serumas padeda suma\u017einti sen\u0117jimo po\u017eymius \u2013 dehidratacij\u0105, smulkias rauk\u0161leles, stangrumo praradim\u0105 ir papilk\u0117jusi\u0105 veido spalv\u0105. Galingas aktyvus ingredientas, turintis trigub\u0105 stangrinam\u0105j\u012f poveik\u012f, kovoja su odos sen\u0117jimu, apsaugo ir stiprina jos strukt\u016br\u0105. Serumas i\u0161laiko b\u016btin\u0105 dr\u0117gm\u0119, tod\u0117l oda tampa lygesn\u0117, \u0161velnesn\u0117 ir sveikesn\u0117.<\/p>\n<p>Naudojimas: ryte arba vakare nedidel\u012f kiek\u012f serumo u\u017etepkite ant \u0161varios veido ir kaklo odos, masa\u017euokite, kol visi\u0161kai \u012fsigers.<\/p>\n","protected":false},"excerpt":{"rendered":"<p>\u0160is serumas padeda suma\u017einti sen\u0117jimo po\u017eymius \u2013 dehidratacij\u0105, smulkias rauk\u0161leles, stangrumo praradim\u0105 ir papilk\u0117jusi\u0105 veido spalv\u0105. Galingas aktyvus ingredientas, turintis trigub\u0105 stangrinam\u0105j\u012f poveik\u012f, kovoja su odos sen\u0117jimu, apsaugo ir stiprina jos strukt\u016br\u0105. Serumas i\u0161laiko b\u016btin\u0105 dr\u0117gm\u0119, tod\u0117l oda tampa lygesn\u0117, \u0161velnesn\u0117 ir sveikesn\u0117. Naudojimas: ryte arba vakare nedidel\u012f kiek\u012f serumo u\u017etepkite ant \u0161varios veido ir [&#8230;]\n","protected":false},"featured_media":97350,"template":"","meta":[],"product_cat":[2181],"product_tag":[],"class_list":{"0":"post-97348","1":"product","2":"type-product","3":"status-publish","4":"has-post-thumbnail","6":"product_brand-aroma-bg-lt","7":"product_cat-bez-kategorijas-lt","9":"first","10":"instock","11":"taxable","12":"shipping-taxable","13":"product-type-simple"},"_links":{"self":[{"href":"https:\/\/e.kosmolat.eu\/lt\/wp-json\/wp\/v2\/product\/97348","targetHints":{"allow":["GET"]}}],"collection":[{"href":"https:\/\/e.kosmolat.eu\/lt\/wp-json\/wp\/v2\/product"}],"about":[{"href":"https:\/\/e.kosmolat.eu\/lt\/wp-json\/wp\/v2\/types\/product"}],"wp:featuredmedia":[{"embeddable":true,"href":"https:\/\/e.kosmolat.eu\/lt\/wp-json\/wp\/v2\/media\/97350"}],"wp:attachment":[{"href":"https:\/\/e.kosmolat.eu\/lt\/wp-json\/wp\/v2\/media?parent=97348"}],"wp:term":[{"taxonomy":"product_cat","embeddable":true,"href":"https:\/\/e.kosmolat.eu\/lt\/wp-json\/wp\/v2\/product_cat?post=97348"},{"taxonomy":"product_tag","embeddable":true,"href":"https:\/\/e.kosmolat.eu\/lt\/wp-json\/wp\/v2\/product_tag?post=97348"}],"curies":[{"name":"wp","href":"https:\/\/api.w.org\/{rel}","templated":true}]}}