{"id":97340,"date":"2025-10-01T07:37:03","date_gmt":"2025-10-01T07:37:03","guid":{"rendered":"https:\/\/e.kosmolat.eu\/product\/aroma-labora-lf-nakts-krems-visiem-adas-tip-50-ml\/"},"modified":"2026-04-08T07:14:12","modified_gmt":"2026-04-08T07:14:12","slug":"aroma-labora-lf-nakts-krems-visiem-adas-tip-50-ml","status":"publish","type":"product","link":"https:\/\/e.kosmolat.eu\/lt\/produktas\/aroma-labora-lf-nakts-krems-visiem-adas-tip-50-ml\/","title":{"rendered":"AROMA LABORA Lift &#038; Firm naktinis kremas visiems odos tipams, 50 ml"},"content":{"rendered":"<p>\u201eLabora Lift&#038;Firm\u201c naktinis kremas teikia visapusi\u0161k\u0105 sen\u0117jim\u0105 stabdan\u010di\u0105 prie\u017ei\u016br\u0105, pad\u0117damas suma\u017einti matomus sen\u0117jimo po\u017eymius \u2013 dehidratuot\u0105 od\u0105, smulkias rauk\u0161leles, stangrumo praradim\u0105 ir papilk\u0117jusi\u0105 veido spalv\u0105. Galingas aktyvus ingredientas, turintis trigub\u0105 stiprinimo poveik\u012f, kovoja su odos sen\u0117jimu. Jis apsaugo ir stiprina odos strukt\u016br\u0105, j\u0105 atkuria ir dr\u0117kina. Gaivina veido od\u0105. D\u0117l neso\u010di\u0173j\u0173 omega-9 ir omega-6 riebi\u0173j\u0173 r\u016bg\u0161\u010di\u0173, esan\u010di\u0173 Maroko argano aliejuje, jis padeda i\u0161lyginti rauk\u0161les, maitina od\u0105 ir gerina jos elastingum\u0105. Sudedam\u0173j\u0173 dali\u0173 derinys palaiko b\u016btin\u0105 dr\u0117gm\u0117s lyg\u012f, tod\u0117l oda tampa lygesn\u0117, \u0161velnesn\u0117 ir sveikesn\u0117.<\/p>\n<p>Naudojimo instrukcijos: reguliariai vakare tepkite ant \u0161varios veido ir kaklo odos lengvais masa\u017euojamaisiais judesiais.<\/p>\n","protected":false},"excerpt":{"rendered":"<p>\u201eLabora Lift&#038;Firm\u201c naktinis kremas teikia visapusi\u0161k\u0105 sen\u0117jim\u0105 stabdan\u010di\u0105 prie\u017ei\u016br\u0105, pad\u0117damas suma\u017einti matomus sen\u0117jimo po\u017eymius \u2013 dehidratuot\u0105 od\u0105, smulkias rauk\u0161leles, stangrumo praradim\u0105 ir papilk\u0117jusi\u0105 veido spalv\u0105. Galingas aktyvus ingredientas, turintis trigub\u0105 stiprinimo poveik\u012f, kovoja su odos sen\u0117jimu. Jis apsaugo ir stiprina odos strukt\u016br\u0105, j\u0105 atkuria ir dr\u0117kina. Gaivina veido od\u0105. D\u0117l neso\u010di\u0173j\u0173 omega-9 ir omega-6 riebi\u0173j\u0173 [&#8230;]\n","protected":false},"featured_media":97342,"template":"","meta":[],"product_cat":[2181],"product_tag":[],"class_list":{"0":"post-97340","1":"product","2":"type-product","3":"status-publish","4":"has-post-thumbnail","6":"product_brand-aroma-bg-lt","7":"product_cat-bez-kategorijas-lt","9":"first","10":"outofstock","11":"taxable","12":"shipping-taxable","13":"product-type-simple"},"_links":{"self":[{"href":"https:\/\/e.kosmolat.eu\/lt\/wp-json\/wp\/v2\/product\/97340","targetHints":{"allow":["GET"]}}],"collection":[{"href":"https:\/\/e.kosmolat.eu\/lt\/wp-json\/wp\/v2\/product"}],"about":[{"href":"https:\/\/e.kosmolat.eu\/lt\/wp-json\/wp\/v2\/types\/product"}],"wp:featuredmedia":[{"embeddable":true,"href":"https:\/\/e.kosmolat.eu\/lt\/wp-json\/wp\/v2\/media\/97342"}],"wp:attachment":[{"href":"https:\/\/e.kosmolat.eu\/lt\/wp-json\/wp\/v2\/media?parent=97340"}],"wp:term":[{"taxonomy":"product_cat","embeddable":true,"href":"https:\/\/e.kosmolat.eu\/lt\/wp-json\/wp\/v2\/product_cat?post=97340"},{"taxonomy":"product_tag","embeddable":true,"href":"https:\/\/e.kosmolat.eu\/lt\/wp-json\/wp\/v2\/product_tag?post=97340"}],"curies":[{"name":"wp","href":"https:\/\/api.w.org\/{rel}","templated":true}]}}