{"id":97332,"date":"2025-10-01T07:36:44","date_gmt":"2025-10-01T07:36:44","guid":{"rendered":"https:\/\/e.kosmolat.eu\/product\/aroma-labora-lf-dienas-kr-visiem-adas-tip-spf-30-50-ml\/"},"modified":"2026-04-07T11:22:44","modified_gmt":"2026-04-07T11:22:44","slug":"aroma-labora-lf-dienas-kr-visiem-adas-tip-spf-30-50-ml","status":"publish","type":"product","link":"https:\/\/e.kosmolat.eu\/lt\/produktas\/aroma-labora-lf-dienas-kr-visiem-adas-tip-spf-30-50-ml\/","title":{"rendered":"AROMA LABORA Lift &#038; Firm dieninis kremas visiems odos tipams SPF 30, 50 ml"},"content":{"rendered":"<p>\u201eLabora Lift&#038;Firm\u201c dieninis kremas suteikia visapusi\u0161k\u0105 sen\u0117jim\u0105 stabdan\u010di\u0105 prie\u017ei\u016br\u0105, suteikdamas odai jaunatvi\u0161kesn\u0119 ir stangresn\u0119 i\u0161vaizd\u0105, pasitelkdamas naujausias inovacijas. \u0160is \u0161ilkinis kremas padeda suma\u017einti rauk\u0161les, neleid\u017eia atsirasti naujoms ir palieka od\u0105 gaivi\u0105, lygaus atspalvio ir sudr\u0117kint\u0105.<\/p>\n<p>Galingas aktyvus ingredientas su trigubu stangrinamuoju poveikiu kovoja su odos sen\u0117jimu, stiprina jos strukt\u016br\u0105 ir atkuria tonus\u0105. I\u0161skirtines \u0161ios \u0161velnios formul\u0117s lyginamasis ir dr\u0117kinamasis savybes sustiprina Maroko argano aliejus, kuris maitina od\u0105 ir palaiko optimal\u0173 dr\u0117gm\u0117s lyg\u012f. Su SPF 30.<\/p>\n<p>Naudojimo instrukcijos: tepkite kiekvien\u0105 ryt\u0105 ant \u0161varios veido ir kaklo odos.<\/p>\n","protected":false},"excerpt":{"rendered":"<p>\u201eLabora Lift&#038;Firm\u201c dieninis kremas suteikia visapusi\u0161k\u0105 sen\u0117jim\u0105 stabdan\u010di\u0105 prie\u017ei\u016br\u0105, suteikdamas odai jaunatvi\u0161kesn\u0119 ir stangresn\u0119 i\u0161vaizd\u0105, pasitelkdamas naujausias inovacijas. \u0160is \u0161ilkinis kremas padeda suma\u017einti rauk\u0161les, neleid\u017eia atsirasti naujoms ir palieka od\u0105 gaivi\u0105, lygaus atspalvio ir sudr\u0117kint\u0105. Galingas aktyvus ingredientas su trigubu stangrinamuoju poveikiu kovoja su odos sen\u0117jimu, stiprina jos strukt\u016br\u0105 ir atkuria tonus\u0105. I\u0161skirtines \u0161ios \u0161velnios [&#8230;]\n","protected":false},"featured_media":97334,"template":"","meta":[],"product_cat":[1322],"product_tag":[],"class_list":{"0":"post-97332","1":"product","2":"type-product","3":"status-publish","4":"has-post-thumbnail","6":"product_brand-aroma-bg-lt","7":"product_cat-veido-kremai","9":"first","10":"instock","11":"taxable","12":"shipping-taxable","13":"product-type-simple"},"_links":{"self":[{"href":"https:\/\/e.kosmolat.eu\/lt\/wp-json\/wp\/v2\/product\/97332","targetHints":{"allow":["GET"]}}],"collection":[{"href":"https:\/\/e.kosmolat.eu\/lt\/wp-json\/wp\/v2\/product"}],"about":[{"href":"https:\/\/e.kosmolat.eu\/lt\/wp-json\/wp\/v2\/types\/product"}],"wp:featuredmedia":[{"embeddable":true,"href":"https:\/\/e.kosmolat.eu\/lt\/wp-json\/wp\/v2\/media\/97334"}],"wp:attachment":[{"href":"https:\/\/e.kosmolat.eu\/lt\/wp-json\/wp\/v2\/media?parent=97332"}],"wp:term":[{"taxonomy":"product_cat","embeddable":true,"href":"https:\/\/e.kosmolat.eu\/lt\/wp-json\/wp\/v2\/product_cat?post=97332"},{"taxonomy":"product_tag","embeddable":true,"href":"https:\/\/e.kosmolat.eu\/lt\/wp-json\/wp\/v2\/product_tag?post=97332"}],"curies":[{"name":"wp","href":"https:\/\/api.w.org\/{rel}","templated":true}]}}