{"id":97324,"date":"2025-10-01T07:36:26","date_gmt":"2025-10-01T07:36:26","guid":{"rendered":"https:\/\/e.kosmolat.eu\/product\/aroma-labora-collagen-r-nakts-krems-50-ml\/"},"modified":"2026-02-23T06:43:01","modified_gmt":"2026-02-23T06:43:01","slug":"aroma-labora-collagen-r-nakts-krems-50-ml","status":"publish","type":"product","link":"https:\/\/e.kosmolat.eu\/lt\/produktas\/aroma-labora-collagen-r-nakts-krems-50-ml\/","title":{"rendered":"AROMA LABORA Collagen Recharge naktinis kremas, 50 ml"},"content":{"rendered":"<p>Naktinis kremas \u201eCollagen Recharge\u201c padeda atkurti od\u0105 miegant, ma\u017eina smulkias rauk\u0161leles ir i\u0161lygina odos atspalv\u012f. Kolagenu praturtinta formul\u0117 palaiko nat\u016bral\u0173 odos atsinaujinim\u0105 per nakt\u012f ir stangrina od\u0105. Makadamij\u0173 aliejus giliai dr\u0117kina ir padeda atkurti odos apsaugin\u012f barjer\u0105. Kiekvien\u0105 ryt\u0105 pabuskite gra\u017eesne ir spindin\u010dia veido oda.<\/p>\n<p>Naudojimo instrukcijos: Lengvais masa\u017einiais judesiais tepkite ant \u0161varios veido ir kaklo odos 30 minu\u010di\u0173 prie\u0161 mieg\u0105.<\/p>\n","protected":false},"excerpt":{"rendered":"<p>Naktinis kremas \u201eCollagen Recharge\u201c padeda atkurti od\u0105 miegant, ma\u017eina smulkias rauk\u0161leles ir i\u0161lygina odos atspalv\u012f. Kolagenu praturtinta formul\u0117 palaiko nat\u016bral\u0173 odos atsinaujinim\u0105 per nakt\u012f ir stangrina od\u0105. Makadamij\u0173 aliejus giliai dr\u0117kina ir padeda atkurti odos apsaugin\u012f barjer\u0105. Kiekvien\u0105 ryt\u0105 pabuskite gra\u017eesne ir spindin\u010dia veido oda. Naudojimo instrukcijos: Lengvais masa\u017einiais judesiais tepkite ant \u0161varios veido ir [&#8230;]\n","protected":false},"featured_media":97326,"template":"","meta":[],"product_cat":[1322],"product_tag":[],"class_list":{"0":"post-97324","1":"product","2":"type-product","3":"status-publish","4":"has-post-thumbnail","6":"product_brand-aroma-bg-lt","7":"product_cat-veido-kremai","9":"first","10":"outofstock","11":"taxable","12":"shipping-taxable","13":"product-type-simple"},"_links":{"self":[{"href":"https:\/\/e.kosmolat.eu\/lt\/wp-json\/wp\/v2\/product\/97324","targetHints":{"allow":["GET"]}}],"collection":[{"href":"https:\/\/e.kosmolat.eu\/lt\/wp-json\/wp\/v2\/product"}],"about":[{"href":"https:\/\/e.kosmolat.eu\/lt\/wp-json\/wp\/v2\/types\/product"}],"wp:featuredmedia":[{"embeddable":true,"href":"https:\/\/e.kosmolat.eu\/lt\/wp-json\/wp\/v2\/media\/97326"}],"wp:attachment":[{"href":"https:\/\/e.kosmolat.eu\/lt\/wp-json\/wp\/v2\/media?parent=97324"}],"wp:term":[{"taxonomy":"product_cat","embeddable":true,"href":"https:\/\/e.kosmolat.eu\/lt\/wp-json\/wp\/v2\/product_cat?post=97324"},{"taxonomy":"product_tag","embeddable":true,"href":"https:\/\/e.kosmolat.eu\/lt\/wp-json\/wp\/v2\/product_tag?post=97324"}],"curies":[{"name":"wp","href":"https:\/\/api.w.org\/{rel}","templated":true}]}}