{"id":97316,"date":"2025-10-01T07:36:09","date_gmt":"2025-10-01T07:36:09","guid":{"rendered":"https:\/\/e.kosmolat.eu\/product\/aroma-labora-collagen-r-dienas-krems-spf-30-50-ml\/"},"modified":"2026-04-20T11:57:45","modified_gmt":"2026-04-20T11:57:45","slug":"aroma-labora-collagen-r-dienas-krems-spf-30-50-ml","status":"publish","type":"product","link":"https:\/\/e.kosmolat.eu\/lt\/produktas\/aroma-labora-collagen-r-dienas-krems-spf-30-50-ml\/","title":{"rendered":"AROMA LABORA Collagen Recharge dieninis kremas SPF 30, 50 ml"},"content":{"rendered":"<p>\u0160is dieninis kremas giliai dr\u0117kina ir stangrina od\u0105 j\u016briniu kolagenu, tod\u0117l ji tampa pastebimai elastingesn\u0117 ir lygesn\u0117. Didel\u0117 maitinamojo makadamij\u0173 aliejaus koncentracija u\u017etikrina intensyv\u0173 dr\u0117kinim\u0105, stiprina odos apsaugin\u012f barjer\u0105 ir apsaugo nuo dr\u0117gm\u0117s praradimo. SPF 30 apsaugo nuo \u017ealing\u0173 UV spinduli\u0173, kurie sukelia prie\u0161laikin\u012f sen\u0117jim\u0105. Formul\u0117 u\u017etikrina ilgalaik\u012f dr\u0117kinim\u0105, intensyviai maitina ir atnaujina od\u0105, atkurdama sveik\u0105, jaunatvi\u0161k\u0105 i\u0161vaizd\u0105 ir nat\u016bral\u0173 spindes\u012f.<\/p>\n<p>Naudojimas: Tepkite kiekvien\u0105 ryt\u0105 ant \u0161varios veido ir kaklo odos.<\/p>\n","protected":false},"excerpt":{"rendered":"<p>\u0160is dieninis kremas giliai dr\u0117kina ir stangrina od\u0105 j\u016briniu kolagenu, tod\u0117l ji tampa pastebimai elastingesn\u0117 ir lygesn\u0117. Didel\u0117 maitinamojo makadamij\u0173 aliejaus koncentracija u\u017etikrina intensyv\u0173 dr\u0117kinim\u0105, stiprina odos apsaugin\u012f barjer\u0105 ir apsaugo nuo dr\u0117gm\u0117s praradimo. SPF 30 apsaugo nuo \u017ealing\u0173 UV spinduli\u0173, kurie sukelia prie\u0161laikin\u012f sen\u0117jim\u0105. Formul\u0117 u\u017etikrina ilgalaik\u012f dr\u0117kinim\u0105, intensyviai maitina ir atnaujina od\u0105, atkurdama [&#8230;]\n","protected":false},"featured_media":97318,"template":"","meta":[],"product_cat":[1322],"product_tag":[],"class_list":{"0":"post-97316","1":"product","2":"type-product","3":"status-publish","4":"has-post-thumbnail","6":"product_brand-aroma-bg-lt","7":"product_cat-veido-kremai","9":"first","10":"outofstock","11":"taxable","12":"shipping-taxable","13":"product-type-simple"},"_links":{"self":[{"href":"https:\/\/e.kosmolat.eu\/lt\/wp-json\/wp\/v2\/product\/97316","targetHints":{"allow":["GET"]}}],"collection":[{"href":"https:\/\/e.kosmolat.eu\/lt\/wp-json\/wp\/v2\/product"}],"about":[{"href":"https:\/\/e.kosmolat.eu\/lt\/wp-json\/wp\/v2\/types\/product"}],"wp:featuredmedia":[{"embeddable":true,"href":"https:\/\/e.kosmolat.eu\/lt\/wp-json\/wp\/v2\/media\/97318"}],"wp:attachment":[{"href":"https:\/\/e.kosmolat.eu\/lt\/wp-json\/wp\/v2\/media?parent=97316"}],"wp:term":[{"taxonomy":"product_cat","embeddable":true,"href":"https:\/\/e.kosmolat.eu\/lt\/wp-json\/wp\/v2\/product_cat?post=97316"},{"taxonomy":"product_tag","embeddable":true,"href":"https:\/\/e.kosmolat.eu\/lt\/wp-json\/wp\/v2\/product_tag?post=97316"}],"curies":[{"name":"wp","href":"https:\/\/api.w.org\/{rel}","templated":true}]}}