{"id":97308,"date":"2025-10-01T07:18:32","date_gmt":"2025-10-01T07:18:32","guid":{"rendered":"https:\/\/e.kosmolat.eu\/product\/dermaflora-sampuns-ar-alveju-visiem-matu-tip-250-ml\/"},"modified":"2026-04-16T13:44:35","modified_gmt":"2026-04-16T13:44:35","slug":"dermaflora-sampuns-ar-alveju-visiem-matu-tip-250-ml","status":"publish","type":"product","link":"https:\/\/e.kosmolat.eu\/lt\/produktas\/dermaflora-sampuns-ar-alveju-visiem-matu-tip-250-ml\/","title":{"rendered":"DERMAFLORA \u0161amp\u016bnas su alavijais visiems plauk\u0173 tipams, 250 ml"},"content":{"rendered":"<p>\u0160is \u0161amp\u016bnas \u0161velniai valo plaukus ir galvos od\u0105, d\u0117l odai saugi\u0173 ingredient\u0173. Koncentruotas alavij\u0173 ekstraktas sustiprina dr\u0117kinim\u0105 ir suteikia raminam\u0105j\u012f poveik\u012f. Tinka jautriai odai, sud\u0117tyje yra \u012fvairi\u0173 nat\u016brali\u0173 ingredient\u0173, be SLES, paraben\u0173, naftos produkt\u0173, alergen\u0173, silikon\u0173 ir da\u017eikli\u0173.<\/p>\n","protected":false},"excerpt":{"rendered":"<p>\u0160is \u0161amp\u016bnas \u0161velniai valo plaukus ir galvos od\u0105, d\u0117l odai saugi\u0173 ingredient\u0173. Koncentruotas alavij\u0173 ekstraktas sustiprina dr\u0117kinim\u0105 ir suteikia raminam\u0105j\u012f poveik\u012f. Tinka jautriai odai, sud\u0117tyje yra \u012fvairi\u0173 nat\u016brali\u0173 ingredient\u0173, be SLES, paraben\u0173, naftos produkt\u0173, alergen\u0173, silikon\u0173 ir da\u017eikli\u0173.<\/p>\n","protected":false},"featured_media":97310,"template":"","meta":[],"product_cat":[1251],"product_tag":[],"class_list":{"0":"post-97308","1":"product","2":"type-product","3":"status-publish","4":"has-post-thumbnail","6":"product_brand-florin_hu-lt","7":"product_cat-sampunai","9":"first","10":"instock","11":"taxable","12":"shipping-taxable","13":"product-type-simple"},"_links":{"self":[{"href":"https:\/\/e.kosmolat.eu\/lt\/wp-json\/wp\/v2\/product\/97308","targetHints":{"allow":["GET"]}}],"collection":[{"href":"https:\/\/e.kosmolat.eu\/lt\/wp-json\/wp\/v2\/product"}],"about":[{"href":"https:\/\/e.kosmolat.eu\/lt\/wp-json\/wp\/v2\/types\/product"}],"wp:featuredmedia":[{"embeddable":true,"href":"https:\/\/e.kosmolat.eu\/lt\/wp-json\/wp\/v2\/media\/97310"}],"wp:attachment":[{"href":"https:\/\/e.kosmolat.eu\/lt\/wp-json\/wp\/v2\/media?parent=97308"}],"wp:term":[{"taxonomy":"product_cat","embeddable":true,"href":"https:\/\/e.kosmolat.eu\/lt\/wp-json\/wp\/v2\/product_cat?post=97308"},{"taxonomy":"product_tag","embeddable":true,"href":"https:\/\/e.kosmolat.eu\/lt\/wp-json\/wp\/v2\/product_tag?post=97308"}],"curies":[{"name":"wp","href":"https:\/\/api.w.org\/{rel}","templated":true}]}}