{"id":97300,"date":"2025-10-01T07:15:43","date_gmt":"2025-10-01T07:15:43","guid":{"rendered":"https:\/\/e.kosmolat.eu\/product\/dermaflora-dusas-zeleja-ar-msm-jut-adai-bez-smarzv-250-ml\/"},"modified":"2026-02-11T12:47:22","modified_gmt":"2026-02-11T12:47:22","slug":"dermaflora-dusas-zeleja-ar-msm-jut-adai-bez-smarzv-250-ml","status":"publish","type":"product","link":"https:\/\/e.kosmolat.eu\/lt\/produktas\/dermaflora-dusas-zeleja-ar-msm-jut-adai-bez-smarzv-250-ml\/","title":{"rendered":"DERMAFLORA du\u0161o \u017eel\u0117 su MSM jautriai odai, be kvapikli\u0173, 250 ml"},"content":{"rendered":"<p>D\u0117l unikalios formul\u0117s \u0161i du\u0161o \u017eel\u0117 \u0161velniai valo, maitina ir ramina jautri\u0105 od\u0105. Aktyv\u016bs ingredientai apsaugo nuo dehidratacijos ir stiprina nat\u016brali\u0105 odos apsaug\u0105. MSM, \u017einomas kaip \u201egro\u017eio mineralas\u201c, stimuliuoja kolageno gamyb\u0105, padeda i\u0161laikyti odos elastingum\u0105 ir palaiko l\u0105steli\u0173 atsinaujinim\u0105.<br \/>\nAlavij\u0173 ekstraktas sustiprina dr\u0117kinim\u0105 ir turi raminam\u0105j\u012f poveik\u012f. \u0160is produktas, kuriame gausu nat\u016brali\u0173 ingredient\u0173, idealiai tinka jautriai odai. <\/p>\n<p>Be kvapi\u0173j\u0173 med\u017eiag\u0173, SLES, naftos produkt\u0173, paraben\u0173 ir da\u017eikli\u0173.<\/p>\n","protected":false},"excerpt":{"rendered":"<p>D\u0117l unikalios formul\u0117s \u0161i du\u0161o \u017eel\u0117 \u0161velniai valo, maitina ir ramina jautri\u0105 od\u0105. Aktyv\u016bs ingredientai apsaugo nuo dehidratacijos ir stiprina nat\u016brali\u0105 odos apsaug\u0105. MSM, \u017einomas kaip \u201egro\u017eio mineralas\u201c, stimuliuoja kolageno gamyb\u0105, padeda i\u0161laikyti odos elastingum\u0105 ir palaiko l\u0105steli\u0173 atsinaujinim\u0105. Alavij\u0173 ekstraktas sustiprina dr\u0117kinim\u0105 ir turi raminam\u0105j\u012f poveik\u012f. \u0160is produktas, kuriame gausu nat\u016brali\u0173 ingredient\u0173, idealiai tinka [&#8230;]\n","protected":false},"featured_media":97302,"template":"","meta":[],"product_cat":[1282],"product_tag":[],"class_list":{"0":"post-97300","1":"product","2":"type-product","3":"status-publish","4":"has-post-thumbnail","6":"product_brand-florin_hu-lt","7":"product_cat-duso-geliai-ir-duso-aliejai","9":"first","10":"instock","11":"taxable","12":"shipping-taxable","13":"product-type-simple"},"_links":{"self":[{"href":"https:\/\/e.kosmolat.eu\/lt\/wp-json\/wp\/v2\/product\/97300","targetHints":{"allow":["GET"]}}],"collection":[{"href":"https:\/\/e.kosmolat.eu\/lt\/wp-json\/wp\/v2\/product"}],"about":[{"href":"https:\/\/e.kosmolat.eu\/lt\/wp-json\/wp\/v2\/types\/product"}],"wp:featuredmedia":[{"embeddable":true,"href":"https:\/\/e.kosmolat.eu\/lt\/wp-json\/wp\/v2\/media\/97302"}],"wp:attachment":[{"href":"https:\/\/e.kosmolat.eu\/lt\/wp-json\/wp\/v2\/media?parent=97300"}],"wp:term":[{"taxonomy":"product_cat","embeddable":true,"href":"https:\/\/e.kosmolat.eu\/lt\/wp-json\/wp\/v2\/product_cat?post=97300"},{"taxonomy":"product_tag","embeddable":true,"href":"https:\/\/e.kosmolat.eu\/lt\/wp-json\/wp\/v2\/product_tag?post=97300"}],"curies":[{"name":"wp","href":"https:\/\/api.w.org\/{rel}","templated":true}]}}