{"id":97292,"date":"2025-10-01T07:15:21","date_gmt":"2025-10-01T07:15:21","guid":{"rendered":"https:\/\/e.kosmolat.eu\/product\/dermaflora-dusas-zeleja-ar-alveju-visiem-adas-tipiem-250-ml\/"},"modified":"2026-04-10T09:37:03","modified_gmt":"2026-04-10T09:37:03","slug":"dermaflora-dusas-zeleja-ar-alveju-visiem-adas-tipiem-250-ml","status":"publish","type":"product","link":"https:\/\/e.kosmolat.eu\/lt\/produktas\/dermaflora-dusas-zeleja-ar-alveju-visiem-adas-tipiem-250-ml\/","title":{"rendered":"DERMAFLORA du\u0161o \u017eel\u0117 su alavijais visiems odos tipams, 250 ml"},"content":{"rendered":"<p>D\u0117l speciali\u0173 ingredient\u0173 \u0161is du\u0161o \u017eel\u0117 \u0161velniai valo ir kondicionuoja od\u0105. Jame gausu nat\u016brali\u0173 ingredient\u0173, kurie padeda apsaugoti od\u0105 nuo i\u0161saus\u0117jimo. Koncentruotas alavij\u0173 ekstraktas sustiprina dr\u0117kinim\u0105 ir turi raminam\u0105j\u012f poveik\u012f.<\/p>\n<p>Be SLES, paraben\u0173, naftos produkt\u0173, alergen\u0173 kvapikli\u0173 ir da\u017eikli\u0173.<\/p>\n","protected":false},"excerpt":{"rendered":"<p>D\u0117l speciali\u0173 ingredient\u0173 \u0161is du\u0161o \u017eel\u0117 \u0161velniai valo ir kondicionuoja od\u0105. Jame gausu nat\u016brali\u0173 ingredient\u0173, kurie padeda apsaugoti od\u0105 nuo i\u0161saus\u0117jimo. Koncentruotas alavij\u0173 ekstraktas sustiprina dr\u0117kinim\u0105 ir turi raminam\u0105j\u012f poveik\u012f. Be SLES, paraben\u0173, naftos produkt\u0173, alergen\u0173 kvapikli\u0173 ir da\u017eikli\u0173.<\/p>\n","protected":false},"featured_media":97294,"template":"","meta":[],"product_cat":[1282],"product_tag":[],"class_list":{"0":"post-97292","1":"product","2":"type-product","3":"status-publish","4":"has-post-thumbnail","6":"product_brand-florin_hu-lt","7":"product_cat-duso-geliai-ir-duso-aliejai","9":"first","10":"instock","11":"taxable","12":"shipping-taxable","13":"product-type-simple"},"_links":{"self":[{"href":"https:\/\/e.kosmolat.eu\/lt\/wp-json\/wp\/v2\/product\/97292","targetHints":{"allow":["GET"]}}],"collection":[{"href":"https:\/\/e.kosmolat.eu\/lt\/wp-json\/wp\/v2\/product"}],"about":[{"href":"https:\/\/e.kosmolat.eu\/lt\/wp-json\/wp\/v2\/types\/product"}],"wp:featuredmedia":[{"embeddable":true,"href":"https:\/\/e.kosmolat.eu\/lt\/wp-json\/wp\/v2\/media\/97294"}],"wp:attachment":[{"href":"https:\/\/e.kosmolat.eu\/lt\/wp-json\/wp\/v2\/media?parent=97292"}],"wp:term":[{"taxonomy":"product_cat","embeddable":true,"href":"https:\/\/e.kosmolat.eu\/lt\/wp-json\/wp\/v2\/product_cat?post=97292"},{"taxonomy":"product_tag","embeddable":true,"href":"https:\/\/e.kosmolat.eu\/lt\/wp-json\/wp\/v2\/product_tag?post=97292"}],"curies":[{"name":"wp","href":"https:\/\/api.w.org\/{rel}","templated":true}]}}