{"id":97284,"date":"2025-10-01T07:15:00","date_gmt":"2025-10-01T07:15:00","guid":{"rendered":"https:\/\/e.kosmolat.eu\/product\/dermaflora-sampuns-ar-msm-jutigai-galvas-adai-bez-smarzv-250-ml\/"},"modified":"2026-04-20T11:40:21","modified_gmt":"2026-04-20T11:40:21","slug":"dermaflora-sampuns-ar-msm-jutigai-galvas-adai-bez-smarzv-250-ml","status":"publish","type":"product","link":"https:\/\/e.kosmolat.eu\/lt\/produktas\/dermaflora-sampuns-ar-msm-jutigai-galvas-adai-bez-smarzv-250-ml\/","title":{"rendered":"DERMAFLORA MSM \u0161amp\u016bnas jautriai galvos odai, be kvapikli\u0173, 250 ml"},"content":{"rendered":"<p>D\u0117l unikalios formul\u0117s \u0161is \u0161amp\u016bnas \u0161velniai valo ir maitina plaukus bei galvos od\u0105. MSM, \u017einomas kaip \u201egro\u017eio mineralas\u201c, skatina l\u0105steli\u0173 atsinaujinim\u0105, stimuliuoja plauk\u0173 augim\u0105, stiprina plaukus ir atkuria j\u0173 strukt\u016br\u0105. Alavij\u0173 ekstraktas pagerina dr\u0117kinim\u0105 ir turi raminam\u0105j\u012f poveik\u012f. \u0160is produktas, praturtintas nat\u016braliais ingredientais, rekomenduojama jautri\u0105 od\u0105 turintiems \u017emon\u0117ms. <\/p>\n<p>Be kvapikli\u0173, SLES, naftos produkt\u0173, paraben\u0173 ir silikon\u0173.<\/p>\n","protected":false},"excerpt":{"rendered":"<p>D\u0117l unikalios formul\u0117s \u0161is \u0161amp\u016bnas \u0161velniai valo ir maitina plaukus bei galvos od\u0105. MSM, \u017einomas kaip \u201egro\u017eio mineralas\u201c, skatina l\u0105steli\u0173 atsinaujinim\u0105, stimuliuoja plauk\u0173 augim\u0105, stiprina plaukus ir atkuria j\u0173 strukt\u016br\u0105. Alavij\u0173 ekstraktas pagerina dr\u0117kinim\u0105 ir turi raminam\u0105j\u012f poveik\u012f. \u0160is produktas, praturtintas nat\u016braliais ingredientais, rekomenduojama jautri\u0105 od\u0105 turintiems \u017emon\u0117ms. Be kvapikli\u0173, SLES, naftos produkt\u0173, paraben\u0173 ir [&#8230;]\n","protected":false},"featured_media":97286,"template":"","meta":[],"product_cat":[1251],"product_tag":[],"class_list":{"0":"post-97284","1":"product","2":"type-product","3":"status-publish","4":"has-post-thumbnail","6":"product_brand-florin_hu-lt","7":"product_cat-sampunai","9":"first","10":"instock","11":"taxable","12":"shipping-taxable","13":"product-type-simple"},"_links":{"self":[{"href":"https:\/\/e.kosmolat.eu\/lt\/wp-json\/wp\/v2\/product\/97284","targetHints":{"allow":["GET"]}}],"collection":[{"href":"https:\/\/e.kosmolat.eu\/lt\/wp-json\/wp\/v2\/product"}],"about":[{"href":"https:\/\/e.kosmolat.eu\/lt\/wp-json\/wp\/v2\/types\/product"}],"wp:featuredmedia":[{"embeddable":true,"href":"https:\/\/e.kosmolat.eu\/lt\/wp-json\/wp\/v2\/media\/97286"}],"wp:attachment":[{"href":"https:\/\/e.kosmolat.eu\/lt\/wp-json\/wp\/v2\/media?parent=97284"}],"wp:term":[{"taxonomy":"product_cat","embeddable":true,"href":"https:\/\/e.kosmolat.eu\/lt\/wp-json\/wp\/v2\/product_cat?post=97284"},{"taxonomy":"product_tag","embeddable":true,"href":"https:\/\/e.kosmolat.eu\/lt\/wp-json\/wp\/v2\/product_tag?post=97284"}],"curies":[{"name":"wp","href":"https:\/\/api.w.org\/{rel}","templated":true}]}}